{"id":4983,"date":"2023-07-12T14:18:40","date_gmt":"2023-07-12T12:18:40","guid":{"rendered":"https:\/\/bbl-elektronik.de\/?post_type=product&#038;p=4983"},"modified":"2023-07-12T16:47:25","modified_gmt":"2023-07-12T14:47:25","slug":"hbr-gleichstrombremse","status":"publish","type":"product","link":"https:\/\/bbl-elektronik.de\/en\/product\/hbr-gleichstrombremse\/","title":{"rendered":"HBR Gleichstrombremse"},"content":{"rendered":"<div id=\"c671\">\n<div class=\"text\">\n<p>Die HBR Gleichstrombremse mindert den Verschlei\u00df Ihrer Maschine durch das<br \/>\ngeregelte, verschlei\u00dffreie Abbremsen des Motors. Die Sicherheit der Maschine wird deutlich erh\u00f6ht, indem das Ger\u00e4te das Nachlaufen des Motors verhindert und eine Schnellabschaltung erm\u00f6glicht.<br \/>\nTaktzeiten in Ihrem Arbeitsprozess k\u00f6nnen verk\u00fcrzt werden. Einfache Montage, auch in bestehende Maschinen. Verwendbar f\u00fcr alle Dreh- und Wechselstrommotoren. Bremsstrom und Bremszeit \u00fcber Potentiometer stufenlos einstellbar.<\/p>\n<p>Die HBR Gleichstrombremse ist verschlei\u00df- und wartungsfrei.<\/p>\n<\/div>\n<pre><strong><a href=\"https:\/\/bbl-elektronik.de\/en\/fileadmin\/user_upload\/HBR_Geichstrombremse.pdf\/\">Datenblatt HBR hier anklicken<\/a><\/strong><\/pre>\n<\/div>\n<div id=\"c672\">\n<h1>Technische Daten<\/h1>\n<table class=\"table\">\n<tbody>\n<tr>\n<td>Bremsstrom<\/td>\n<td>20 A<\/td>\n<\/tr>\n<tr>\n<td>Leitungsschutzsicherung bei 10 % ED<\/td>\n<td>10 A<\/td>\n<\/tr>\n<tr>\n<td>Gewicht<\/td>\n<td>0,4 kg<\/td>\n<\/tr>\n<tr>\n<td>Abmessungen B x H x T<\/td>\n<td>100 x 75 x 134 mm<\/td>\n<\/tr>\n<tr>\n<td>Nennspannung<\/td>\n<td>230-500 V AC<\/td>\n<\/tr>\n<tr>\n<td>Befestigung<\/td>\n<td>Schnappbefestigung<\/td>\n<\/tr>\n<tr>\n<td>Schutzart<\/td>\n<td>Geh\u00e4use IP40, Klemmen IP20<\/td>\n<\/tr>\n<tr>\n<td>Einstellung des eff. Bremsstromes<\/td>\n<td>0 &#8211; 100 % Grob- und Feineinstellung<\/td>\n<\/tr>\n<tr>\n<td>Bremszeit<\/td>\n<td>2 s &#8211; 30 s (andere Zeiten auf Anfrage)<\/td>\n<\/tr>\n<tr>\n<td>Belastbarkeit der Schaltkontakte 8-9 und 1-2<\/td>\n<td>16 A \/ 250 V AC<\/td>\n<\/tr>\n<tr>\n<td>Leistungsaufnahme<\/td>\n<td>1,6 V A<\/td>\n<\/tr>\n<tr>\n<td>Einschaltdauer<\/td>\n<td>10 % ED<\/td>\n<\/tr>\n<tr>\n<td>Umgebungstemperatur<\/td>\n<td>-10\u00b0 C bis +40\u00b0 C nicht betauend<\/td>\n<\/tr>\n<tr>\n<td>Aktivierung der Bremse<\/td>\n<td>wahlweise durch Schlie\u00dfer oder 24 V AC-Einspeisung<\/td>\n<\/tr>\n<tr>\n<td>Option<\/td>\n<td>Betrieb mit Verteiler f\u00fcr mehrere Motoren<\/td>\n<\/tr>\n<\/tbody>\n<\/table>\n<p>&nbsp;<\/p>\n<h1 class=\"csc-firstHeader\">Preise und Informationen Anfordern<\/h1>\n\n<div class=\"wpcf7 no-js\" id=\"wpcf7-f1578-o1\" lang=\"de-DE\" dir=\"ltr\" data-wpcf7-id=\"1578\">\n<div class=\"screen-reader-response\"><p role=\"status\" aria-live=\"polite\" aria-atomic=\"true\"><\/p> <ul><\/ul><\/div>\n<form action=\"\/en\/wp-json\/wp\/v2\/product\/4983#wpcf7-f1578-o1\" method=\"post\" class=\"wpcf7-form init\" aria-label=\"Kontaktformular\" novalidate=\"novalidate\" data-status=\"init\" data-trp-original-action=\"\/en\/wp-json\/wp\/v2\/product\/4983#wpcf7-f1578-o1\">\n<fieldset class=\"hidden-fields-container\"><input type=\"hidden\" name=\"_wpcf7\" value=\"1578\" \/><input type=\"hidden\" name=\"_wpcf7_version\" value=\"6.1.5\" \/><input type=\"hidden\" name=\"_wpcf7_locale\" value=\"de_DE\" \/><input type=\"hidden\" name=\"_wpcf7_unit_tag\" value=\"wpcf7-f1578-o1\" \/><input type=\"hidden\" name=\"_wpcf7_container_post\" value=\"0\" \/><input type=\"hidden\" name=\"_wpcf7_posted_data_hash\" value=\"\" \/><input type=\"hidden\" name=\"_wpcf7_recaptcha_response\" value=\"\" \/>\n<\/fieldset>\n<p><label> Dein Name<br \/>\n<span class=\"wpcf7-form-control-wrap\" data-name=\"your-name\"><input size=\"40\" maxlength=\"400\" class=\"wpcf7-form-control wpcf7-text wpcf7-validates-as-required\" aria-required=\"true\" aria-invalid=\"false\" value=\"\" type=\"text\" name=\"your-name\" \/><\/span> <\/label>\n<\/p>\n<p><label> Deine E-Mail-Adresse<br \/>\n<span class=\"wpcf7-form-control-wrap\" data-name=\"your-email\"><input size=\"40\" maxlength=\"400\" class=\"wpcf7-form-control wpcf7-email wpcf7-validates-as-required wpcf7-text wpcf7-validates-as-email\" aria-required=\"true\" aria-invalid=\"false\" value=\"\" type=\"email\" name=\"your-email\" \/><\/span> <\/label>\n<\/p>\n<p><label> Produkt<br \/>\n<span class=\"wpcf7-form-control-wrap\" data-name=\"your-subject\"><input size=\"40\" maxlength=\"400\" class=\"wpcf7-form-control wpcf7-text wpcf7-validates-as-required\" aria-required=\"true\" aria-invalid=\"false\" value=\"\" type=\"text\" name=\"your-subject\" \/><\/span> <\/label>\n<\/p>\n<p><label> Deine Nachricht<br \/>\n<span class=\"wpcf7-form-control-wrap\" data-name=\"your-message\"><textarea cols=\"40\" rows=\"10\" maxlength=\"2000\" class=\"wpcf7-form-control wpcf7-textarea wpcf7-validates-as-required\" aria-required=\"true\" aria-invalid=\"false\" name=\"your-message\"><\/textarea><\/span> <\/label>\n<\/p>\n<p><span class=\"wpcf7-form-control-wrap\" data-name=\"acceptance-204\"><span class=\"wpcf7-form-control wpcf7-acceptance\"><span class=\"wpcf7-list-item\"><label><input type=\"checkbox\" name=\"acceptance-204\" value=\"1\" aria-invalid=\"false\" \/><span class=\"wpcf7-list-item-label\">Datenschutz Aktzeptieren<\/span><\/label><\/span><\/span><\/span>\n<\/p>\n<p><input class=\"wpcf7-form-control wpcf7-submit has-spinner\" type=\"submit\" value=\"Senden\" \/>\n<\/p><div class=\"wpcf7-response-output\" aria-hidden=\"true\"><\/div>\n<input type=\"hidden\" name=\"trp-form-language\" value=\"en\"\/><\/form>\n<\/div>\n\n<\/div>","protected":false},"excerpt":{"rendered":"<p>Die HBR Gleichstrombremse mindert den Verschlei\u00df Ihrer Maschine durch das geregelte, verschlei\u00dffreie Abbremsen des Motors. Die Sicherheit der Maschine wird deutlich erh\u00f6ht, indem das Ger\u00e4te das Nachlaufen des Motors verhindert und eine Schnellabschaltung erm\u00f6glicht. Taktzeiten in Ihrem Arbeitsprozess k\u00f6nnen verk\u00fcrzt werden. Einfache Montage, auch in bestehende Maschinen. Verwendbar f\u00fcr alle Dreh- und Wechselstrommotoren. Bremsstrom und [&hellip;]<\/p>\n","protected":false},"featured_media":72,"template":"","meta":[],"product_brand":[],"product_cat":[37],"product_tag":[],"class_list":{"0":"post-4983","1":"product","2":"type-product","3":"status-publish","4":"has-post-thumbnail","6":"product_cat-bremsgeraete","8":"first","9":"instock","10":"taxable","11":"shipping-taxable","12":"product-type-simple"},"yoast_head":"<!-- This site is optimized with the Yoast SEO plugin v27.5 - https:\/\/yoast.com\/product\/yoast-seo-wordpress\/ -->\n<title>HBR Gleichstrombremse - BBL Elektronik &amp; Aeromet GmbH<\/title>\n<meta name=\"robots\" content=\"index, follow, max-snippet:-1, max-image-preview:large, max-video-preview:-1\" \/>\n<link rel=\"canonical\" href=\"https:\/\/bbl-elektronik.de\/en\/product\/hbr-gleichstrombremse\/\" \/>\n<meta property=\"og:locale\" content=\"en_US\" \/>\n<meta property=\"og:type\" content=\"article\" \/>\n<meta property=\"og:title\" content=\"HBR Gleichstrombremse - BBL Elektronik &amp; Aeromet GmbH\" \/>\n<meta property=\"og:description\" content=\"Die HBR Gleichstrombremse mindert den Verschlei\u00df Ihrer Maschine durch das geregelte, verschlei\u00dffreie Abbremsen des Motors. Die Sicherheit der Maschine wird deutlich erh\u00f6ht, indem das Ger\u00e4te das Nachlaufen des Motors verhindert und eine Schnellabschaltung erm\u00f6glicht. Taktzeiten in Ihrem Arbeitsprozess k\u00f6nnen verk\u00fcrzt werden. Einfache Montage, auch in bestehende Maschinen. Verwendbar f\u00fcr alle Dreh- und Wechselstrommotoren. Bremsstrom und [&hellip;]\" \/>\n<meta property=\"og:url\" content=\"https:\/\/bbl-elektronik.de\/en\/product\/hbr-gleichstrombremse\/\" \/>\n<meta property=\"og:site_name\" content=\"BBL Elektronik &amp; Aeromet GmbH\" \/>\n<meta property=\"article:publisher\" content=\"https:\/\/www.facebook.com\/bblAeromet\" \/>\n<meta property=\"article:modified_time\" content=\"2023-07-12T14:47:25+00:00\" \/>\n<meta property=\"og:image\" content=\"https:\/\/bbl-elektronik.de\/wp-content\/uploads\/2022\/04\/HBR1524_HPFormat.jpg\" \/>\n\t<meta property=\"og:image:width\" content=\"861\" \/>\n\t<meta property=\"og:image:height\" content=\"872\" \/>\n\t<meta property=\"og:image:type\" content=\"image\/jpeg\" \/>\n<meta name=\"twitter:card\" content=\"summary_large_image\" \/>\n<meta name=\"twitter:label1\" content=\"Est. reading time\" \/>\n\t<meta name=\"twitter:data1\" content=\"1 minute\" \/>\n<script type=\"application\/ld+json\" class=\"yoast-schema-graph\">{\"@context\":\"https:\\\/\\\/schema.org\",\"@graph\":[{\"@type\":\"WebPage\",\"@id\":\"https:\\\/\\\/bbl-elektronik.de\\\/produkt\\\/hbr-gleichstrombremse\\\/\",\"url\":\"https:\\\/\\\/bbl-elektronik.de\\\/produkt\\\/hbr-gleichstrombremse\\\/\",\"name\":\"HBR Gleichstrombremse - BBL Elektronik &amp; Aeromet GmbH\",\"isPartOf\":{\"@id\":\"https:\\\/\\\/bbl-elektronik.de\\\/#website\"},\"primaryImageOfPage\":{\"@id\":\"https:\\\/\\\/bbl-elektronik.de\\\/produkt\\\/hbr-gleichstrombremse\\\/#primaryimage\"},\"image\":{\"@id\":\"https:\\\/\\\/bbl-elektronik.de\\\/produkt\\\/hbr-gleichstrombremse\\\/#primaryimage\"},\"thumbnailUrl\":\"https:\\\/\\\/bbl-elektronik.de\\\/wp-content\\\/uploads\\\/2022\\\/04\\\/HBR1524_HPFormat.jpg\",\"datePublished\":\"2023-07-12T12:18:40+00:00\",\"dateModified\":\"2023-07-12T14:47:25+00:00\",\"breadcrumb\":{\"@id\":\"https:\\\/\\\/bbl-elektronik.de\\\/produkt\\\/hbr-gleichstrombremse\\\/#breadcrumb\"},\"inLanguage\":\"en-US\",\"potentialAction\":[{\"@type\":\"ReadAction\",\"target\":[\"https:\\\/\\\/bbl-elektronik.de\\\/produkt\\\/hbr-gleichstrombremse\\\/\"]}]},{\"@type\":\"ImageObject\",\"inLanguage\":\"en-US\",\"@id\":\"https:\\\/\\\/bbl-elektronik.de\\\/produkt\\\/hbr-gleichstrombremse\\\/#primaryimage\",\"url\":\"https:\\\/\\\/bbl-elektronik.de\\\/wp-content\\\/uploads\\\/2022\\\/04\\\/HBR1524_HPFormat.jpg\",\"contentUrl\":\"https:\\\/\\\/bbl-elektronik.de\\\/wp-content\\\/uploads\\\/2022\\\/04\\\/HBR1524_HPFormat.jpg\",\"width\":861,\"height\":872,\"caption\":\"Produktfoto der HBR Gleichstrombremse.\"},{\"@type\":\"BreadcrumbList\",\"@id\":\"https:\\\/\\\/bbl-elektronik.de\\\/produkt\\\/hbr-gleichstrombremse\\\/#breadcrumb\",\"itemListElement\":[{\"@type\":\"ListItem\",\"position\":1,\"name\":\"Startseite\",\"item\":\"https:\\\/\\\/bbl-elektronik.de\\\/\"},{\"@type\":\"ListItem\",\"position\":2,\"name\":\"Shop\",\"item\":\"https:\\\/\\\/bbl-elektronik.de\\\/shop\\\/\"},{\"@type\":\"ListItem\",\"position\":3,\"name\":\"HBR Gleichstrombremse\"}]},{\"@type\":\"WebSite\",\"@id\":\"https:\\\/\\\/bbl-elektronik.de\\\/#website\",\"url\":\"https:\\\/\\\/bbl-elektronik.de\\\/\",\"name\":\"BBL Elektronik &amp; Aeromet GmbH\",\"description\":\"\",\"publisher\":{\"@id\":\"https:\\\/\\\/bbl-elektronik.de\\\/#organization\"},\"potentialAction\":[{\"@type\":\"SearchAction\",\"target\":{\"@type\":\"EntryPoint\",\"urlTemplate\":\"https:\\\/\\\/bbl-elektronik.de\\\/?s={search_term_string}\"},\"query-input\":{\"@type\":\"PropertyValueSpecification\",\"valueRequired\":true,\"valueName\":\"search_term_string\"}}],\"inLanguage\":\"en-US\"},{\"@type\":\"Organization\",\"@id\":\"https:\\\/\\\/bbl-elektronik.de\\\/#organization\",\"name\":\"BBL Elektronik & Aeromet GmbH\",\"url\":\"https:\\\/\\\/bbl-elektronik.de\\\/\",\"logo\":{\"@type\":\"ImageObject\",\"inLanguage\":\"en-US\",\"@id\":\"https:\\\/\\\/bbl-elektronik.de\\\/#\\\/schema\\\/logo\\\/image\\\/\",\"url\":\"https:\\\/\\\/bbl-elektronik.de\\\/wp-content\\\/uploads\\\/2022\\\/05\\\/bbl_logo.png\",\"contentUrl\":\"https:\\\/\\\/bbl-elektronik.de\\\/wp-content\\\/uploads\\\/2022\\\/05\\\/bbl_logo.png\",\"width\":900,\"height\":299,\"caption\":\"BBL Elektronik & Aeromet GmbH\"},\"image\":{\"@id\":\"https:\\\/\\\/bbl-elektronik.de\\\/#\\\/schema\\\/logo\\\/image\\\/\"},\"sameAs\":[\"https:\\\/\\\/www.facebook.com\\\/bblAeromet\"]}]}<\/script>\n<!-- \/ Yoast SEO plugin. -->","yoast_head_json":{"title":"HBR Gleichstrombremse - BBL Elektronik &amp; Aeromet GmbH","robots":{"index":"index","follow":"follow","max-snippet":"max-snippet:-1","max-image-preview":"max-image-preview:large","max-video-preview":"max-video-preview:-1"},"canonical":"https:\/\/bbl-elektronik.de\/en\/product\/hbr-gleichstrombremse\/","og_locale":"en_US","og_type":"article","og_title":"HBR Gleichstrombremse - BBL Elektronik &amp; Aeromet GmbH","og_description":"Die HBR Gleichstrombremse mindert den Verschlei\u00df Ihrer Maschine durch das geregelte, verschlei\u00dffreie Abbremsen des Motors. Die Sicherheit der Maschine wird deutlich erh\u00f6ht, indem das Ger\u00e4te das Nachlaufen des Motors verhindert und eine Schnellabschaltung erm\u00f6glicht. Taktzeiten in Ihrem Arbeitsprozess k\u00f6nnen verk\u00fcrzt werden. Einfache Montage, auch in bestehende Maschinen. Verwendbar f\u00fcr alle Dreh- und Wechselstrommotoren. Bremsstrom und [&hellip;]","og_url":"https:\/\/bbl-elektronik.de\/en\/product\/hbr-gleichstrombremse\/","og_site_name":"BBL Elektronik &amp; Aeromet GmbH","article_publisher":"https:\/\/www.facebook.com\/bblAeromet","article_modified_time":"2023-07-12T14:47:25+00:00","og_image":[{"width":861,"height":872,"url":"https:\/\/bbl-elektronik.de\/wp-content\/uploads\/2022\/04\/HBR1524_HPFormat.jpg","type":"image\/jpeg"}],"twitter_card":"summary_large_image","twitter_misc":{"Est. reading time":"1 minute"},"schema":{"@context":"https:\/\/schema.org","@graph":[{"@type":"WebPage","@id":"https:\/\/bbl-elektronik.de\/produkt\/hbr-gleichstrombremse\/","url":"https:\/\/bbl-elektronik.de\/produkt\/hbr-gleichstrombremse\/","name":"HBR Gleichstrombremse - BBL Elektronik &amp; Aeromet GmbH","isPartOf":{"@id":"https:\/\/bbl-elektronik.de\/#website"},"primaryImageOfPage":{"@id":"https:\/\/bbl-elektronik.de\/produkt\/hbr-gleichstrombremse\/#primaryimage"},"image":{"@id":"https:\/\/bbl-elektronik.de\/produkt\/hbr-gleichstrombremse\/#primaryimage"},"thumbnailUrl":"https:\/\/bbl-elektronik.de\/wp-content\/uploads\/2022\/04\/HBR1524_HPFormat.jpg","datePublished":"2023-07-12T12:18:40+00:00","dateModified":"2023-07-12T14:47:25+00:00","breadcrumb":{"@id":"https:\/\/bbl-elektronik.de\/produkt\/hbr-gleichstrombremse\/#breadcrumb"},"inLanguage":"en-US","potentialAction":[{"@type":"ReadAction","target":["https:\/\/bbl-elektronik.de\/produkt\/hbr-gleichstrombremse\/"]}]},{"@type":"ImageObject","inLanguage":"en-US","@id":"https:\/\/bbl-elektronik.de\/produkt\/hbr-gleichstrombremse\/#primaryimage","url":"https:\/\/bbl-elektronik.de\/wp-content\/uploads\/2022\/04\/HBR1524_HPFormat.jpg","contentUrl":"https:\/\/bbl-elektronik.de\/wp-content\/uploads\/2022\/04\/HBR1524_HPFormat.jpg","width":861,"height":872,"caption":"Produktfoto der HBR Gleichstrombremse."},{"@type":"BreadcrumbList","@id":"https:\/\/bbl-elektronik.de\/produkt\/hbr-gleichstrombremse\/#breadcrumb","itemListElement":[{"@type":"ListItem","position":1,"name":"Startseite","item":"https:\/\/bbl-elektronik.de\/"},{"@type":"ListItem","position":2,"name":"Shop","item":"https:\/\/bbl-elektronik.de\/shop\/"},{"@type":"ListItem","position":3,"name":"HBR Gleichstrombremse"}]},{"@type":"WebSite","@id":"https:\/\/bbl-elektronik.de\/#website","url":"https:\/\/bbl-elektronik.de\/","name":"BBL Elektronik &amp; Aeromet GmbH","description":"","publisher":{"@id":"https:\/\/bbl-elektronik.de\/#organization"},"potentialAction":[{"@type":"SearchAction","target":{"@type":"EntryPoint","urlTemplate":"https:\/\/bbl-elektronik.de\/?s={search_term_string}"},"query-input":{"@type":"PropertyValueSpecification","valueRequired":true,"valueName":"search_term_string"}}],"inLanguage":"en-US"},{"@type":"Organization","@id":"https:\/\/bbl-elektronik.de\/#organization","name":"BBL Elektronik & Aeromet GmbH","url":"https:\/\/bbl-elektronik.de\/","logo":{"@type":"ImageObject","inLanguage":"en-US","@id":"https:\/\/bbl-elektronik.de\/#\/schema\/logo\/image\/","url":"https:\/\/bbl-elektronik.de\/wp-content\/uploads\/2022\/05\/bbl_logo.png","contentUrl":"https:\/\/bbl-elektronik.de\/wp-content\/uploads\/2022\/05\/bbl_logo.png","width":900,"height":299,"caption":"BBL Elektronik & Aeromet GmbH"},"image":{"@id":"https:\/\/bbl-elektronik.de\/#\/schema\/logo\/image\/"},"sameAs":["https:\/\/www.facebook.com\/bblAeromet"]}]}},"_links":{"self":[{"href":"https:\/\/bbl-elektronik.de\/en\/wp-json\/wp\/v2\/product\/4983","targetHints":{"allow":["GET"]}}],"collection":[{"href":"https:\/\/bbl-elektronik.de\/en\/wp-json\/wp\/v2\/product"}],"about":[{"href":"https:\/\/bbl-elektronik.de\/en\/wp-json\/wp\/v2\/types\/product"}],"wp:featuredmedia":[{"embeddable":true,"href":"https:\/\/bbl-elektronik.de\/en\/wp-json\/wp\/v2\/media\/72"}],"wp:attachment":[{"href":"https:\/\/bbl-elektronik.de\/en\/wp-json\/wp\/v2\/media?parent=4983"}],"wp:term":[{"taxonomy":"product_brand","embeddable":true,"href":"https:\/\/bbl-elektronik.de\/en\/wp-json\/wp\/v2\/product_brand?post=4983"},{"taxonomy":"product_cat","embeddable":true,"href":"https:\/\/bbl-elektronik.de\/en\/wp-json\/wp\/v2\/product_cat?post=4983"},{"taxonomy":"product_tag","embeddable":true,"href":"https:\/\/bbl-elektronik.de\/en\/wp-json\/wp\/v2\/product_tag?post=4983"}],"curies":[{"name":"wp","href":"https:\/\/api.w.org\/{rel}","templated":true}]}}