{"id":49,"date":"2022-04-27T11:52:38","date_gmt":"2022-04-27T09:52:38","guid":{"rendered":"http:\/\/bblshop.exabotics.de\/?post_type=product&#038;p=49"},"modified":"2023-07-17T11:08:42","modified_gmt":"2023-07-17T09:08:42","slug":"hsg-3-phasig-gesteuert","status":"publish","type":"product","link":"https:\/\/bbl-elektronik.de\/en\/product\/hsg-3-phasig-gesteuert\/","title":{"rendered":"HSG 3-phasig gesteuert"},"content":{"rendered":"<div id=\"c631\">\n<p>Bei diesen Ger\u00e4ten wird jeweils eine Halbwelle der drei Phasen gesteuert, wobei hier eine Halbwelle aller drei Phasen\u00a0gesteuert wird. Anlaufzeit und Anfangsspannung k\u00f6nnen frei gew\u00e4hlt werden. Zus\u00e4tzlich zur ebenfalls separaten\u00a0Auslaufzeiteinstellung kann der Beginn der Auslauframpe an einem beliebigen Punkt zwischen Nennspannung und Null\u00a0Spannungsabsenkung vorgew\u00e4hlt werden. Die Steuerung \u00fcber einen Schlie\u00dferkontakt oder SPS ist ebenfalls Standard.\u00a0Beim 3ph-Ger\u00e4t sind entsprechend drei interne \u00dcberbr\u00fcckungsrelais eingebaut. Die Anschlu\u00dfm\u00f6glichkeit f\u00fcr ein externes\u00a0Sch\u00fctz ist ebenfalls vorhanden.<\/p>\n<p>Diesem Prinzip entspricht das HSG (Halbgesteuerter Sanftanlauf\u00a0im Geh\u00e4use). Die HSG erzeugen ein erstklassiges Anlaufverhalten\u00a0bei absolut symmetrischer Stromverteilung in den 3 Phasen, wobei\u00a0der Einschaltstrom im Vergleich zu allen anderen Ger\u00e4ten auf den\u00a0geringstm\u00f6glichen Wert reduziert wird.<\/p>\n<p>Keine Phase liegt st\u00e4ndig am Motor. Sie eignen sich f\u00fcr schwere\u00a0Anlaufverh\u00e4ltnisse und hohe Schalth\u00e4ufigkeit. Das Schalten \u00fcber die\u00a0Betriebsspannung ist m\u00f6glich. Die HSG sind in ihren Abmessungen\u00a0gr\u00f6\u00dfer als die vorgenannten Ger\u00e4te.\u00a0Durch die w\u00e4hlbare Spannungsabsenkung sind Tippbetrieb und Anlaufunterbrechung nur bei abgeschaltetem Auslauf m\u00f6glich.\u00a0Ist der Auslauf nicht abgeschaltet, erfolgt ein Spannungssprung auf die\u00a0eingestellte Auslaufspannung.<\/p>\n<pre><strong><a href=\"https:\/\/bbl-elektronik.de\/en\/fileadmin\/user_upload\/HSG_Softstarter.pdf\/\">Datenblatt HSG 3-phasig<\/a><\/strong><\/pre>\n<\/div>\n<div id=\"c638\">\n<h1>Leistungsmerkmale<\/h1>\n<div class=\"table-responsive\">\n<table class=\"table\" border=\"0\" cellspacing=\"0\" cellpadding=\"0\">\n<tbody>\n<tr>\n<td>Leistung P\/kW<\/td>\n<td><strong>1<\/strong><strong>,5 kW &#8211; 5,5 kW<\/strong><\/td>\n<td><strong>5,5 kW &#8211; 11 kW<\/strong><\/td>\n<\/tr>\n<tr>\n<td>\u00dcberbr\u00fcckungssch\u00fctz<\/td>\n<td>intern<\/td>\n<td>extern<\/td>\n<\/tr>\n<tr>\n<td>Netzspannungsbereich<\/td>\n<td>230 V &#8211; 400 V<\/td>\n<td>230 V &#8211; 690 V<\/td>\n<\/tr>\n<tr>\n<td>&nbsp;<\/p>\n<p>Steuerung<\/td>\n<td>mittels Betriebsspannung<\/p>\n<p>mittels Schlie\u00dferkontakt<\/p>\n<p>mittels SPS<\/p>\n<p>Einstellm\u00f6glichkeiten<\/td>\n<\/tr>\n<tr>\n<td>Anfangsspannung<\/td>\n<td>0 % &#8211; 100 %<\/td>\n<\/tr>\n<tr>\n<td>Anlaufzeit<\/td>\n<td>0 s &#8211; 10 s<\/td>\n<\/tr>\n<tr>\n<td>Spannungssenkung<\/td>\n<td>0 % &#8211; 100 %<\/td>\n<\/tr>\n<tr>\n<td>Auslaufzeit<\/td>\n<td>0 s &#8211; 10 s<\/td>\n<\/tr>\n<\/tbody>\n<\/table>\n<\/div>\n<\/div>\n<h1><\/h1>\n<h1>Technische Daten<\/h1>\n<div class=\"table-responsive\">\n<table class=\"table\" border=\"0\" cellspacing=\"0\" cellpadding=\"0\">\n<tbody>\n<tr>\n<td>Abmessungen (B x H x T) in mm<\/td>\n<td>150 x 75 x 134<\/td>\n<\/tr>\n<tr>\n<td>Netzfrequenz \/Hz<\/td>\n<td>50 \/ 60<\/td>\n<\/tr>\n<tr>\n<td>Leistungsaufnahme der Elektronik<\/td>\n<td>2,8 VA<\/td>\n<\/tr>\n<tr>\n<td>Betriebstemperatur<\/td>\n<td>-15\u00b0C &#8211; +40\u00b0C<\/td>\n<\/tr>\n<tr>\n<td>Lagerungstemperatur<\/td>\n<td>-25\u00b0C &#8211; +70\u00b0C<\/td>\n<\/tr>\n<tr>\n<td>Relative Luftfeuchtigkeit<\/td>\n<td>0 % &#8211; 90 %, nicht kondensierend<\/td>\n<\/tr>\n<tr>\n<td>Isolationsklasse<\/td>\n<td>Geh\u00e4use IP 40, Klemmen IP 20<\/td>\n<\/tr>\n<tr>\n<td>Gew\u00e4hrleistung dieser Klassen nur bei Schaltschrankeinbau<\/td>\n<\/tr>\n<tr>\n<td>Anschlu\u00dfquerschnitt<\/td>\n<td>2,5 mm2 (flexibel), 4 mm2 (starr)<\/td>\n<\/tr>\n<tr>\n<td>Befestigung<\/td>\n<td>Normschiene 35 mm<\/td>\n<\/tr>\n<\/tbody>\n<\/table>\n<p>&nbsp;<\/p>\n<h1 class=\"csc-firstHeader\">Preise und Informationen Anfordern<\/h1>\n\n<div class=\"wpcf7 no-js\" id=\"wpcf7-f1578-o1\" lang=\"de-DE\" dir=\"ltr\" data-wpcf7-id=\"1578\">\n<div class=\"screen-reader-response\"><p role=\"status\" aria-live=\"polite\" aria-atomic=\"true\"><\/p> <ul><\/ul><\/div>\n<form action=\"\/en\/wp-json\/wp\/v2\/product\/49#wpcf7-f1578-o1\" method=\"post\" class=\"wpcf7-form init\" aria-label=\"Kontaktformular\" novalidate=\"novalidate\" data-status=\"init\" data-trp-original-action=\"\/en\/wp-json\/wp\/v2\/product\/49#wpcf7-f1578-o1\">\n<fieldset class=\"hidden-fields-container\"><input type=\"hidden\" name=\"_wpcf7\" value=\"1578\" \/><input type=\"hidden\" name=\"_wpcf7_version\" value=\"6.1.5\" \/><input type=\"hidden\" name=\"_wpcf7_locale\" value=\"de_DE\" \/><input type=\"hidden\" name=\"_wpcf7_unit_tag\" value=\"wpcf7-f1578-o1\" \/><input type=\"hidden\" name=\"_wpcf7_container_post\" value=\"0\" \/><input type=\"hidden\" name=\"_wpcf7_posted_data_hash\" value=\"\" \/><input type=\"hidden\" name=\"_wpcf7_recaptcha_response\" value=\"\" \/>\n<\/fieldset>\n<p><label> Dein Name<br \/>\n<span class=\"wpcf7-form-control-wrap\" data-name=\"your-name\"><input size=\"40\" maxlength=\"400\" class=\"wpcf7-form-control wpcf7-text wpcf7-validates-as-required\" aria-required=\"true\" aria-invalid=\"false\" value=\"\" type=\"text\" name=\"your-name\" \/><\/span> <\/label>\n<\/p>\n<p><label> Deine E-Mail-Adresse<br \/>\n<span class=\"wpcf7-form-control-wrap\" data-name=\"your-email\"><input size=\"40\" maxlength=\"400\" class=\"wpcf7-form-control wpcf7-email wpcf7-validates-as-required wpcf7-text wpcf7-validates-as-email\" aria-required=\"true\" aria-invalid=\"false\" value=\"\" type=\"email\" name=\"your-email\" \/><\/span> <\/label>\n<\/p>\n<p><label> Produkt<br \/>\n<span class=\"wpcf7-form-control-wrap\" data-name=\"your-subject\"><input size=\"40\" maxlength=\"400\" class=\"wpcf7-form-control wpcf7-text wpcf7-validates-as-required\" aria-required=\"true\" aria-invalid=\"false\" value=\"\" type=\"text\" name=\"your-subject\" \/><\/span> <\/label>\n<\/p>\n<p><label> Deine Nachricht<br \/>\n<span class=\"wpcf7-form-control-wrap\" data-name=\"your-message\"><textarea cols=\"40\" rows=\"10\" maxlength=\"2000\" class=\"wpcf7-form-control wpcf7-textarea wpcf7-validates-as-required\" aria-required=\"true\" aria-invalid=\"false\" name=\"your-message\"><\/textarea><\/span> <\/label>\n<\/p>\n<p><span class=\"wpcf7-form-control-wrap\" data-name=\"acceptance-204\"><span class=\"wpcf7-form-control wpcf7-acceptance\"><span class=\"wpcf7-list-item\"><label><input type=\"checkbox\" name=\"acceptance-204\" value=\"1\" aria-invalid=\"false\" \/><span class=\"wpcf7-list-item-label\">Datenschutz Aktzeptieren<\/span><\/label><\/span><\/span><\/span>\n<\/p>\n<p><input class=\"wpcf7-form-control wpcf7-submit has-spinner\" type=\"submit\" value=\"Senden\" \/>\n<\/p><div class=\"wpcf7-response-output\" aria-hidden=\"true\"><\/div>\n<input type=\"hidden\" name=\"trp-form-language\" value=\"en\"\/><\/form>\n<\/div>\n\n<\/div>","protected":false},"excerpt":{"rendered":"<p>Bei diesen Ger\u00e4ten wird jeweils eine Halbwelle der drei Phasen gesteuert, wobei hier eine Halbwelle aller drei Phasen\u00a0gesteuert wird. Anlaufzeit und Anfangsspannung k\u00f6nnen frei gew\u00e4hlt werden. Zus\u00e4tzlich zur ebenfalls separaten\u00a0Auslaufzeiteinstellung kann der Beginn der Auslauframpe an einem beliebigen Punkt zwischen Nennspannung und Null\u00a0Spannungsabsenkung vorgew\u00e4hlt werden. Die Steuerung \u00fcber einen Schlie\u00dferkontakt oder SPS ist ebenfalls Standard.\u00a0Beim [&hellip;]<\/p>\n","protected":false},"featured_media":51,"template":"","meta":[],"product_brand":[],"product_cat":[20],"product_tag":[],"class_list":{"0":"post-49","1":"product","2":"type-product","3":"status-publish","4":"has-post-thumbnail","6":"product_cat-sanftanlaufgeraete","8":"first","9":"instock","10":"taxable","11":"shipping-taxable","12":"product-type-simple"},"yoast_head":"<!-- This site is optimized with the Yoast SEO plugin v27.5 - https:\/\/yoast.com\/product\/yoast-seo-wordpress\/ -->\n<title>HSG 3-phasig gesteuert - BBL Elektronik &amp; Aeromet GmbH<\/title>\n<meta name=\"robots\" content=\"index, follow, max-snippet:-1, max-image-preview:large, max-video-preview:-1\" \/>\n<link rel=\"canonical\" href=\"https:\/\/bbl-elektronik.de\/en\/product\/hsg-3-phasig-gesteuert\/\" \/>\n<meta property=\"og:locale\" content=\"en_US\" \/>\n<meta property=\"og:type\" content=\"article\" \/>\n<meta property=\"og:title\" content=\"HSG 3-phasig gesteuert - BBL Elektronik &amp; Aeromet GmbH\" \/>\n<meta property=\"og:description\" content=\"Bei diesen Ger\u00e4ten wird jeweils eine Halbwelle der drei Phasen gesteuert, wobei hier eine Halbwelle aller drei Phasen\u00a0gesteuert wird. Anlaufzeit und Anfangsspannung k\u00f6nnen frei gew\u00e4hlt werden. Zus\u00e4tzlich zur ebenfalls separaten\u00a0Auslaufzeiteinstellung kann der Beginn der Auslauframpe an einem beliebigen Punkt zwischen Nennspannung und Null\u00a0Spannungsabsenkung vorgew\u00e4hlt werden. Die Steuerung \u00fcber einen Schlie\u00dferkontakt oder SPS ist ebenfalls Standard.\u00a0Beim [&hellip;]\" \/>\n<meta property=\"og:url\" content=\"https:\/\/bbl-elektronik.de\/en\/product\/hsg-3-phasig-gesteuert\/\" \/>\n<meta property=\"og:site_name\" content=\"BBL Elektronik &amp; Aeromet GmbH\" \/>\n<meta property=\"article:publisher\" content=\"https:\/\/www.facebook.com\/bblAeromet\" \/>\n<meta property=\"article:modified_time\" content=\"2023-07-17T09:08:42+00:00\" \/>\n<meta property=\"og:image\" content=\"https:\/\/bbl-elektronik.de\/wp-content\/uploads\/2022\/04\/HSG1522.jpg\" \/>\n\t<meta property=\"og:image:width\" content=\"800\" \/>\n\t<meta property=\"og:image:height\" content=\"653\" \/>\n\t<meta property=\"og:image:type\" content=\"image\/jpeg\" \/>\n<meta name=\"twitter:card\" content=\"summary_large_image\" \/>\n<meta name=\"twitter:label1\" content=\"Est. reading time\" \/>\n\t<meta name=\"twitter:data1\" content=\"2 minutes\" \/>\n<script type=\"application\/ld+json\" class=\"yoast-schema-graph\">{\"@context\":\"https:\\\/\\\/schema.org\",\"@graph\":[{\"@type\":\"WebPage\",\"@id\":\"https:\\\/\\\/bbl-elektronik.de\\\/produkt\\\/hsg-3-phasig-gesteuert\\\/\",\"url\":\"https:\\\/\\\/bbl-elektronik.de\\\/produkt\\\/hsg-3-phasig-gesteuert\\\/\",\"name\":\"HSG 3-phasig gesteuert - BBL Elektronik &amp; Aeromet GmbH\",\"isPartOf\":{\"@id\":\"https:\\\/\\\/bbl-elektronik.de\\\/#website\"},\"primaryImageOfPage\":{\"@id\":\"https:\\\/\\\/bbl-elektronik.de\\\/produkt\\\/hsg-3-phasig-gesteuert\\\/#primaryimage\"},\"image\":{\"@id\":\"https:\\\/\\\/bbl-elektronik.de\\\/produkt\\\/hsg-3-phasig-gesteuert\\\/#primaryimage\"},\"thumbnailUrl\":\"https:\\\/\\\/bbl-elektronik.de\\\/wp-content\\\/uploads\\\/2022\\\/04\\\/HSG1522.jpg\",\"datePublished\":\"2022-04-27T09:52:38+00:00\",\"dateModified\":\"2023-07-17T09:08:42+00:00\",\"breadcrumb\":{\"@id\":\"https:\\\/\\\/bbl-elektronik.de\\\/produkt\\\/hsg-3-phasig-gesteuert\\\/#breadcrumb\"},\"inLanguage\":\"en-US\",\"potentialAction\":[{\"@type\":\"ReadAction\",\"target\":[\"https:\\\/\\\/bbl-elektronik.de\\\/produkt\\\/hsg-3-phasig-gesteuert\\\/\"]}]},{\"@type\":\"ImageObject\",\"inLanguage\":\"en-US\",\"@id\":\"https:\\\/\\\/bbl-elektronik.de\\\/produkt\\\/hsg-3-phasig-gesteuert\\\/#primaryimage\",\"url\":\"https:\\\/\\\/bbl-elektronik.de\\\/wp-content\\\/uploads\\\/2022\\\/04\\\/HSG1522.jpg\",\"contentUrl\":\"https:\\\/\\\/bbl-elektronik.de\\\/wp-content\\\/uploads\\\/2022\\\/04\\\/HSG1522.jpg\",\"width\":800,\"height\":653,\"caption\":\"Produktfoto des HSG 3-phasig gesteuert.\"},{\"@type\":\"BreadcrumbList\",\"@id\":\"https:\\\/\\\/bbl-elektronik.de\\\/produkt\\\/hsg-3-phasig-gesteuert\\\/#breadcrumb\",\"itemListElement\":[{\"@type\":\"ListItem\",\"position\":1,\"name\":\"Startseite\",\"item\":\"https:\\\/\\\/bbl-elektronik.de\\\/\"},{\"@type\":\"ListItem\",\"position\":2,\"name\":\"Shop\",\"item\":\"https:\\\/\\\/bbl-elektronik.de\\\/shop\\\/\"},{\"@type\":\"ListItem\",\"position\":3,\"name\":\"HSG 3-phasig gesteuert\"}]},{\"@type\":\"WebSite\",\"@id\":\"https:\\\/\\\/bbl-elektronik.de\\\/#website\",\"url\":\"https:\\\/\\\/bbl-elektronik.de\\\/\",\"name\":\"BBL Elektronik &amp; Aeromet GmbH\",\"description\":\"\",\"publisher\":{\"@id\":\"https:\\\/\\\/bbl-elektronik.de\\\/#organization\"},\"potentialAction\":[{\"@type\":\"SearchAction\",\"target\":{\"@type\":\"EntryPoint\",\"urlTemplate\":\"https:\\\/\\\/bbl-elektronik.de\\\/?s={search_term_string}\"},\"query-input\":{\"@type\":\"PropertyValueSpecification\",\"valueRequired\":true,\"valueName\":\"search_term_string\"}}],\"inLanguage\":\"en-US\"},{\"@type\":\"Organization\",\"@id\":\"https:\\\/\\\/bbl-elektronik.de\\\/#organization\",\"name\":\"BBL Elektronik & Aeromet GmbH\",\"url\":\"https:\\\/\\\/bbl-elektronik.de\\\/\",\"logo\":{\"@type\":\"ImageObject\",\"inLanguage\":\"en-US\",\"@id\":\"https:\\\/\\\/bbl-elektronik.de\\\/#\\\/schema\\\/logo\\\/image\\\/\",\"url\":\"https:\\\/\\\/bbl-elektronik.de\\\/wp-content\\\/uploads\\\/2022\\\/05\\\/bbl_logo.png\",\"contentUrl\":\"https:\\\/\\\/bbl-elektronik.de\\\/wp-content\\\/uploads\\\/2022\\\/05\\\/bbl_logo.png\",\"width\":900,\"height\":299,\"caption\":\"BBL Elektronik & Aeromet GmbH\"},\"image\":{\"@id\":\"https:\\\/\\\/bbl-elektronik.de\\\/#\\\/schema\\\/logo\\\/image\\\/\"},\"sameAs\":[\"https:\\\/\\\/www.facebook.com\\\/bblAeromet\"]}]}<\/script>\n<!-- \/ Yoast SEO plugin. -->","yoast_head_json":{"title":"HSG 3-phasig gesteuert - BBL Elektronik &amp; Aeromet GmbH","robots":{"index":"index","follow":"follow","max-snippet":"max-snippet:-1","max-image-preview":"max-image-preview:large","max-video-preview":"max-video-preview:-1"},"canonical":"https:\/\/bbl-elektronik.de\/en\/product\/hsg-3-phasig-gesteuert\/","og_locale":"en_US","og_type":"article","og_title":"HSG 3-phasig gesteuert - BBL Elektronik &amp; Aeromet GmbH","og_description":"Bei diesen Ger\u00e4ten wird jeweils eine Halbwelle der drei Phasen gesteuert, wobei hier eine Halbwelle aller drei Phasen\u00a0gesteuert wird. Anlaufzeit und Anfangsspannung k\u00f6nnen frei gew\u00e4hlt werden. Zus\u00e4tzlich zur ebenfalls separaten\u00a0Auslaufzeiteinstellung kann der Beginn der Auslauframpe an einem beliebigen Punkt zwischen Nennspannung und Null\u00a0Spannungsabsenkung vorgew\u00e4hlt werden. Die Steuerung \u00fcber einen Schlie\u00dferkontakt oder SPS ist ebenfalls Standard.\u00a0Beim [&hellip;]","og_url":"https:\/\/bbl-elektronik.de\/en\/product\/hsg-3-phasig-gesteuert\/","og_site_name":"BBL Elektronik &amp; Aeromet GmbH","article_publisher":"https:\/\/www.facebook.com\/bblAeromet","article_modified_time":"2023-07-17T09:08:42+00:00","og_image":[{"width":800,"height":653,"url":"https:\/\/bbl-elektronik.de\/wp-content\/uploads\/2022\/04\/HSG1522.jpg","type":"image\/jpeg"}],"twitter_card":"summary_large_image","twitter_misc":{"Est. reading time":"2 minutes"},"schema":{"@context":"https:\/\/schema.org","@graph":[{"@type":"WebPage","@id":"https:\/\/bbl-elektronik.de\/produkt\/hsg-3-phasig-gesteuert\/","url":"https:\/\/bbl-elektronik.de\/produkt\/hsg-3-phasig-gesteuert\/","name":"HSG 3-phasig gesteuert - BBL Elektronik &amp; Aeromet GmbH","isPartOf":{"@id":"https:\/\/bbl-elektronik.de\/#website"},"primaryImageOfPage":{"@id":"https:\/\/bbl-elektronik.de\/produkt\/hsg-3-phasig-gesteuert\/#primaryimage"},"image":{"@id":"https:\/\/bbl-elektronik.de\/produkt\/hsg-3-phasig-gesteuert\/#primaryimage"},"thumbnailUrl":"https:\/\/bbl-elektronik.de\/wp-content\/uploads\/2022\/04\/HSG1522.jpg","datePublished":"2022-04-27T09:52:38+00:00","dateModified":"2023-07-17T09:08:42+00:00","breadcrumb":{"@id":"https:\/\/bbl-elektronik.de\/produkt\/hsg-3-phasig-gesteuert\/#breadcrumb"},"inLanguage":"en-US","potentialAction":[{"@type":"ReadAction","target":["https:\/\/bbl-elektronik.de\/produkt\/hsg-3-phasig-gesteuert\/"]}]},{"@type":"ImageObject","inLanguage":"en-US","@id":"https:\/\/bbl-elektronik.de\/produkt\/hsg-3-phasig-gesteuert\/#primaryimage","url":"https:\/\/bbl-elektronik.de\/wp-content\/uploads\/2022\/04\/HSG1522.jpg","contentUrl":"https:\/\/bbl-elektronik.de\/wp-content\/uploads\/2022\/04\/HSG1522.jpg","width":800,"height":653,"caption":"Produktfoto des HSG 3-phasig gesteuert."},{"@type":"BreadcrumbList","@id":"https:\/\/bbl-elektronik.de\/produkt\/hsg-3-phasig-gesteuert\/#breadcrumb","itemListElement":[{"@type":"ListItem","position":1,"name":"Startseite","item":"https:\/\/bbl-elektronik.de\/"},{"@type":"ListItem","position":2,"name":"Shop","item":"https:\/\/bbl-elektronik.de\/shop\/"},{"@type":"ListItem","position":3,"name":"HSG 3-phasig gesteuert"}]},{"@type":"WebSite","@id":"https:\/\/bbl-elektronik.de\/#website","url":"https:\/\/bbl-elektronik.de\/","name":"BBL Elektronik &amp; Aeromet GmbH","description":"","publisher":{"@id":"https:\/\/bbl-elektronik.de\/#organization"},"potentialAction":[{"@type":"SearchAction","target":{"@type":"EntryPoint","urlTemplate":"https:\/\/bbl-elektronik.de\/?s={search_term_string}"},"query-input":{"@type":"PropertyValueSpecification","valueRequired":true,"valueName":"search_term_string"}}],"inLanguage":"en-US"},{"@type":"Organization","@id":"https:\/\/bbl-elektronik.de\/#organization","name":"BBL Elektronik & Aeromet GmbH","url":"https:\/\/bbl-elektronik.de\/","logo":{"@type":"ImageObject","inLanguage":"en-US","@id":"https:\/\/bbl-elektronik.de\/#\/schema\/logo\/image\/","url":"https:\/\/bbl-elektronik.de\/wp-content\/uploads\/2022\/05\/bbl_logo.png","contentUrl":"https:\/\/bbl-elektronik.de\/wp-content\/uploads\/2022\/05\/bbl_logo.png","width":900,"height":299,"caption":"BBL Elektronik & Aeromet GmbH"},"image":{"@id":"https:\/\/bbl-elektronik.de\/#\/schema\/logo\/image\/"},"sameAs":["https:\/\/www.facebook.com\/bblAeromet"]}]}},"_links":{"self":[{"href":"https:\/\/bbl-elektronik.de\/en\/wp-json\/wp\/v2\/product\/49","targetHints":{"allow":["GET"]}}],"collection":[{"href":"https:\/\/bbl-elektronik.de\/en\/wp-json\/wp\/v2\/product"}],"about":[{"href":"https:\/\/bbl-elektronik.de\/en\/wp-json\/wp\/v2\/types\/product"}],"wp:featuredmedia":[{"embeddable":true,"href":"https:\/\/bbl-elektronik.de\/en\/wp-json\/wp\/v2\/media\/51"}],"wp:attachment":[{"href":"https:\/\/bbl-elektronik.de\/en\/wp-json\/wp\/v2\/media?parent=49"}],"wp:term":[{"taxonomy":"product_brand","embeddable":true,"href":"https:\/\/bbl-elektronik.de\/en\/wp-json\/wp\/v2\/product_brand?post=49"},{"taxonomy":"product_cat","embeddable":true,"href":"https:\/\/bbl-elektronik.de\/en\/wp-json\/wp\/v2\/product_cat?post=49"},{"taxonomy":"product_tag","embeddable":true,"href":"https:\/\/bbl-elektronik.de\/en\/wp-json\/wp\/v2\/product_tag?post=49"}],"curies":[{"name":"wp","href":"https:\/\/api.w.org\/{rel}","templated":true}]}}