{"id":1574,"date":"2022-05-17T14:25:15","date_gmt":"2022-05-17T12:25:15","guid":{"rendered":"http:\/\/bblshop.exabotics.de\/?post_type=product&#038;p=1574"},"modified":"2023-11-22T10:40:02","modified_gmt":"2023-11-22T09:40:02","slug":"meteorologische-fallschirme","status":"publish","type":"product","link":"https:\/\/bbl-elektronik.de\/en\/product\/meteorologische-fallschirme\/","title":{"rendered":"PC055 und PC110"},"content":{"rendered":"<p>Die Fallschirme der BBL Elektronik &amp; Aeromet GmbH zeichnen sich durch ihr sehr niedriges Gewicht, verbunden mit einer au\u00dfergew\u00f6hnlich hohen Belastbarkeit aus.<\/p>\n<p>Die Funktion ist selbst bei Temperaturen zwischen +50\u00b0C und -80\u00b0C gew\u00e4hrleistet.<\/p>\n<p>Das Material der Fallschirme nimmt keine Feuchtigkeit auf.<\/p>\n<p>Die Belastbarkeit des Materials sowie die \u00d6ffnung der Fallschirme werden auch durch extreme N\u00e4sse nicht beeinflusst.<\/p>\n<p>Die rote Farbe erh\u00f6ht die Luftsicherheit ebenso wie das Auffinden der Radiosonde.<\/p>\n<p>Das Material ist umweltvertr\u00e4glich und biologisch abbaubar.<\/p>\n<p>Die Fallschirme sind einzeln verpackt, um die Benutzung zu erleichtern und das Verdrehen der Leinen zu verhindern.<\/p>\n<p>&nbsp;<\/p>\n<div id=\"c588\">\n<h1 class=\"csc-firstHeader\">Meteorologischer Fallschirm PC055<\/h1>\n<\/div>\n<div id=\"c589\">\n<h5>Spezifikation<\/h5>\n<\/div>\n<div id=\"c587\">\n<table class=\"table\">\n<tfoot>\n<tr>\n<td>Farbe:<\/td>\n<td>Signalfarbe &#8222;rotorange&#8220;<\/td>\n<\/tr>\n<\/tfoot>\n<tbody>\n<tr>\n<td>Sinkrate:<\/td>\n<td>4,3 m\/s<\/td>\n<\/tr>\n<tr>\n<td>bei einer Belastung von:<\/td>\n<td>4 N (ann\u00e4hernd 0,4 kg)<\/td>\n<\/tr>\n<tr>\n<td>Fallschirm Fl\u00e4che:<\/td>\n<td>0,25 m2<\/td>\n<\/tr>\n<tr>\n<td>Gewicht incl. Leinen und Spreizring:<\/td>\n<td>ann\u00e4hernd 10 g<\/td>\n<\/tr>\n<tr>\n<td>Rei\u00dffestigkeit:<\/td>\n<td>260 N (ann\u00e4hernd 26 kg)<\/td>\n<\/tr>\n<tr>\n<td>Tragf\u00e4higkeit:<\/td>\n<td>&gt; 6 N (ann\u00e4hernd 0,6 kg)<\/td>\n<\/tr>\n<tr>\n<td>Temperaturbereich:<\/td>\n<td>+50\u00b0C bis -100\u00b0C<\/td>\n<\/tr>\n<\/tbody>\n<\/table>\n<\/div>\n<p>&nbsp;<\/p>\n<div id=\"c593\">\n<h1 class=\"csc-firstHeader\">Meteorologischer Fallschirm PC110<\/h1>\n<\/div>\n<div id=\"c594\">\n<h1>Spezifikation<\/h1>\n<table class=\"table\">\n<tfoot>\n<tr>\n<td>Farbe:<\/td>\n<td>Signalfarbe &#8222;rotorange&#8220;<\/td>\n<\/tr>\n<\/tfoot>\n<tbody>\n<tr>\n<td>Sinkrate:<\/td>\n<td>4,2 m\/s<\/td>\n<\/tr>\n<tr>\n<td>bei einer Belastung von:<\/td>\n<td>15 N (ann\u00e4hernd 1,5 kg)<\/td>\n<\/tr>\n<tr>\n<td>Fallschirm Fl\u00e4che:<\/td>\n<td>1,0 m2<\/td>\n<\/tr>\n<tr>\n<td>Gewicht incl. Leinen und Spreizring:<\/td>\n<td>ann\u00e4hernd 40 g<\/td>\n<\/tr>\n<tr>\n<td>Rei\u00dffestigkeit:<\/td>\n<td>260 N (ann\u00e4hernd 26 kg)<\/td>\n<\/tr>\n<tr>\n<td>Tragf\u00e4higkeit:<\/td>\n<td>&gt; 18 N (ann\u00e4hernd 1,8 kg)<\/td>\n<\/tr>\n<tr>\n<td>Temperaturbereich:<\/td>\n<td>+50\u00b0C bis -100\u00b0C<\/td>\n<\/tr>\n<\/tbody>\n<\/table>\n<\/div>\n<h1 class=\"csc-firstHeader\">Preise und Informationen Anfordern<\/h1>\n\n<div class=\"wpcf7 no-js\" id=\"wpcf7-f1578-o1\" lang=\"de-DE\" dir=\"ltr\" data-wpcf7-id=\"1578\">\n<div class=\"screen-reader-response\"><p role=\"status\" aria-live=\"polite\" aria-atomic=\"true\"><\/p> <ul><\/ul><\/div>\n<form action=\"\/en\/wp-json\/wp\/v2\/product\/1574#wpcf7-f1578-o1\" method=\"post\" class=\"wpcf7-form init\" aria-label=\"Kontaktformular\" novalidate=\"novalidate\" data-status=\"init\" data-trp-original-action=\"\/en\/wp-json\/wp\/v2\/product\/1574#wpcf7-f1578-o1\">\n<fieldset class=\"hidden-fields-container\"><input type=\"hidden\" name=\"_wpcf7\" value=\"1578\" \/><input type=\"hidden\" name=\"_wpcf7_version\" value=\"6.1.5\" \/><input type=\"hidden\" name=\"_wpcf7_locale\" value=\"de_DE\" \/><input type=\"hidden\" name=\"_wpcf7_unit_tag\" value=\"wpcf7-f1578-o1\" \/><input type=\"hidden\" name=\"_wpcf7_container_post\" value=\"0\" \/><input type=\"hidden\" name=\"_wpcf7_posted_data_hash\" value=\"\" \/><input type=\"hidden\" name=\"_wpcf7_recaptcha_response\" value=\"\" \/>\n<\/fieldset>\n<p><label> Dein Name<br \/>\n<span class=\"wpcf7-form-control-wrap\" data-name=\"your-name\"><input size=\"40\" maxlength=\"400\" class=\"wpcf7-form-control wpcf7-text wpcf7-validates-as-required\" aria-required=\"true\" aria-invalid=\"false\" value=\"\" type=\"text\" name=\"your-name\" \/><\/span> <\/label>\n<\/p>\n<p><label> Deine E-Mail-Adresse<br \/>\n<span class=\"wpcf7-form-control-wrap\" data-name=\"your-email\"><input size=\"40\" maxlength=\"400\" class=\"wpcf7-form-control wpcf7-email wpcf7-validates-as-required wpcf7-text wpcf7-validates-as-email\" aria-required=\"true\" aria-invalid=\"false\" value=\"\" type=\"email\" name=\"your-email\" \/><\/span> <\/label>\n<\/p>\n<p><label> Produkt<br \/>\n<span class=\"wpcf7-form-control-wrap\" data-name=\"your-subject\"><input size=\"40\" maxlength=\"400\" class=\"wpcf7-form-control wpcf7-text wpcf7-validates-as-required\" aria-required=\"true\" aria-invalid=\"false\" value=\"\" type=\"text\" name=\"your-subject\" \/><\/span> <\/label>\n<\/p>\n<p><label> Deine Nachricht<br \/>\n<span class=\"wpcf7-form-control-wrap\" data-name=\"your-message\"><textarea cols=\"40\" rows=\"10\" maxlength=\"2000\" class=\"wpcf7-form-control wpcf7-textarea wpcf7-validates-as-required\" aria-required=\"true\" aria-invalid=\"false\" name=\"your-message\"><\/textarea><\/span> <\/label>\n<\/p>\n<p><span class=\"wpcf7-form-control-wrap\" data-name=\"acceptance-204\"><span class=\"wpcf7-form-control wpcf7-acceptance\"><span class=\"wpcf7-list-item\"><label><input type=\"checkbox\" name=\"acceptance-204\" value=\"1\" aria-invalid=\"false\" \/><span class=\"wpcf7-list-item-label\">Datenschutz Aktzeptieren<\/span><\/label><\/span><\/span><\/span>\n<\/p>\n<p><input class=\"wpcf7-form-control wpcf7-submit has-spinner\" type=\"submit\" value=\"Senden\" \/>\n<\/p><div class=\"wpcf7-response-output\" aria-hidden=\"true\"><\/div>\n<input type=\"hidden\" name=\"trp-form-language\" value=\"en\"\/><\/form>\n<\/div>","protected":false},"excerpt":{"rendered":"<p>Die Fallschirme der BBL Elektronik &amp; Aeromet GmbH zeichnen sich durch ihr sehr niedriges Gewicht, verbunden mit einer au\u00dfergew\u00f6hnlich hohen Belastbarkeit aus. Die Funktion ist selbst bei Temperaturen zwischen +50\u00b0C und -80\u00b0C gew\u00e4hrleistet. Das Material der Fallschirme nimmt keine Feuchtigkeit auf. Die Belastbarkeit des Materials sowie die \u00d6ffnung der Fallschirme werden auch durch extreme N\u00e4sse [&hellip;]<\/p>\n","protected":false},"featured_media":1571,"template":"","meta":[],"product_brand":[],"product_cat":[140],"product_tag":[],"class_list":{"0":"post-1574","1":"product","2":"type-product","3":"status-publish","4":"has-post-thumbnail","6":"product_cat-fallschirme","8":"first","9":"instock","10":"virtual","11":"taxable","12":"product-type-simple"},"yoast_head":"<!-- This site is optimized with the Yoast SEO plugin v27.5 - https:\/\/yoast.com\/product\/yoast-seo-wordpress\/ -->\n<title>PC055 und PC110 - BBL Elektronik &amp; Aeromet GmbH<\/title>\n<meta name=\"robots\" content=\"index, follow, max-snippet:-1, max-image-preview:large, max-video-preview:-1\" \/>\n<link rel=\"canonical\" href=\"https:\/\/bbl-elektronik.de\/en\/product\/meteorologische-fallschirme\/\" \/>\n<meta property=\"og:locale\" content=\"en_US\" \/>\n<meta property=\"og:type\" content=\"article\" \/>\n<meta property=\"og:title\" content=\"PC055 und PC110 - BBL Elektronik &amp; Aeromet GmbH\" \/>\n<meta property=\"og:description\" content=\"Die Fallschirme der BBL Elektronik &amp; Aeromet GmbH zeichnen sich durch ihr sehr niedriges Gewicht, verbunden mit einer au\u00dfergew\u00f6hnlich hohen Belastbarkeit aus. Die Funktion ist selbst bei Temperaturen zwischen +50\u00b0C und -80\u00b0C gew\u00e4hrleistet. Das Material der Fallschirme nimmt keine Feuchtigkeit auf. Die Belastbarkeit des Materials sowie die \u00d6ffnung der Fallschirme werden auch durch extreme N\u00e4sse [&hellip;]\" \/>\n<meta property=\"og:url\" content=\"https:\/\/bbl-elektronik.de\/en\/product\/meteorologische-fallschirme\/\" \/>\n<meta property=\"og:site_name\" content=\"BBL Elektronik &amp; Aeromet GmbH\" \/>\n<meta property=\"article:publisher\" content=\"https:\/\/www.facebook.com\/bblAeromet\" \/>\n<meta property=\"article:modified_time\" content=\"2023-11-22T09:40:02+00:00\" \/>\n<meta property=\"og:image\" content=\"https:\/\/bbl-elektronik.de\/wp-content\/uploads\/2022\/05\/ballon_transparent_Starkkomprimiert.png\" \/>\n\t<meta property=\"og:image:width\" content=\"699\" \/>\n\t<meta property=\"og:image:height\" content=\"532\" \/>\n\t<meta property=\"og:image:type\" content=\"image\/png\" \/>\n<meta name=\"twitter:card\" content=\"summary_large_image\" \/>\n<meta name=\"twitter:label1\" content=\"Est. reading time\" \/>\n\t<meta name=\"twitter:data1\" content=\"2 minutes\" \/>\n<script type=\"application\/ld+json\" class=\"yoast-schema-graph\">{\"@context\":\"https:\\\/\\\/schema.org\",\"@graph\":[{\"@type\":\"WebPage\",\"@id\":\"https:\\\/\\\/bbl-elektronik.de\\\/produkt\\\/meteorologische-fallschirme\\\/\",\"url\":\"https:\\\/\\\/bbl-elektronik.de\\\/produkt\\\/meteorologische-fallschirme\\\/\",\"name\":\"PC055 und PC110 - BBL Elektronik &amp; Aeromet GmbH\",\"isPartOf\":{\"@id\":\"https:\\\/\\\/bbl-elektronik.de\\\/#website\"},\"primaryImageOfPage\":{\"@id\":\"https:\\\/\\\/bbl-elektronik.de\\\/produkt\\\/meteorologische-fallschirme\\\/#primaryimage\"},\"image\":{\"@id\":\"https:\\\/\\\/bbl-elektronik.de\\\/produkt\\\/meteorologische-fallschirme\\\/#primaryimage\"},\"thumbnailUrl\":\"https:\\\/\\\/bbl-elektronik.de\\\/wp-content\\\/uploads\\\/2022\\\/05\\\/ballon_transparent_Starkkomprimiert.png\",\"datePublished\":\"2022-05-17T12:25:15+00:00\",\"dateModified\":\"2023-11-22T09:40:02+00:00\",\"breadcrumb\":{\"@id\":\"https:\\\/\\\/bbl-elektronik.de\\\/produkt\\\/meteorologische-fallschirme\\\/#breadcrumb\"},\"inLanguage\":\"en-US\",\"potentialAction\":[{\"@type\":\"ReadAction\",\"target\":[\"https:\\\/\\\/bbl-elektronik.de\\\/produkt\\\/meteorologische-fallschirme\\\/\"]}]},{\"@type\":\"ImageObject\",\"inLanguage\":\"en-US\",\"@id\":\"https:\\\/\\\/bbl-elektronik.de\\\/produkt\\\/meteorologische-fallschirme\\\/#primaryimage\",\"url\":\"https:\\\/\\\/bbl-elektronik.de\\\/wp-content\\\/uploads\\\/2022\\\/05\\\/ballon_transparent_Starkkomprimiert.png\",\"contentUrl\":\"https:\\\/\\\/bbl-elektronik.de\\\/wp-content\\\/uploads\\\/2022\\\/05\\\/ballon_transparent_Starkkomprimiert.png\",\"width\":699,\"height\":532,\"caption\":\"Produktfoto des meteorologischen Fallschirms PC055\\\/PC110.\"},{\"@type\":\"BreadcrumbList\",\"@id\":\"https:\\\/\\\/bbl-elektronik.de\\\/produkt\\\/meteorologische-fallschirme\\\/#breadcrumb\",\"itemListElement\":[{\"@type\":\"ListItem\",\"position\":1,\"name\":\"Startseite\",\"item\":\"https:\\\/\\\/bbl-elektronik.de\\\/\"},{\"@type\":\"ListItem\",\"position\":2,\"name\":\"Shop\",\"item\":\"https:\\\/\\\/bbl-elektronik.de\\\/shop\\\/\"},{\"@type\":\"ListItem\",\"position\":3,\"name\":\"PC055 und PC110\"}]},{\"@type\":\"WebSite\",\"@id\":\"https:\\\/\\\/bbl-elektronik.de\\\/#website\",\"url\":\"https:\\\/\\\/bbl-elektronik.de\\\/\",\"name\":\"BBL Elektronik &amp; Aeromet GmbH\",\"description\":\"\",\"publisher\":{\"@id\":\"https:\\\/\\\/bbl-elektronik.de\\\/#organization\"},\"potentialAction\":[{\"@type\":\"SearchAction\",\"target\":{\"@type\":\"EntryPoint\",\"urlTemplate\":\"https:\\\/\\\/bbl-elektronik.de\\\/?s={search_term_string}\"},\"query-input\":{\"@type\":\"PropertyValueSpecification\",\"valueRequired\":true,\"valueName\":\"search_term_string\"}}],\"inLanguage\":\"en-US\"},{\"@type\":\"Organization\",\"@id\":\"https:\\\/\\\/bbl-elektronik.de\\\/#organization\",\"name\":\"BBL Elektronik & Aeromet GmbH\",\"url\":\"https:\\\/\\\/bbl-elektronik.de\\\/\",\"logo\":{\"@type\":\"ImageObject\",\"inLanguage\":\"en-US\",\"@id\":\"https:\\\/\\\/bbl-elektronik.de\\\/#\\\/schema\\\/logo\\\/image\\\/\",\"url\":\"https:\\\/\\\/bbl-elektronik.de\\\/wp-content\\\/uploads\\\/2022\\\/05\\\/bbl_logo.png\",\"contentUrl\":\"https:\\\/\\\/bbl-elektronik.de\\\/wp-content\\\/uploads\\\/2022\\\/05\\\/bbl_logo.png\",\"width\":900,\"height\":299,\"caption\":\"BBL Elektronik & Aeromet GmbH\"},\"image\":{\"@id\":\"https:\\\/\\\/bbl-elektronik.de\\\/#\\\/schema\\\/logo\\\/image\\\/\"},\"sameAs\":[\"https:\\\/\\\/www.facebook.com\\\/bblAeromet\"]}]}<\/script>\n<!-- \/ Yoast SEO plugin. -->","yoast_head_json":{"title":"PC055 und PC110 - BBL Elektronik &amp; Aeromet GmbH","robots":{"index":"index","follow":"follow","max-snippet":"max-snippet:-1","max-image-preview":"max-image-preview:large","max-video-preview":"max-video-preview:-1"},"canonical":"https:\/\/bbl-elektronik.de\/en\/product\/meteorologische-fallschirme\/","og_locale":"en_US","og_type":"article","og_title":"PC055 und PC110 - BBL Elektronik &amp; Aeromet GmbH","og_description":"Die Fallschirme der BBL Elektronik &amp; Aeromet GmbH zeichnen sich durch ihr sehr niedriges Gewicht, verbunden mit einer au\u00dfergew\u00f6hnlich hohen Belastbarkeit aus. Die Funktion ist selbst bei Temperaturen zwischen +50\u00b0C und -80\u00b0C gew\u00e4hrleistet. Das Material der Fallschirme nimmt keine Feuchtigkeit auf. Die Belastbarkeit des Materials sowie die \u00d6ffnung der Fallschirme werden auch durch extreme N\u00e4sse [&hellip;]","og_url":"https:\/\/bbl-elektronik.de\/en\/product\/meteorologische-fallschirme\/","og_site_name":"BBL Elektronik &amp; Aeromet GmbH","article_publisher":"https:\/\/www.facebook.com\/bblAeromet","article_modified_time":"2023-11-22T09:40:02+00:00","og_image":[{"width":699,"height":532,"url":"https:\/\/bbl-elektronik.de\/wp-content\/uploads\/2022\/05\/ballon_transparent_Starkkomprimiert.png","type":"image\/png"}],"twitter_card":"summary_large_image","twitter_misc":{"Est. reading time":"2 minutes"},"schema":{"@context":"https:\/\/schema.org","@graph":[{"@type":"WebPage","@id":"https:\/\/bbl-elektronik.de\/produkt\/meteorologische-fallschirme\/","url":"https:\/\/bbl-elektronik.de\/produkt\/meteorologische-fallschirme\/","name":"PC055 und PC110 - BBL Elektronik &amp; Aeromet GmbH","isPartOf":{"@id":"https:\/\/bbl-elektronik.de\/#website"},"primaryImageOfPage":{"@id":"https:\/\/bbl-elektronik.de\/produkt\/meteorologische-fallschirme\/#primaryimage"},"image":{"@id":"https:\/\/bbl-elektronik.de\/produkt\/meteorologische-fallschirme\/#primaryimage"},"thumbnailUrl":"https:\/\/bbl-elektronik.de\/wp-content\/uploads\/2022\/05\/ballon_transparent_Starkkomprimiert.png","datePublished":"2022-05-17T12:25:15+00:00","dateModified":"2023-11-22T09:40:02+00:00","breadcrumb":{"@id":"https:\/\/bbl-elektronik.de\/produkt\/meteorologische-fallschirme\/#breadcrumb"},"inLanguage":"en-US","potentialAction":[{"@type":"ReadAction","target":["https:\/\/bbl-elektronik.de\/produkt\/meteorologische-fallschirme\/"]}]},{"@type":"ImageObject","inLanguage":"en-US","@id":"https:\/\/bbl-elektronik.de\/produkt\/meteorologische-fallschirme\/#primaryimage","url":"https:\/\/bbl-elektronik.de\/wp-content\/uploads\/2022\/05\/ballon_transparent_Starkkomprimiert.png","contentUrl":"https:\/\/bbl-elektronik.de\/wp-content\/uploads\/2022\/05\/ballon_transparent_Starkkomprimiert.png","width":699,"height":532,"caption":"Produktfoto des meteorologischen Fallschirms PC055\/PC110."},{"@type":"BreadcrumbList","@id":"https:\/\/bbl-elektronik.de\/produkt\/meteorologische-fallschirme\/#breadcrumb","itemListElement":[{"@type":"ListItem","position":1,"name":"Startseite","item":"https:\/\/bbl-elektronik.de\/"},{"@type":"ListItem","position":2,"name":"Shop","item":"https:\/\/bbl-elektronik.de\/shop\/"},{"@type":"ListItem","position":3,"name":"PC055 und PC110"}]},{"@type":"WebSite","@id":"https:\/\/bbl-elektronik.de\/#website","url":"https:\/\/bbl-elektronik.de\/","name":"BBL Elektronik &amp; Aeromet GmbH","description":"","publisher":{"@id":"https:\/\/bbl-elektronik.de\/#organization"},"potentialAction":[{"@type":"SearchAction","target":{"@type":"EntryPoint","urlTemplate":"https:\/\/bbl-elektronik.de\/?s={search_term_string}"},"query-input":{"@type":"PropertyValueSpecification","valueRequired":true,"valueName":"search_term_string"}}],"inLanguage":"en-US"},{"@type":"Organization","@id":"https:\/\/bbl-elektronik.de\/#organization","name":"BBL Elektronik & Aeromet GmbH","url":"https:\/\/bbl-elektronik.de\/","logo":{"@type":"ImageObject","inLanguage":"en-US","@id":"https:\/\/bbl-elektronik.de\/#\/schema\/logo\/image\/","url":"https:\/\/bbl-elektronik.de\/wp-content\/uploads\/2022\/05\/bbl_logo.png","contentUrl":"https:\/\/bbl-elektronik.de\/wp-content\/uploads\/2022\/05\/bbl_logo.png","width":900,"height":299,"caption":"BBL Elektronik & Aeromet GmbH"},"image":{"@id":"https:\/\/bbl-elektronik.de\/#\/schema\/logo\/image\/"},"sameAs":["https:\/\/www.facebook.com\/bblAeromet"]}]}},"_links":{"self":[{"href":"https:\/\/bbl-elektronik.de\/en\/wp-json\/wp\/v2\/product\/1574","targetHints":{"allow":["GET"]}}],"collection":[{"href":"https:\/\/bbl-elektronik.de\/en\/wp-json\/wp\/v2\/product"}],"about":[{"href":"https:\/\/bbl-elektronik.de\/en\/wp-json\/wp\/v2\/types\/product"}],"wp:featuredmedia":[{"embeddable":true,"href":"https:\/\/bbl-elektronik.de\/en\/wp-json\/wp\/v2\/media\/1571"}],"wp:attachment":[{"href":"https:\/\/bbl-elektronik.de\/en\/wp-json\/wp\/v2\/media?parent=1574"}],"wp:term":[{"taxonomy":"product_brand","embeddable":true,"href":"https:\/\/bbl-elektronik.de\/en\/wp-json\/wp\/v2\/product_brand?post=1574"},{"taxonomy":"product_cat","embeddable":true,"href":"https:\/\/bbl-elektronik.de\/en\/wp-json\/wp\/v2\/product_cat?post=1574"},{"taxonomy":"product_tag","embeddable":true,"href":"https:\/\/bbl-elektronik.de\/en\/wp-json\/wp\/v2\/product_tag?post=1574"}],"curies":[{"name":"wp","href":"https:\/\/api.w.org\/{rel}","templated":true}]}}