{"id":1568,"date":"2022-05-17T14:36:07","date_gmt":"2022-05-17T12:36:07","guid":{"rendered":"http:\/\/bblshop.exabotics.de\/?post_type=product&#038;p=1568"},"modified":"2023-04-27T14:43:10","modified_gmt":"2023-04-27T12:43:10","slug":"drehstromsteller","status":"publish","type":"product","link":"https:\/\/bbl-elektronik.de\/en\/product\/drehstromsteller\/","title":{"rendered":"Drehstromsteller"},"content":{"rendered":"<h4>3-phasige Drehstromsteller DST 1,5 &amp; DST 3 mit Sanftan- und Sanftauslauffunktion<\/h4>\n<p>Der Drehstromsteller DST\u00a0ist im Prinzip wie ein HSG (halbgesteuerter Sanftanlauf) aufgebaut. Die Spannung kann 3-phasig im Bereich zwischen 0 &#8211; 400 V (Nennspannung) verstellt werden. Mit diesen Ger\u00e4ten werden vorzugsweise die Motormomente geregelt und werden z. B. zusammen mit Drehfeldmagnet-Motoren eingesetzt. Die Verstellung der Drehzahl erfolgt entweder \u00fcber eingebaute oder ein extern angeschlossenes Potentiometer 0 &#8211; 10 V. \u00dcber die Drehmomentregelung kann dann z. B. eine bestimmte Zugspannung in einer Materialbahn geregelt werden. Mit normalen Motoren k\u00f6nnen sie aber nur eingesetzt werden, wenn die Drehmomentkennlinie quadratisch verl\u00e4uft (z. B.bei Pumpen und Ventilatoren) und f\u00fcr ausreichende K\u00fchlung des Motors gesorgt ist.<\/p>\n<pre><strong><a href=\"https:\/\/bbl-elektronik.de\/en\/fileadmin\/user_upload\/InbetriebnahmeanleitungDST1_5_DST3_bbl.pdf\/\">DST hier anklicken<\/a><\/strong><\/pre>\n<div class=\"table-responsive\">\n<table class=\"table\">\n<tbody>\n<tr>\n<td>Netzanschluss:<\/td>\n<td>L1, L2, L3<\/td>\n<td>Motoranschluss:<\/td>\n<td>U, V, W<\/td>\n<\/tr>\n<tr>\n<td><\/td>\n<td><\/td>\n<td><\/td>\n<td><\/td>\n<\/tr>\n<tr>\n<td>Start\/Stop mit Schalter:<\/td>\n<td>Klemme 3-4:<\/td>\n<td>3 &#8211; 4 (K1-K1) geschlossen<\/td>\n<td>Sanftanlauf<\/td>\n<\/tr>\n<tr>\n<td><\/td>\n<td><\/td>\n<td>3 &#8211; 4 ge\u00f6ffnet<\/td>\n<td>Sanftauslauf<\/td>\n<\/tr>\n<tr>\n<td>Start\/Stop mit SPS &#8211; Signal:<\/td>\n<td>Klemme 5-6:<\/td>\n<td>24V DC<\/td>\n<td>Sanftanlauf<\/td>\n<\/tr>\n<tr>\n<td><\/td>\n<td><\/td>\n<td>0V DC<\/td>\n<td>Sanftauslauf<\/td>\n<\/tr>\n<tr>\n<td>Einstellbare Bereiche:<\/td>\n<td>Trimmer Bereich<\/td>\n<td><\/td>\n<td><\/td>\n<\/tr>\n<tr>\n<td>Uan:<\/td>\n<td>Startmoment 0 &#8211; 100 % von UNenn0<\/td>\n<td><\/td>\n<td><\/td>\n<\/tr>\n<tr>\n<td>Tan:<\/td>\n<td>Hochlauf 0 &#8211; 10 s (lastabh\u00e4ngig)<\/td>\n<td><\/td>\n<td><\/td>\n<\/tr>\n<tr>\n<td>Uab:<\/td>\n<td>Auslaufspannung 0 &#8211; 100 % von UNenn<\/td>\n<td><\/td>\n<td><\/td>\n<\/tr>\n<tr>\n<td>Taus:<\/td>\n<td>Tieflauf 0 &#8211; 10 s (lastabh\u00e4ngig)<\/td>\n<td><\/td>\n<td><\/td>\n<\/tr>\n<tr>\n<td>Klemmen:<\/td>\n<td>13,14,15<\/td>\n<td>externes Potentiometer (10K)<\/td>\n<td>0 &#8211; 100% von UNenn<\/td>\n<\/tr>\n<\/tbody>\n<\/table>\n<\/div>\n<p>&nbsp;<\/p>\n<h1 class=\"csc-firstHeader\">Preise und Informationen Anfordern<\/h1>\n\n<div class=\"wpcf7 no-js\" id=\"wpcf7-f1578-o1\" lang=\"de-DE\" dir=\"ltr\" data-wpcf7-id=\"1578\">\n<div class=\"screen-reader-response\"><p role=\"status\" aria-live=\"polite\" aria-atomic=\"true\"><\/p> <ul><\/ul><\/div>\n<form action=\"\/en\/wp-json\/wp\/v2\/product\/1568#wpcf7-f1578-o1\" method=\"post\" class=\"wpcf7-form init\" aria-label=\"Kontaktformular\" novalidate=\"novalidate\" data-status=\"init\" data-trp-original-action=\"\/en\/wp-json\/wp\/v2\/product\/1568#wpcf7-f1578-o1\">\n<fieldset class=\"hidden-fields-container\"><input type=\"hidden\" name=\"_wpcf7\" value=\"1578\" \/><input type=\"hidden\" name=\"_wpcf7_version\" value=\"6.1.5\" \/><input type=\"hidden\" name=\"_wpcf7_locale\" value=\"de_DE\" \/><input type=\"hidden\" name=\"_wpcf7_unit_tag\" value=\"wpcf7-f1578-o1\" \/><input type=\"hidden\" name=\"_wpcf7_container_post\" value=\"0\" \/><input type=\"hidden\" name=\"_wpcf7_posted_data_hash\" value=\"\" \/><input type=\"hidden\" name=\"_wpcf7_recaptcha_response\" value=\"\" \/>\n<\/fieldset>\n<p><label> Dein Name<br \/>\n<span class=\"wpcf7-form-control-wrap\" data-name=\"your-name\"><input size=\"40\" maxlength=\"400\" class=\"wpcf7-form-control wpcf7-text wpcf7-validates-as-required\" aria-required=\"true\" aria-invalid=\"false\" value=\"\" type=\"text\" name=\"your-name\" \/><\/span> <\/label>\n<\/p>\n<p><label> Deine E-Mail-Adresse<br \/>\n<span class=\"wpcf7-form-control-wrap\" data-name=\"your-email\"><input size=\"40\" maxlength=\"400\" class=\"wpcf7-form-control wpcf7-email wpcf7-validates-as-required wpcf7-text wpcf7-validates-as-email\" aria-required=\"true\" aria-invalid=\"false\" value=\"\" type=\"email\" name=\"your-email\" \/><\/span> <\/label>\n<\/p>\n<p><label> Produkt<br \/>\n<span class=\"wpcf7-form-control-wrap\" data-name=\"your-subject\"><input size=\"40\" maxlength=\"400\" class=\"wpcf7-form-control wpcf7-text wpcf7-validates-as-required\" aria-required=\"true\" aria-invalid=\"false\" value=\"\" type=\"text\" name=\"your-subject\" \/><\/span> <\/label>\n<\/p>\n<p><label> Deine Nachricht<br \/>\n<span class=\"wpcf7-form-control-wrap\" data-name=\"your-message\"><textarea cols=\"40\" rows=\"10\" maxlength=\"2000\" class=\"wpcf7-form-control wpcf7-textarea wpcf7-validates-as-required\" aria-required=\"true\" aria-invalid=\"false\" name=\"your-message\"><\/textarea><\/span> <\/label>\n<\/p>\n<p><span class=\"wpcf7-form-control-wrap\" data-name=\"acceptance-204\"><span class=\"wpcf7-form-control wpcf7-acceptance\"><span class=\"wpcf7-list-item\"><label><input type=\"checkbox\" name=\"acceptance-204\" value=\"1\" aria-invalid=\"false\" \/><span class=\"wpcf7-list-item-label\">Datenschutz Aktzeptieren<\/span><\/label><\/span><\/span><\/span>\n<\/p>\n<p><input class=\"wpcf7-form-control wpcf7-submit has-spinner\" type=\"submit\" value=\"Senden\" \/>\n<\/p><div class=\"wpcf7-response-output\" aria-hidden=\"true\"><\/div>\n<input type=\"hidden\" name=\"trp-form-language\" value=\"en\"\/><\/form>\n<\/div>","protected":false},"excerpt":{"rendered":"<p>3-phasige Drehstromsteller DST 1,5 &amp; DST 3 mit Sanftan- und Sanftauslauffunktion Der Drehstromsteller DST\u00a0ist im Prinzip wie ein HSG (halbgesteuerter Sanftanlauf) aufgebaut. Die Spannung kann 3-phasig im Bereich zwischen 0 &#8211; 400 V (Nennspannung) verstellt werden. Mit diesen Ger\u00e4ten werden vorzugsweise die Motormomente geregelt und werden z. B. zusammen mit Drehfeldmagnet-Motoren eingesetzt. Die Verstellung der [&hellip;]<\/p>\n","protected":false},"featured_media":1569,"template":"","meta":[],"product_brand":[],"product_cat":[138],"product_tag":[],"class_list":{"0":"post-1568","1":"product","2":"type-product","3":"status-publish","4":"has-post-thumbnail","6":"product_cat-stromsteller","8":"first","9":"instock","10":"taxable","11":"shipping-taxable","12":"product-type-simple"},"yoast_head":"<!-- This site is optimized with the Yoast SEO plugin v27.5 - https:\/\/yoast.com\/product\/yoast-seo-wordpress\/ -->\n<title>Drehstromsteller - BBL Elektronik &amp; Aeromet GmbH<\/title>\n<meta name=\"description\" content=\"Der Drehstromsteller DST\u00a0ist im Prinzip wie ein HSG (halbgesteuerter Sanftanlauf) aufgebaut. Die Spannung kann 3-phasig im Bereich zwischen 0 - 400 V (Nennspannung) verstellt werden.\" \/>\n<meta name=\"robots\" content=\"index, follow, max-snippet:-1, max-image-preview:large, max-video-preview:-1\" \/>\n<link rel=\"canonical\" href=\"https:\/\/bbl-elektronik.de\/en\/product\/drehstromsteller\/\" \/>\n<meta property=\"og:locale\" content=\"en_US\" \/>\n<meta property=\"og:type\" content=\"article\" \/>\n<meta property=\"og:title\" content=\"Drehstromsteller - BBL Elektronik &amp; Aeromet GmbH\" \/>\n<meta property=\"og:description\" content=\"Der Drehstromsteller DST\u00a0ist im Prinzip wie ein HSG (halbgesteuerter Sanftanlauf) aufgebaut. Die Spannung kann 3-phasig im Bereich zwischen 0 - 400 V (Nennspannung) verstellt werden.\" \/>\n<meta property=\"og:url\" content=\"https:\/\/bbl-elektronik.de\/en\/product\/drehstromsteller\/\" \/>\n<meta property=\"og:site_name\" content=\"BBL Elektronik &amp; Aeromet GmbH\" \/>\n<meta property=\"article:publisher\" content=\"https:\/\/www.facebook.com\/bblAeromet\" \/>\n<meta property=\"article:modified_time\" content=\"2023-04-27T12:43:10+00:00\" \/>\n<meta property=\"og:image\" content=\"https:\/\/bbl-elektronik.de\/wp-content\/uploads\/2022\/05\/DST1522-scaled.jpg\" \/>\n\t<meta property=\"og:image:width\" content=\"2560\" \/>\n\t<meta property=\"og:image:height\" content=\"2090\" \/>\n\t<meta property=\"og:image:type\" content=\"image\/jpeg\" \/>\n<meta name=\"twitter:card\" content=\"summary_large_image\" \/>\n<meta name=\"twitter:label1\" content=\"Est. reading time\" \/>\n\t<meta name=\"twitter:data1\" content=\"2 minutes\" \/>\n<script type=\"application\/ld+json\" class=\"yoast-schema-graph\">{\"@context\":\"https:\\\/\\\/schema.org\",\"@graph\":[{\"@type\":\"WebPage\",\"@id\":\"https:\\\/\\\/bbl-elektronik.de\\\/produkt\\\/drehstromsteller\\\/\",\"url\":\"https:\\\/\\\/bbl-elektronik.de\\\/produkt\\\/drehstromsteller\\\/\",\"name\":\"Drehstromsteller - BBL Elektronik &amp; Aeromet GmbH\",\"isPartOf\":{\"@id\":\"https:\\\/\\\/bbl-elektronik.de\\\/#website\"},\"primaryImageOfPage\":{\"@id\":\"https:\\\/\\\/bbl-elektronik.de\\\/produkt\\\/drehstromsteller\\\/#primaryimage\"},\"image\":{\"@id\":\"https:\\\/\\\/bbl-elektronik.de\\\/produkt\\\/drehstromsteller\\\/#primaryimage\"},\"thumbnailUrl\":\"https:\\\/\\\/bbl-elektronik.de\\\/wp-content\\\/uploads\\\/2022\\\/05\\\/DST1522-scaled.jpg\",\"datePublished\":\"2022-05-17T12:36:07+00:00\",\"dateModified\":\"2023-04-27T12:43:10+00:00\",\"description\":\"Der Drehstromsteller DST\u00a0ist im Prinzip wie ein HSG (halbgesteuerter Sanftanlauf) aufgebaut. Die Spannung kann 3-phasig im Bereich zwischen 0 - 400 V (Nennspannung) verstellt werden.\",\"breadcrumb\":{\"@id\":\"https:\\\/\\\/bbl-elektronik.de\\\/produkt\\\/drehstromsteller\\\/#breadcrumb\"},\"inLanguage\":\"en-US\",\"potentialAction\":[{\"@type\":\"ReadAction\",\"target\":[\"https:\\\/\\\/bbl-elektronik.de\\\/produkt\\\/drehstromsteller\\\/\"]}]},{\"@type\":\"ImageObject\",\"inLanguage\":\"en-US\",\"@id\":\"https:\\\/\\\/bbl-elektronik.de\\\/produkt\\\/drehstromsteller\\\/#primaryimage\",\"url\":\"https:\\\/\\\/bbl-elektronik.de\\\/wp-content\\\/uploads\\\/2022\\\/05\\\/DST1522-scaled.jpg\",\"contentUrl\":\"https:\\\/\\\/bbl-elektronik.de\\\/wp-content\\\/uploads\\\/2022\\\/05\\\/DST1522-scaled.jpg\",\"width\":2560,\"height\":2090,\"caption\":\"Produktfoto Drehstromsteller.\"},{\"@type\":\"BreadcrumbList\",\"@id\":\"https:\\\/\\\/bbl-elektronik.de\\\/produkt\\\/drehstromsteller\\\/#breadcrumb\",\"itemListElement\":[{\"@type\":\"ListItem\",\"position\":1,\"name\":\"Startseite\",\"item\":\"https:\\\/\\\/bbl-elektronik.de\\\/\"},{\"@type\":\"ListItem\",\"position\":2,\"name\":\"Shop\",\"item\":\"https:\\\/\\\/bbl-elektronik.de\\\/shop\\\/\"},{\"@type\":\"ListItem\",\"position\":3,\"name\":\"Drehstromsteller\"}]},{\"@type\":\"WebSite\",\"@id\":\"https:\\\/\\\/bbl-elektronik.de\\\/#website\",\"url\":\"https:\\\/\\\/bbl-elektronik.de\\\/\",\"name\":\"BBL Elektronik &amp; Aeromet GmbH\",\"description\":\"\",\"publisher\":{\"@id\":\"https:\\\/\\\/bbl-elektronik.de\\\/#organization\"},\"potentialAction\":[{\"@type\":\"SearchAction\",\"target\":{\"@type\":\"EntryPoint\",\"urlTemplate\":\"https:\\\/\\\/bbl-elektronik.de\\\/?s={search_term_string}\"},\"query-input\":{\"@type\":\"PropertyValueSpecification\",\"valueRequired\":true,\"valueName\":\"search_term_string\"}}],\"inLanguage\":\"en-US\"},{\"@type\":\"Organization\",\"@id\":\"https:\\\/\\\/bbl-elektronik.de\\\/#organization\",\"name\":\"BBL Elektronik & Aeromet GmbH\",\"url\":\"https:\\\/\\\/bbl-elektronik.de\\\/\",\"logo\":{\"@type\":\"ImageObject\",\"inLanguage\":\"en-US\",\"@id\":\"https:\\\/\\\/bbl-elektronik.de\\\/#\\\/schema\\\/logo\\\/image\\\/\",\"url\":\"https:\\\/\\\/bbl-elektronik.de\\\/wp-content\\\/uploads\\\/2022\\\/05\\\/bbl_logo.png\",\"contentUrl\":\"https:\\\/\\\/bbl-elektronik.de\\\/wp-content\\\/uploads\\\/2022\\\/05\\\/bbl_logo.png\",\"width\":900,\"height\":299,\"caption\":\"BBL Elektronik & Aeromet GmbH\"},\"image\":{\"@id\":\"https:\\\/\\\/bbl-elektronik.de\\\/#\\\/schema\\\/logo\\\/image\\\/\"},\"sameAs\":[\"https:\\\/\\\/www.facebook.com\\\/bblAeromet\"]}]}<\/script>\n<!-- \/ Yoast SEO plugin. -->","yoast_head_json":{"title":"Drehstromsteller - BBL Elektronik &amp; Aeromet GmbH","description":"Der Drehstromsteller DST\u00a0ist im Prinzip wie ein HSG (halbgesteuerter Sanftanlauf) aufgebaut. Die Spannung kann 3-phasig im Bereich zwischen 0 - 400 V (Nennspannung) verstellt werden.","robots":{"index":"index","follow":"follow","max-snippet":"max-snippet:-1","max-image-preview":"max-image-preview:large","max-video-preview":"max-video-preview:-1"},"canonical":"https:\/\/bbl-elektronik.de\/en\/product\/drehstromsteller\/","og_locale":"en_US","og_type":"article","og_title":"Drehstromsteller - BBL Elektronik &amp; Aeromet GmbH","og_description":"Der Drehstromsteller DST\u00a0ist im Prinzip wie ein HSG (halbgesteuerter Sanftanlauf) aufgebaut. Die Spannung kann 3-phasig im Bereich zwischen 0 - 400 V (Nennspannung) verstellt werden.","og_url":"https:\/\/bbl-elektronik.de\/en\/product\/drehstromsteller\/","og_site_name":"BBL Elektronik &amp; Aeromet GmbH","article_publisher":"https:\/\/www.facebook.com\/bblAeromet","article_modified_time":"2023-04-27T12:43:10+00:00","og_image":[{"width":2560,"height":2090,"url":"https:\/\/bbl-elektronik.de\/wp-content\/uploads\/2022\/05\/DST1522-scaled.jpg","type":"image\/jpeg"}],"twitter_card":"summary_large_image","twitter_misc":{"Est. reading time":"2 minutes"},"schema":{"@context":"https:\/\/schema.org","@graph":[{"@type":"WebPage","@id":"https:\/\/bbl-elektronik.de\/produkt\/drehstromsteller\/","url":"https:\/\/bbl-elektronik.de\/produkt\/drehstromsteller\/","name":"Drehstromsteller - BBL Elektronik &amp; Aeromet GmbH","isPartOf":{"@id":"https:\/\/bbl-elektronik.de\/#website"},"primaryImageOfPage":{"@id":"https:\/\/bbl-elektronik.de\/produkt\/drehstromsteller\/#primaryimage"},"image":{"@id":"https:\/\/bbl-elektronik.de\/produkt\/drehstromsteller\/#primaryimage"},"thumbnailUrl":"https:\/\/bbl-elektronik.de\/wp-content\/uploads\/2022\/05\/DST1522-scaled.jpg","datePublished":"2022-05-17T12:36:07+00:00","dateModified":"2023-04-27T12:43:10+00:00","description":"Der Drehstromsteller DST\u00a0ist im Prinzip wie ein HSG (halbgesteuerter Sanftanlauf) aufgebaut. Die Spannung kann 3-phasig im Bereich zwischen 0 - 400 V (Nennspannung) verstellt werden.","breadcrumb":{"@id":"https:\/\/bbl-elektronik.de\/produkt\/drehstromsteller\/#breadcrumb"},"inLanguage":"en-US","potentialAction":[{"@type":"ReadAction","target":["https:\/\/bbl-elektronik.de\/produkt\/drehstromsteller\/"]}]},{"@type":"ImageObject","inLanguage":"en-US","@id":"https:\/\/bbl-elektronik.de\/produkt\/drehstromsteller\/#primaryimage","url":"https:\/\/bbl-elektronik.de\/wp-content\/uploads\/2022\/05\/DST1522-scaled.jpg","contentUrl":"https:\/\/bbl-elektronik.de\/wp-content\/uploads\/2022\/05\/DST1522-scaled.jpg","width":2560,"height":2090,"caption":"Produktfoto Drehstromsteller."},{"@type":"BreadcrumbList","@id":"https:\/\/bbl-elektronik.de\/produkt\/drehstromsteller\/#breadcrumb","itemListElement":[{"@type":"ListItem","position":1,"name":"Startseite","item":"https:\/\/bbl-elektronik.de\/"},{"@type":"ListItem","position":2,"name":"Shop","item":"https:\/\/bbl-elektronik.de\/shop\/"},{"@type":"ListItem","position":3,"name":"Drehstromsteller"}]},{"@type":"WebSite","@id":"https:\/\/bbl-elektronik.de\/#website","url":"https:\/\/bbl-elektronik.de\/","name":"BBL Elektronik &amp; Aeromet GmbH","description":"","publisher":{"@id":"https:\/\/bbl-elektronik.de\/#organization"},"potentialAction":[{"@type":"SearchAction","target":{"@type":"EntryPoint","urlTemplate":"https:\/\/bbl-elektronik.de\/?s={search_term_string}"},"query-input":{"@type":"PropertyValueSpecification","valueRequired":true,"valueName":"search_term_string"}}],"inLanguage":"en-US"},{"@type":"Organization","@id":"https:\/\/bbl-elektronik.de\/#organization","name":"BBL Elektronik & Aeromet GmbH","url":"https:\/\/bbl-elektronik.de\/","logo":{"@type":"ImageObject","inLanguage":"en-US","@id":"https:\/\/bbl-elektronik.de\/#\/schema\/logo\/image\/","url":"https:\/\/bbl-elektronik.de\/wp-content\/uploads\/2022\/05\/bbl_logo.png","contentUrl":"https:\/\/bbl-elektronik.de\/wp-content\/uploads\/2022\/05\/bbl_logo.png","width":900,"height":299,"caption":"BBL Elektronik & Aeromet GmbH"},"image":{"@id":"https:\/\/bbl-elektronik.de\/#\/schema\/logo\/image\/"},"sameAs":["https:\/\/www.facebook.com\/bblAeromet"]}]}},"_links":{"self":[{"href":"https:\/\/bbl-elektronik.de\/en\/wp-json\/wp\/v2\/product\/1568","targetHints":{"allow":["GET"]}}],"collection":[{"href":"https:\/\/bbl-elektronik.de\/en\/wp-json\/wp\/v2\/product"}],"about":[{"href":"https:\/\/bbl-elektronik.de\/en\/wp-json\/wp\/v2\/types\/product"}],"wp:featuredmedia":[{"embeddable":true,"href":"https:\/\/bbl-elektronik.de\/en\/wp-json\/wp\/v2\/media\/1569"}],"wp:attachment":[{"href":"https:\/\/bbl-elektronik.de\/en\/wp-json\/wp\/v2\/media?parent=1568"}],"wp:term":[{"taxonomy":"product_brand","embeddable":true,"href":"https:\/\/bbl-elektronik.de\/en\/wp-json\/wp\/v2\/product_brand?post=1568"},{"taxonomy":"product_cat","embeddable":true,"href":"https:\/\/bbl-elektronik.de\/en\/wp-json\/wp\/v2\/product_cat?post=1568"},{"taxonomy":"product_tag","embeddable":true,"href":"https:\/\/bbl-elektronik.de\/en\/wp-json\/wp\/v2\/product_tag?post=1568"}],"curies":[{"name":"wp","href":"https:\/\/api.w.org\/{rel}","templated":true}]}}