{"id":1562,"date":"2022-05-17T14:11:55","date_gmt":"2022-05-17T12:11:55","guid":{"rendered":"http:\/\/bblshop.exabotics.de\/?post_type=product&#038;p=1562"},"modified":"2023-07-17T11:14:01","modified_gmt":"2023-07-17T09:14:01","slug":"gleichstromsteller","status":"publish","type":"product","link":"https:\/\/bbl-elektronik.de\/en\/product\/gleichstromsteller\/","title":{"rendered":"Gleichstromsteller"},"content":{"rendered":"<h4>Gleichstromsteller DCS2 \/ DCS4 f\u00fcr Gleichstrom- und Universalmotoren<\/h4>\n<p>F\u00fcr Gleichstrom- und Universalmotoren und andere Verbraucher bis 2\/4 A und 110\/240V Netzspannung. Es kann mit je einem Potentiometer der Minimal- und Maximalwert der Spannung eingestellt werden. Zwischen diesen Werten kann mit einem dritten Potentiometer die Spannung ver\u00e4ndert werden. Als drittes Potentiometer kann entweder das eingebaute oder ein externes verwendet werden.<\/p>\n<pre><strong><a href=\"https:\/\/bbl-elektronik.de\/en\/fileadmin\/user_upload\/InbetriebnahmeanleitungDCS2_DCS4BB2016de-eng.pdf\/\">DCS hier anklicken<\/a><\/strong><\/pre>\n<p>&nbsp;<\/p>\n<div class=\"table-responsive\">\n<table class=\"table\">\n<tbody>\n<tr>\n<td>Netzspannung:<\/td>\n<td>110\/230\/240 V 50 \/ 60 Hz (je nach Ausf\u00fchrung)<\/td>\n<\/tr>\n<tr>\n<td>Feldspannung:<\/td>\n<td>100\/200 V DC-Spannung (je nach Ausf\u00fchrung)<\/td>\n<\/tr>\n<tr>\n<td>Erregerstrom:<\/td>\n<td>0,3 A<\/td>\n<\/tr>\n<tr>\n<td>Ankerspannung:<\/td>\n<td>100\/200 V DC-Spannung (je nach Ausf\u00fchrung)<\/td>\n<\/tr>\n<tr>\n<td>Ankerstrom:<\/td>\n<td>2 A (DCS2) \/ 4 A (DCS4) max.<\/td>\n<\/tr>\n<tr>\n<td>Strombegrenzung:<\/td>\n<td>keine<\/td>\n<\/tr>\n<tr>\n<td>I x R Kompensation:<\/td>\n<td>fest eingebaut<\/td>\n<\/tr>\n<tr>\n<td>Regelgenauigkeit:<\/td>\n<td>bei I x R +\/- 5 %<\/td>\n<\/tr>\n<tr>\n<td>Sollwertpotentiometer:<\/td>\n<td>1 M\u03a9 das eingebaute Potentiometer ist nach Einlegen einer Drahtbr\u00fccke nutzbar<\/td>\n<\/tr>\n<tr>\n<td>Einstellm\u00f6glichkeiten:<\/td>\n<td>nmin und nmax<\/td>\n<\/tr>\n<tr>\n<td>Sicherung:<\/td>\n<td>4 AF (DCS2G) \/ 6,3 AF (DCS4G)<\/td>\n<\/tr>\n<tr>\n<td>Betriebstemperatur:<\/td>\n<td>-15\u00b0C bis +40\u00b0C<\/td>\n<\/tr>\n<tr>\n<td>Abmessungen:<\/td>\n<td>DCS: 64 x 117 x 33 mm (B x L x H) mit Schraubbefestigung<\/td>\n<\/tr>\n<tr>\n<td>Abmessungen DCS-G:<\/td>\n<td>DCS-G: 55 x 75 x 110 mm (B x H x T) Schnappbefestigung f\u00fcr 35 mm Normschiene<\/td>\n<\/tr>\n<tr>\n<td>Einbau:<\/td>\n<td>Das Ger\u00e4t ist so einzubauen, da\u00df unterhalb keine W\u00e4rmeerzeuger, z. B. Widerst\u00e4nde, montiert sind<\/td>\n<\/tr>\n<\/tbody>\n<\/table>\n<h1 class=\"csc-firstHeader\">Preise und Informationen Anfordern<\/h1>\n\n<div class=\"wpcf7 no-js\" id=\"wpcf7-f1578-o1\" lang=\"de-DE\" dir=\"ltr\" data-wpcf7-id=\"1578\">\n<div class=\"screen-reader-response\"><p role=\"status\" aria-live=\"polite\" aria-atomic=\"true\"><\/p> <ul><\/ul><\/div>\n<form action=\"\/en\/wp-json\/wp\/v2\/product\/1562#wpcf7-f1578-o1\" method=\"post\" class=\"wpcf7-form init\" aria-label=\"Kontaktformular\" novalidate=\"novalidate\" data-status=\"init\" data-trp-original-action=\"\/en\/wp-json\/wp\/v2\/product\/1562#wpcf7-f1578-o1\">\n<fieldset class=\"hidden-fields-container\"><input type=\"hidden\" name=\"_wpcf7\" value=\"1578\" \/><input type=\"hidden\" name=\"_wpcf7_version\" value=\"6.1.5\" \/><input type=\"hidden\" name=\"_wpcf7_locale\" value=\"de_DE\" \/><input type=\"hidden\" name=\"_wpcf7_unit_tag\" value=\"wpcf7-f1578-o1\" \/><input type=\"hidden\" name=\"_wpcf7_container_post\" value=\"0\" \/><input type=\"hidden\" name=\"_wpcf7_posted_data_hash\" value=\"\" \/><input type=\"hidden\" name=\"_wpcf7_recaptcha_response\" value=\"\" \/>\n<\/fieldset>\n<p><label> Dein Name<br \/>\n<span class=\"wpcf7-form-control-wrap\" data-name=\"your-name\"><input size=\"40\" maxlength=\"400\" class=\"wpcf7-form-control wpcf7-text wpcf7-validates-as-required\" aria-required=\"true\" aria-invalid=\"false\" value=\"\" type=\"text\" name=\"your-name\" \/><\/span> <\/label>\n<\/p>\n<p><label> Deine E-Mail-Adresse<br \/>\n<span class=\"wpcf7-form-control-wrap\" data-name=\"your-email\"><input size=\"40\" maxlength=\"400\" class=\"wpcf7-form-control wpcf7-email wpcf7-validates-as-required wpcf7-text wpcf7-validates-as-email\" aria-required=\"true\" aria-invalid=\"false\" value=\"\" type=\"email\" name=\"your-email\" \/><\/span> <\/label>\n<\/p>\n<p><label> Produkt<br \/>\n<span class=\"wpcf7-form-control-wrap\" data-name=\"your-subject\"><input size=\"40\" maxlength=\"400\" class=\"wpcf7-form-control wpcf7-text wpcf7-validates-as-required\" aria-required=\"true\" aria-invalid=\"false\" value=\"\" type=\"text\" name=\"your-subject\" \/><\/span> <\/label>\n<\/p>\n<p><label> Deine Nachricht<br \/>\n<span class=\"wpcf7-form-control-wrap\" data-name=\"your-message\"><textarea cols=\"40\" rows=\"10\" maxlength=\"2000\" class=\"wpcf7-form-control wpcf7-textarea wpcf7-validates-as-required\" aria-required=\"true\" aria-invalid=\"false\" name=\"your-message\"><\/textarea><\/span> <\/label>\n<\/p>\n<p><span class=\"wpcf7-form-control-wrap\" data-name=\"acceptance-204\"><span class=\"wpcf7-form-control wpcf7-acceptance\"><span class=\"wpcf7-list-item\"><label><input type=\"checkbox\" name=\"acceptance-204\" value=\"1\" aria-invalid=\"false\" \/><span class=\"wpcf7-list-item-label\">Datenschutz Aktzeptieren<\/span><\/label><\/span><\/span><\/span>\n<\/p>\n<p><input class=\"wpcf7-form-control wpcf7-submit has-spinner\" type=\"submit\" value=\"Senden\" \/>\n<\/p><div class=\"wpcf7-response-output\" aria-hidden=\"true\"><\/div>\n<input type=\"hidden\" name=\"trp-form-language\" value=\"en\"\/><\/form>\n<\/div>\n\n<\/div>","protected":false},"excerpt":{"rendered":"<p>Gleichstromsteller DCS2 \/ DCS4 f\u00fcr Gleichstrom- und Universalmotoren F\u00fcr Gleichstrom- und Universalmotoren und andere Verbraucher bis 2\/4 A und 110\/240V Netzspannung. Es kann mit je einem Potentiometer der Minimal- und Maximalwert der Spannung eingestellt werden. Zwischen diesen Werten kann mit einem dritten Potentiometer die Spannung ver\u00e4ndert werden. Als drittes Potentiometer kann entweder das eingebaute oder [&hellip;]<\/p>\n","protected":false},"featured_media":1563,"template":"","meta":[],"product_brand":[],"product_cat":[138],"product_tag":[],"class_list":{"0":"post-1562","1":"product","2":"type-product","3":"status-publish","4":"has-post-thumbnail","6":"product_cat-stromsteller","8":"first","9":"instock","10":"taxable","11":"shipping-taxable","12":"product-type-simple"},"yoast_head":"<!-- This site is optimized with the Yoast SEO plugin v27.5 - https:\/\/yoast.com\/product\/yoast-seo-wordpress\/ -->\n<title>Gleichstromsteller - BBL Elektronik &amp; Aeromet GmbH<\/title>\n<meta name=\"robots\" content=\"index, follow, max-snippet:-1, max-image-preview:large, max-video-preview:-1\" \/>\n<link rel=\"canonical\" href=\"https:\/\/bbl-elektronik.de\/en\/product\/gleichstromsteller\/\" \/>\n<meta property=\"og:locale\" content=\"en_US\" \/>\n<meta property=\"og:type\" content=\"article\" \/>\n<meta property=\"og:title\" content=\"Gleichstromsteller - BBL Elektronik &amp; Aeromet GmbH\" \/>\n<meta property=\"og:description\" content=\"Gleichstromsteller DCS2 \/ DCS4 f\u00fcr Gleichstrom- und Universalmotoren F\u00fcr Gleichstrom- und Universalmotoren und andere Verbraucher bis 2\/4 A und 110\/240V Netzspannung. Es kann mit je einem Potentiometer der Minimal- und Maximalwert der Spannung eingestellt werden. Zwischen diesen Werten kann mit einem dritten Potentiometer die Spannung ver\u00e4ndert werden. Als drittes Potentiometer kann entweder das eingebaute oder [&hellip;]\" \/>\n<meta property=\"og:url\" content=\"https:\/\/bbl-elektronik.de\/en\/product\/gleichstromsteller\/\" \/>\n<meta property=\"og:site_name\" content=\"BBL Elektronik &amp; Aeromet GmbH\" \/>\n<meta property=\"article:publisher\" content=\"https:\/\/www.facebook.com\/bblAeromet\" \/>\n<meta property=\"article:modified_time\" content=\"2023-07-17T09:14:01+00:00\" \/>\n<meta property=\"og:image\" content=\"https:\/\/bbl-elektronik.de\/wp-content\/uploads\/2022\/05\/DCS1528_Homepage.jpg\" \/>\n\t<meta property=\"og:image:width\" content=\"718\" \/>\n\t<meta property=\"og:image:height\" content=\"776\" \/>\n\t<meta property=\"og:image:type\" content=\"image\/jpeg\" \/>\n<meta name=\"twitter:card\" content=\"summary_large_image\" \/>\n<meta name=\"twitter:label1\" content=\"Est. reading time\" \/>\n\t<meta name=\"twitter:data1\" content=\"2 minutes\" \/>\n<script type=\"application\/ld+json\" class=\"yoast-schema-graph\">{\"@context\":\"https:\\\/\\\/schema.org\",\"@graph\":[{\"@type\":\"WebPage\",\"@id\":\"https:\\\/\\\/bbl-elektronik.de\\\/produkt\\\/gleichstromsteller\\\/\",\"url\":\"https:\\\/\\\/bbl-elektronik.de\\\/produkt\\\/gleichstromsteller\\\/\",\"name\":\"Gleichstromsteller - BBL Elektronik &amp; Aeromet GmbH\",\"isPartOf\":{\"@id\":\"https:\\\/\\\/bbl-elektronik.de\\\/#website\"},\"primaryImageOfPage\":{\"@id\":\"https:\\\/\\\/bbl-elektronik.de\\\/produkt\\\/gleichstromsteller\\\/#primaryimage\"},\"image\":{\"@id\":\"https:\\\/\\\/bbl-elektronik.de\\\/produkt\\\/gleichstromsteller\\\/#primaryimage\"},\"thumbnailUrl\":\"https:\\\/\\\/bbl-elektronik.de\\\/wp-content\\\/uploads\\\/2022\\\/05\\\/DCS1528_Homepage.jpg\",\"datePublished\":\"2022-05-17T12:11:55+00:00\",\"dateModified\":\"2023-07-17T09:14:01+00:00\",\"breadcrumb\":{\"@id\":\"https:\\\/\\\/bbl-elektronik.de\\\/produkt\\\/gleichstromsteller\\\/#breadcrumb\"},\"inLanguage\":\"en-US\",\"potentialAction\":[{\"@type\":\"ReadAction\",\"target\":[\"https:\\\/\\\/bbl-elektronik.de\\\/produkt\\\/gleichstromsteller\\\/\"]}]},{\"@type\":\"ImageObject\",\"inLanguage\":\"en-US\",\"@id\":\"https:\\\/\\\/bbl-elektronik.de\\\/produkt\\\/gleichstromsteller\\\/#primaryimage\",\"url\":\"https:\\\/\\\/bbl-elektronik.de\\\/wp-content\\\/uploads\\\/2022\\\/05\\\/DCS1528_Homepage.jpg\",\"contentUrl\":\"https:\\\/\\\/bbl-elektronik.de\\\/wp-content\\\/uploads\\\/2022\\\/05\\\/DCS1528_Homepage.jpg\",\"width\":718,\"height\":776,\"caption\":\"Produktfoto Gleichstromsteller.\"},{\"@type\":\"BreadcrumbList\",\"@id\":\"https:\\\/\\\/bbl-elektronik.de\\\/produkt\\\/gleichstromsteller\\\/#breadcrumb\",\"itemListElement\":[{\"@type\":\"ListItem\",\"position\":1,\"name\":\"Startseite\",\"item\":\"https:\\\/\\\/bbl-elektronik.de\\\/\"},{\"@type\":\"ListItem\",\"position\":2,\"name\":\"Shop\",\"item\":\"https:\\\/\\\/bbl-elektronik.de\\\/shop\\\/\"},{\"@type\":\"ListItem\",\"position\":3,\"name\":\"Gleichstromsteller\"}]},{\"@type\":\"WebSite\",\"@id\":\"https:\\\/\\\/bbl-elektronik.de\\\/#website\",\"url\":\"https:\\\/\\\/bbl-elektronik.de\\\/\",\"name\":\"BBL Elektronik &amp; Aeromet GmbH\",\"description\":\"\",\"publisher\":{\"@id\":\"https:\\\/\\\/bbl-elektronik.de\\\/#organization\"},\"potentialAction\":[{\"@type\":\"SearchAction\",\"target\":{\"@type\":\"EntryPoint\",\"urlTemplate\":\"https:\\\/\\\/bbl-elektronik.de\\\/?s={search_term_string}\"},\"query-input\":{\"@type\":\"PropertyValueSpecification\",\"valueRequired\":true,\"valueName\":\"search_term_string\"}}],\"inLanguage\":\"en-US\"},{\"@type\":\"Organization\",\"@id\":\"https:\\\/\\\/bbl-elektronik.de\\\/#organization\",\"name\":\"BBL Elektronik & Aeromet GmbH\",\"url\":\"https:\\\/\\\/bbl-elektronik.de\\\/\",\"logo\":{\"@type\":\"ImageObject\",\"inLanguage\":\"en-US\",\"@id\":\"https:\\\/\\\/bbl-elektronik.de\\\/#\\\/schema\\\/logo\\\/image\\\/\",\"url\":\"https:\\\/\\\/bbl-elektronik.de\\\/wp-content\\\/uploads\\\/2022\\\/05\\\/bbl_logo.png\",\"contentUrl\":\"https:\\\/\\\/bbl-elektronik.de\\\/wp-content\\\/uploads\\\/2022\\\/05\\\/bbl_logo.png\",\"width\":900,\"height\":299,\"caption\":\"BBL Elektronik & Aeromet GmbH\"},\"image\":{\"@id\":\"https:\\\/\\\/bbl-elektronik.de\\\/#\\\/schema\\\/logo\\\/image\\\/\"},\"sameAs\":[\"https:\\\/\\\/www.facebook.com\\\/bblAeromet\"]}]}<\/script>\n<!-- \/ Yoast SEO plugin. -->","yoast_head_json":{"title":"Gleichstromsteller - BBL Elektronik &amp; Aeromet GmbH","robots":{"index":"index","follow":"follow","max-snippet":"max-snippet:-1","max-image-preview":"max-image-preview:large","max-video-preview":"max-video-preview:-1"},"canonical":"https:\/\/bbl-elektronik.de\/en\/product\/gleichstromsteller\/","og_locale":"en_US","og_type":"article","og_title":"Gleichstromsteller - BBL Elektronik &amp; Aeromet GmbH","og_description":"Gleichstromsteller DCS2 \/ DCS4 f\u00fcr Gleichstrom- und Universalmotoren F\u00fcr Gleichstrom- und Universalmotoren und andere Verbraucher bis 2\/4 A und 110\/240V Netzspannung. Es kann mit je einem Potentiometer der Minimal- und Maximalwert der Spannung eingestellt werden. Zwischen diesen Werten kann mit einem dritten Potentiometer die Spannung ver\u00e4ndert werden. Als drittes Potentiometer kann entweder das eingebaute oder [&hellip;]","og_url":"https:\/\/bbl-elektronik.de\/en\/product\/gleichstromsteller\/","og_site_name":"BBL Elektronik &amp; Aeromet GmbH","article_publisher":"https:\/\/www.facebook.com\/bblAeromet","article_modified_time":"2023-07-17T09:14:01+00:00","og_image":[{"width":718,"height":776,"url":"https:\/\/bbl-elektronik.de\/wp-content\/uploads\/2022\/05\/DCS1528_Homepage.jpg","type":"image\/jpeg"}],"twitter_card":"summary_large_image","twitter_misc":{"Est. reading time":"2 minutes"},"schema":{"@context":"https:\/\/schema.org","@graph":[{"@type":"WebPage","@id":"https:\/\/bbl-elektronik.de\/produkt\/gleichstromsteller\/","url":"https:\/\/bbl-elektronik.de\/produkt\/gleichstromsteller\/","name":"Gleichstromsteller - BBL Elektronik &amp; Aeromet GmbH","isPartOf":{"@id":"https:\/\/bbl-elektronik.de\/#website"},"primaryImageOfPage":{"@id":"https:\/\/bbl-elektronik.de\/produkt\/gleichstromsteller\/#primaryimage"},"image":{"@id":"https:\/\/bbl-elektronik.de\/produkt\/gleichstromsteller\/#primaryimage"},"thumbnailUrl":"https:\/\/bbl-elektronik.de\/wp-content\/uploads\/2022\/05\/DCS1528_Homepage.jpg","datePublished":"2022-05-17T12:11:55+00:00","dateModified":"2023-07-17T09:14:01+00:00","breadcrumb":{"@id":"https:\/\/bbl-elektronik.de\/produkt\/gleichstromsteller\/#breadcrumb"},"inLanguage":"en-US","potentialAction":[{"@type":"ReadAction","target":["https:\/\/bbl-elektronik.de\/produkt\/gleichstromsteller\/"]}]},{"@type":"ImageObject","inLanguage":"en-US","@id":"https:\/\/bbl-elektronik.de\/produkt\/gleichstromsteller\/#primaryimage","url":"https:\/\/bbl-elektronik.de\/wp-content\/uploads\/2022\/05\/DCS1528_Homepage.jpg","contentUrl":"https:\/\/bbl-elektronik.de\/wp-content\/uploads\/2022\/05\/DCS1528_Homepage.jpg","width":718,"height":776,"caption":"Produktfoto Gleichstromsteller."},{"@type":"BreadcrumbList","@id":"https:\/\/bbl-elektronik.de\/produkt\/gleichstromsteller\/#breadcrumb","itemListElement":[{"@type":"ListItem","position":1,"name":"Startseite","item":"https:\/\/bbl-elektronik.de\/"},{"@type":"ListItem","position":2,"name":"Shop","item":"https:\/\/bbl-elektronik.de\/shop\/"},{"@type":"ListItem","position":3,"name":"Gleichstromsteller"}]},{"@type":"WebSite","@id":"https:\/\/bbl-elektronik.de\/#website","url":"https:\/\/bbl-elektronik.de\/","name":"BBL Elektronik &amp; Aeromet GmbH","description":"","publisher":{"@id":"https:\/\/bbl-elektronik.de\/#organization"},"potentialAction":[{"@type":"SearchAction","target":{"@type":"EntryPoint","urlTemplate":"https:\/\/bbl-elektronik.de\/?s={search_term_string}"},"query-input":{"@type":"PropertyValueSpecification","valueRequired":true,"valueName":"search_term_string"}}],"inLanguage":"en-US"},{"@type":"Organization","@id":"https:\/\/bbl-elektronik.de\/#organization","name":"BBL Elektronik & Aeromet GmbH","url":"https:\/\/bbl-elektronik.de\/","logo":{"@type":"ImageObject","inLanguage":"en-US","@id":"https:\/\/bbl-elektronik.de\/#\/schema\/logo\/image\/","url":"https:\/\/bbl-elektronik.de\/wp-content\/uploads\/2022\/05\/bbl_logo.png","contentUrl":"https:\/\/bbl-elektronik.de\/wp-content\/uploads\/2022\/05\/bbl_logo.png","width":900,"height":299,"caption":"BBL Elektronik & Aeromet GmbH"},"image":{"@id":"https:\/\/bbl-elektronik.de\/#\/schema\/logo\/image\/"},"sameAs":["https:\/\/www.facebook.com\/bblAeromet"]}]}},"_links":{"self":[{"href":"https:\/\/bbl-elektronik.de\/en\/wp-json\/wp\/v2\/product\/1562","targetHints":{"allow":["GET"]}}],"collection":[{"href":"https:\/\/bbl-elektronik.de\/en\/wp-json\/wp\/v2\/product"}],"about":[{"href":"https:\/\/bbl-elektronik.de\/en\/wp-json\/wp\/v2\/types\/product"}],"wp:featuredmedia":[{"embeddable":true,"href":"https:\/\/bbl-elektronik.de\/en\/wp-json\/wp\/v2\/media\/1563"}],"wp:attachment":[{"href":"https:\/\/bbl-elektronik.de\/en\/wp-json\/wp\/v2\/media?parent=1562"}],"wp:term":[{"taxonomy":"product_brand","embeddable":true,"href":"https:\/\/bbl-elektronik.de\/en\/wp-json\/wp\/v2\/product_brand?post=1562"},{"taxonomy":"product_cat","embeddable":true,"href":"https:\/\/bbl-elektronik.de\/en\/wp-json\/wp\/v2\/product_cat?post=1562"},{"taxonomy":"product_tag","embeddable":true,"href":"https:\/\/bbl-elektronik.de\/en\/wp-json\/wp\/v2\/product_tag?post=1562"}],"curies":[{"name":"wp","href":"https:\/\/api.w.org\/{rel}","templated":true}]}}