{"id":121,"date":"2022-05-17T11:30:08","date_gmt":"2022-05-17T09:30:08","guid":{"rendered":"http:\/\/bblshop.exabotics.de\/?post_type=product&#038;p=121"},"modified":"2023-07-17T11:11:09","modified_gmt":"2023-07-17T09:11:09","slug":"aer-statomat","status":"publish","type":"product","link":"https:\/\/bbl-elektronik.de\/en\/product\/aer-statomat\/","title":{"rendered":"AER Statomat"},"content":{"rendered":"<p>Das Bremsger\u00e4t Statomat ist ein Ger\u00e4t der Leistungselektronik zum schnellen und verschlei\u00dffreien Abbremsen aller Dreh- und Wechselstrommotorenarten.\u00a0Der Bremsverlauf beginnt sanft und wirkt mit sinkender Drehzahl progressiv. Im Stillstand ist das Drehmoment praktisch Null. Bei Schleifringl\u00e4ufermotoren kann durch Zuschalten von L\u00e4uferwiderstand der Bremsmomentverlauf ver\u00e4ndert werden. Der optimale Verlauf muss in diesem Falle empirisch ermittelt werden. Im Ger\u00e4t selbst sind zwei Einstellpotentiometer eingebaut: Bremsintensit\u00e4t und Bremszeit.<\/p>\n<p>Das Startkommando wird von einem Schlie\u00dfer des Netzsch\u00fctzes gegeben. Schlie\u00dft dieser Kontakt, der an die Klemmen 2 und 4 des Bremsger\u00e4tes anzuschlie\u00dfen ist, wird eine Bremsung vorbereitet, \u00f6ffnet er danach, wird die Bremsung eingeleitet. Dieses Startkommando wird der Logik \u00fcber einen Optokoppler zugef\u00fchrt, dessen Prim\u00e4rkreis von der Steuerspannung gespeist wird. Aus diesem Grunde kann das Startkommando auch von den Kontakteinrichtungen gegeben werden, die das Netzsch\u00fctz schalten (Klemmen 4 und 1 parallel zum Netzsch\u00fctz).\u00a0S\u00e4mtliche Bremsger\u00e4te mit dem Typenzusatz &#8230;.-E k\u00f6nnen anstelle des Schlie\u00dfers zwischen den Klemmen 3 und 4 kontaktlos \u00fcber 24 V gestartet werden.<\/p>\n<p>Die Logik dieses Bremsger\u00e4tes ist so aufgebaut, dass ca. 600 ms nach Ausschalten des Motors das Bremssch\u00fctz anzieht, nach weiteren 400 ms z\u00fcndet der Thyristor. Dies erst leitet die eigentliche Bremsphase ein.\u00a0Ist die eingestellte Bremszeit abgelaufen, wird zun\u00e4chst der Thyristor gesperrt, nach weiteren 1500 ms f\u00e4llt das Bremssch\u00fctz ab. Da das Bremssch\u00fctz demzufolge stromlos schaltet, kann ein normales Wechselstromsch\u00fctz bis zu seinem 1 &#8211; 1,5-fachen Ith-Wert betrieben werden.\u00a0Die oben angegebenen Schaltzeiten k\u00f6nnen beliebig ver\u00e4ndert &#8211; auch verk\u00fcrzt &#8211; werden. Es m\u00fcssen allerdings unter Umst\u00e4nden Zusatzma\u00dfnahmen ergriffen werden (Kurzschlusskontakt, Kompensationsschaltung). Hierzu stellen wir Ihnen auf Wunsch Sonderapplikationen zur Verf\u00fcgung.<\/p>\n<p>Die Bremsschaltung ist streng nach unseren Applikationsschaltungen auszuf\u00fchren. Vor allem ist die Einhaltung der beiden Verriegelungsschleifen zwischen Motor- und Bremsbetrieb unerl\u00e4sslich. Es ist ferner darauf zu achten, dass w\u00e4hrend des Bremsvorganges die Steuerspannung von Bremsger\u00e4t und Bremssch\u00fctz nicht durch externe Schaltglieder unterbrochen wird. Auf keinen Fall darf ein einmal eingeleiteter Bremsablauf durch Abschalten des Bremssch\u00fctzes unterbrochen werden. Soll ein Bremsvorgang vorzeitig unterbrochen werden, muss eine Verbindung zwischen den Klemmen 2 und 4 des Bremsger\u00e4tes hergestellt werden. Hierdurch wird ein Bremsvorgang regul\u00e4r beendet, wobei zu beachten ist, dass nach \u00f6ffnen dieser Verbindung ein neuer Bremsvorgang eingeleitet wird.<\/p>\n<p>Es ist m\u00f6glich, beliebig viele Motoren mit einem Zentralbremsger\u00e4t abzubremsen. Wegen der Vielzahl der M\u00f6glichkeiten erstellen wir von Fall zu Fall anlagenbezogene Sonderapplikationen. Mit dem Multiplikationsfaktor der aus den Einspeisungspl\u00e4nen ersichtlich ist, kann die Gr\u00f6\u00dfe des Bremsger\u00e4tes selbst bestimmt werden. Dieser Faktor zum Motornennstrom gilt bei 50- und 100-Hz Motoren. Bei 200- und 300-Hz Motoren erh\u00f6ht sich der erforderliche Bremsstrom um weitere 60%, wobei noch zu beachten ist, dass auch die Nennstr\u00f6me dieser Motoren bei Generatorspannungen von 165 V extrem hoch sind.\u00a0Das Ger\u00e4t darf mit seinem maximalen Typenstrom bis zu einer Bremsdauer von 20 s belastet werden. Bei l\u00e4ngeren Bremszeiten bzw. mehreren Bremsungen innerhalb einer Minute ist unter Umst\u00e4nden eine Reduzierung des Typenstromes erforderlich. Um auf eine optimale Auslegung zu kommen, empfiehlt sich eine R\u00fcckfrage bei uns unter Angabe der vorhandenen Verh\u00e4ltnisse.<\/p>\n<p>Soll das Ger\u00e4t von uns ausgelegt werden, ben\u00f6tigen wir folgende Angaben:<\/p>\n<p>Netzspannung, Steuerspannung, Frequenz, Motorleistung, Motornennstrom, Nenndrehzahl, gew\u00fcnschte Betriebszeit, evtl. vorhandene Hochlaufzeit, Schalth\u00e4ufigkeit, Betriebsart (Direktanlauf, Stern-Dreieck-Anlauf, Wendebetrieb, Polumschaltung, Dahlanderschaltung, uvm.)<\/p>\n<h2>Stillstandsdetektor<\/h2>\n<p>Der integrierte Stillstandsdetektor ben\u00f6tigt eine zus\u00e4tzliche Motorzuleitung (W bzw. N1).\u00a0Diese Zuleitung ist mit einer 200mA\/F-Sicherung abzusichern. Bei Spannungszuschaltung zeigt die\u00a0gr\u00fcne LED des Detektors Stillstand an. Sobald der Motor gestartet wird, erlischt sie.\u00a0Der Detektor braucht zum Betrieb eine minimale Nachbremszeit, die mit dem Bremszeitpoti eingestellt\u00a0wird. Ist die Nachbremszeit zu gering eingestellt, bleibt der Detektor bei der Stillstandsanzeige.\u00a0Durch Hochdrehen des Zeitpotis, kann die Zeit nachgestellt werden. Die Auswertung des Zustands\u00a0des Detektors kann auch \u00fcber die Relaisausg\u00e4nge 9-10-11 (9-10: NC, 10-11: NO) erfolgen.\u00a0Die Bremszeit setzt sich also aus der Detektierzeit bis fast Motorstillstand und der danach wirksamen\u00a0Nachbremszeit zusammen. Die Nachbremszeit ist so zu w\u00e4hlen, dass der Motor bei Bremsende\u00a0sicher steht.<\/p>\n<pre><strong><a href=\"https:\/\/bbl-elektronik.de\/en\/fileadmin\/user_upload\/AER_Einzelbremsgeraet.pdf\/\">Datenblatt AER anklicken<\/a><\/strong><\/pre>\n<h1>Technische Daten<\/h1>\n<div class=\"table-responsive\">\n<table class=\"table\" border=\"0\" cellspacing=\"0\" cellpadding=\"0\">\n<tbody>\n<tr>\n<td>Bremsstrom:<\/td>\n<td>30 bis 1200 A in 13 Stufen<\/td>\n<td><\/td>\n<\/tr>\n<tr>\n<td>siehe dazu auch Auswahlliste!<\/td>\n<td><\/td>\n<td><\/td>\n<\/tr>\n<tr>\n<td>Strombereichseinstellungen:<\/td>\n<td>0 &#8211; 20 %<\/td>\n<td><\/td>\n<\/tr>\n<tr>\n<td><\/td>\n<td>0 &#8211; 50 %<\/td>\n<td>durch DIP-Schalter<\/td>\n<\/tr>\n<tr>\n<td><\/td>\n<td>0 &#8211; 80 %<\/td>\n<td>programierbar<\/td>\n<\/tr>\n<tr>\n<td><\/td>\n<td>0 &#8211; 100 %<\/td>\n<td><\/td>\n<\/tr>\n<tr>\n<td>Absicherung:<\/td>\n<td>siehe Auswahlliste!<\/td>\n<td><\/td>\n<\/tr>\n<tr>\n<td>Betriebsspannung:<\/td>\n<td>400 VAC, 500 VAC, 600 VAC<\/td>\n<td>+10 % \/ -90 %<\/td>\n<\/tr>\n<tr>\n<td>Steuerspannung:<\/td>\n<td>18 VAC, 24 VAC, 42 VAC, 115\/230 VAC<\/td>\n<td>+\/- 20 %<\/td>\n<\/tr>\n<tr>\n<td>Leistungsaufnahme der Steuerspannung:<\/td>\n<td>&nbsp;<\/p>\n<p>max. 10 VA<\/td>\n<td><\/td>\n<\/tr>\n<tr>\n<td>zul\u00e4ssige Lagertemperatur:<\/td>\n<td>-25\u00b0 C bis +70\u00b0 C<\/td>\n<td><\/td>\n<\/tr>\n<tr>\n<td>zul\u00e4ssige Betriebstemperatur \/ Umgebungstemp.:<\/td>\n<td>&nbsp;<\/p>\n<p>-10\u00b0 C bis +45\u00b0 C<\/td>\n<td><\/td>\n<\/tr>\n<tr>\n<td>Temperaturanstieg bei max. Bremsstrom bis 20 sek. Dauer:<\/td>\n<td>max. 30\u00b0 C; Abk\u00fchlung auf 10 %<\/p>\n<p>innerhalb 40 sek.<\/td>\n<td><\/td>\n<\/tr>\n<tr>\n<td>&nbsp;<\/p>\n<p>&nbsp;<\/p>\n<p>Schutzart:<\/td>\n<td>IP00 Kunststoffgeh\u00e4use Metallgeh\u00e4use mit Schutzleiteranschluss<\/td>\n<td><\/td>\n<\/tr>\n<tr>\n<td>Spannungsfestigkeit zw. Netz- und<\/p>\n<p>Steuerspannungsklemmen:<\/td>\n<td>&nbsp;<\/p>\n<p>&gt; 4 KV (nicht angeschlossen)<\/td>\n<td><\/td>\n<\/tr>\n<tr>\n<td>\u00dcberspannungsfestigkeit f\u00fcr Span- nungsspitzen im Mikro- und Millisekun- denbereich bei:<\/td>\n<td><\/td>\n<td><\/td>\n<\/tr>\n<tr>\n<td>400 V<\/td>\n<td>3,0 x U N<\/td>\n<td>&nbsp;<\/p>\n<p>zus\u00e4tzliche Spitzenspannungs- und TSE- Begrenzung durch int. Varistoren und<\/p>\n<p>RC-Beschaltung (Snubber-Glied)<\/td>\n<\/tr>\n<tr>\n<td>500 V<\/td>\n<td>2,8 x U N<\/td>\n<\/tr>\n<tr>\n<td>600 V<\/td>\n<td>2,6 x U N<\/td>\n<\/tr>\n<tr>\n<td>Ersch\u00fctterungsfestigkeit:<\/td>\n<td>nach DIN ICE 68<\/td>\n<td><\/td>\n<\/tr>\n<tr>\n<td>&nbsp;<\/p>\n<p>Funktionssteuerplatte:<\/td>\n<td>Durchkontaktierte Platinen, konventionelle Best\u00fcckung<\/td>\n<td><\/td>\n<\/tr>\n<tr>\n<td>Zeitbereiche:<\/td>\n<td>0 \u2013 10 sec.<\/td>\n<td>durch DIP-Schalter<\/td>\n<\/tr>\n<tr>\n<td><\/td>\n<td>0 \u2013 15 sec.<\/td>\n<td>programierbar<\/td>\n<\/tr>\n<tr>\n<td><\/td>\n<td>0 \u2013 20 sec.<\/td>\n<td>Zeitgenauigkeit +\/- 10 %<\/td>\n<\/tr>\n<tr>\n<td><\/td>\n<td>0 \u2013 30 sec.<\/td>\n<td>Wiederholgenauigkeit +\/- 0,5 %<\/td>\n<\/tr>\n<\/tbody>\n<\/table>\n<p>&nbsp;<\/p>\n<h1 class=\"csc-firstHeader\">Preise und Informationen Anfordern<\/h1>\n\n<div class=\"wpcf7 no-js\" id=\"wpcf7-f1578-o1\" lang=\"de-DE\" dir=\"ltr\" data-wpcf7-id=\"1578\">\n<div class=\"screen-reader-response\"><p role=\"status\" aria-live=\"polite\" aria-atomic=\"true\"><\/p> <ul><\/ul><\/div>\n<form action=\"\/en\/wp-json\/wp\/v2\/product\/121#wpcf7-f1578-o1\" method=\"post\" class=\"wpcf7-form init\" aria-label=\"Kontaktformular\" novalidate=\"novalidate\" data-status=\"init\" data-trp-original-action=\"\/en\/wp-json\/wp\/v2\/product\/121#wpcf7-f1578-o1\">\n<fieldset class=\"hidden-fields-container\"><input type=\"hidden\" name=\"_wpcf7\" value=\"1578\" \/><input type=\"hidden\" name=\"_wpcf7_version\" value=\"6.1.5\" \/><input type=\"hidden\" name=\"_wpcf7_locale\" value=\"de_DE\" \/><input type=\"hidden\" name=\"_wpcf7_unit_tag\" value=\"wpcf7-f1578-o1\" \/><input type=\"hidden\" name=\"_wpcf7_container_post\" value=\"0\" \/><input type=\"hidden\" name=\"_wpcf7_posted_data_hash\" value=\"\" \/><input type=\"hidden\" name=\"_wpcf7_recaptcha_response\" value=\"\" \/>\n<\/fieldset>\n<p><label> Dein Name<br \/>\n<span class=\"wpcf7-form-control-wrap\" data-name=\"your-name\"><input size=\"40\" maxlength=\"400\" class=\"wpcf7-form-control wpcf7-text wpcf7-validates-as-required\" aria-required=\"true\" aria-invalid=\"false\" value=\"\" type=\"text\" name=\"your-name\" \/><\/span> <\/label>\n<\/p>\n<p><label> Deine E-Mail-Adresse<br \/>\n<span class=\"wpcf7-form-control-wrap\" data-name=\"your-email\"><input size=\"40\" maxlength=\"400\" class=\"wpcf7-form-control wpcf7-email wpcf7-validates-as-required wpcf7-text wpcf7-validates-as-email\" aria-required=\"true\" aria-invalid=\"false\" value=\"\" type=\"email\" name=\"your-email\" \/><\/span> <\/label>\n<\/p>\n<p><label> Produkt<br \/>\n<span class=\"wpcf7-form-control-wrap\" data-name=\"your-subject\"><input size=\"40\" maxlength=\"400\" class=\"wpcf7-form-control wpcf7-text wpcf7-validates-as-required\" aria-required=\"true\" aria-invalid=\"false\" value=\"\" type=\"text\" name=\"your-subject\" \/><\/span> <\/label>\n<\/p>\n<p><label> Deine Nachricht<br \/>\n<span class=\"wpcf7-form-control-wrap\" data-name=\"your-message\"><textarea cols=\"40\" rows=\"10\" maxlength=\"2000\" class=\"wpcf7-form-control wpcf7-textarea wpcf7-validates-as-required\" aria-required=\"true\" aria-invalid=\"false\" name=\"your-message\"><\/textarea><\/span> <\/label>\n<\/p>\n<p><span class=\"wpcf7-form-control-wrap\" data-name=\"acceptance-204\"><span class=\"wpcf7-form-control wpcf7-acceptance\"><span class=\"wpcf7-list-item\"><label><input type=\"checkbox\" name=\"acceptance-204\" value=\"1\" aria-invalid=\"false\" \/><span class=\"wpcf7-list-item-label\">Datenschutz Aktzeptieren<\/span><\/label><\/span><\/span><\/span>\n<\/p>\n<p><input class=\"wpcf7-form-control wpcf7-submit has-spinner\" type=\"submit\" value=\"Senden\" \/>\n<\/p><div class=\"wpcf7-response-output\" aria-hidden=\"true\"><\/div>\n<input type=\"hidden\" name=\"trp-form-language\" value=\"en\"\/><\/form>\n<\/div>\n\n<\/div>","protected":false},"excerpt":{"rendered":"<p>Das Bremsger\u00e4t Statomat ist ein Ger\u00e4t der Leistungselektronik zum schnellen und verschlei\u00dffreien Abbremsen aller Dreh- und Wechselstrommotorenarten.\u00a0Der Bremsverlauf beginnt sanft und wirkt mit sinkender Drehzahl progressiv. Im Stillstand ist das Drehmoment praktisch Null. Bei Schleifringl\u00e4ufermotoren kann durch Zuschalten von L\u00e4uferwiderstand der Bremsmomentverlauf ver\u00e4ndert werden. Der optimale Verlauf muss in diesem Falle empirisch ermittelt werden. Im [&hellip;]<\/p>\n","protected":false},"featured_media":123,"template":"","meta":[],"product_brand":[],"product_cat":[37],"product_tag":[],"class_list":{"0":"post-121","1":"product","2":"type-product","3":"status-publish","4":"has-post-thumbnail","6":"product_cat-bremsgeraete","8":"first","9":"instock","10":"taxable","11":"shipping-taxable","12":"product-type-simple"},"yoast_head":"<!-- This site is optimized with the Yoast SEO plugin v27.5 - https:\/\/yoast.com\/product\/yoast-seo-wordpress\/ -->\n<title>AER Statomat - BBL Elektronik &amp; Aeromet GmbH<\/title>\n<meta name=\"robots\" content=\"index, follow, max-snippet:-1, max-image-preview:large, max-video-preview:-1\" \/>\n<link rel=\"canonical\" href=\"https:\/\/bbl-elektronik.de\/en\/product\/aer-statomat\/\" \/>\n<meta property=\"og:locale\" content=\"en_US\" \/>\n<meta property=\"og:type\" content=\"article\" \/>\n<meta property=\"og:title\" content=\"AER Statomat - BBL Elektronik &amp; Aeromet GmbH\" \/>\n<meta property=\"og:description\" content=\"Das Bremsger\u00e4t Statomat ist ein Ger\u00e4t der Leistungselektronik zum schnellen und verschlei\u00dffreien Abbremsen aller Dreh- und Wechselstrommotorenarten.\u00a0Der Bremsverlauf beginnt sanft und wirkt mit sinkender Drehzahl progressiv. Im Stillstand ist das Drehmoment praktisch Null. Bei Schleifringl\u00e4ufermotoren kann durch Zuschalten von L\u00e4uferwiderstand der Bremsmomentverlauf ver\u00e4ndert werden. Der optimale Verlauf muss in diesem Falle empirisch ermittelt werden. Im [&hellip;]\" \/>\n<meta property=\"og:url\" content=\"https:\/\/bbl-elektronik.de\/en\/product\/aer-statomat\/\" \/>\n<meta property=\"og:site_name\" content=\"BBL Elektronik &amp; Aeromet GmbH\" \/>\n<meta property=\"article:publisher\" content=\"https:\/\/www.facebook.com\/bblAeromet\" \/>\n<meta property=\"article:modified_time\" content=\"2023-07-17T09:11:09+00:00\" \/>\n<meta property=\"og:image\" content=\"https:\/\/bbl-elektronik.de\/wp-content\/uploads\/2022\/05\/AER-Statomat_breit1506.jpg\" \/>\n\t<meta property=\"og:image:width\" content=\"800\" \/>\n\t<meta property=\"og:image:height\" content=\"722\" \/>\n\t<meta property=\"og:image:type\" content=\"image\/jpeg\" \/>\n<meta name=\"twitter:card\" content=\"summary_large_image\" \/>\n<meta name=\"twitter:label1\" content=\"Est. reading time\" \/>\n\t<meta name=\"twitter:data1\" content=\"5 minutes\" \/>\n<script type=\"application\/ld+json\" class=\"yoast-schema-graph\">{\"@context\":\"https:\\\/\\\/schema.org\",\"@graph\":[{\"@type\":\"WebPage\",\"@id\":\"https:\\\/\\\/bbl-elektronik.de\\\/produkt\\\/aer-statomat\\\/\",\"url\":\"https:\\\/\\\/bbl-elektronik.de\\\/produkt\\\/aer-statomat\\\/\",\"name\":\"AER Statomat - BBL Elektronik &amp; Aeromet GmbH\",\"isPartOf\":{\"@id\":\"https:\\\/\\\/bbl-elektronik.de\\\/#website\"},\"primaryImageOfPage\":{\"@id\":\"https:\\\/\\\/bbl-elektronik.de\\\/produkt\\\/aer-statomat\\\/#primaryimage\"},\"image\":{\"@id\":\"https:\\\/\\\/bbl-elektronik.de\\\/produkt\\\/aer-statomat\\\/#primaryimage\"},\"thumbnailUrl\":\"https:\\\/\\\/bbl-elektronik.de\\\/wp-content\\\/uploads\\\/2022\\\/05\\\/AER-Statomat_breit1506.jpg\",\"datePublished\":\"2022-05-17T09:30:08+00:00\",\"dateModified\":\"2023-07-17T09:11:09+00:00\",\"breadcrumb\":{\"@id\":\"https:\\\/\\\/bbl-elektronik.de\\\/produkt\\\/aer-statomat\\\/#breadcrumb\"},\"inLanguage\":\"en-US\",\"potentialAction\":[{\"@type\":\"ReadAction\",\"target\":[\"https:\\\/\\\/bbl-elektronik.de\\\/produkt\\\/aer-statomat\\\/\"]}]},{\"@type\":\"ImageObject\",\"inLanguage\":\"en-US\",\"@id\":\"https:\\\/\\\/bbl-elektronik.de\\\/produkt\\\/aer-statomat\\\/#primaryimage\",\"url\":\"https:\\\/\\\/bbl-elektronik.de\\\/wp-content\\\/uploads\\\/2022\\\/05\\\/AER-Statomat_breit1506.jpg\",\"contentUrl\":\"https:\\\/\\\/bbl-elektronik.de\\\/wp-content\\\/uploads\\\/2022\\\/05\\\/AER-Statomat_breit1506.jpg\",\"width\":800,\"height\":722,\"caption\":\"Produktfoto AER Statomat.\"},{\"@type\":\"BreadcrumbList\",\"@id\":\"https:\\\/\\\/bbl-elektronik.de\\\/produkt\\\/aer-statomat\\\/#breadcrumb\",\"itemListElement\":[{\"@type\":\"ListItem\",\"position\":1,\"name\":\"Startseite\",\"item\":\"https:\\\/\\\/bbl-elektronik.de\\\/\"},{\"@type\":\"ListItem\",\"position\":2,\"name\":\"Shop\",\"item\":\"https:\\\/\\\/bbl-elektronik.de\\\/shop\\\/\"},{\"@type\":\"ListItem\",\"position\":3,\"name\":\"AER Statomat\"}]},{\"@type\":\"WebSite\",\"@id\":\"https:\\\/\\\/bbl-elektronik.de\\\/#website\",\"url\":\"https:\\\/\\\/bbl-elektronik.de\\\/\",\"name\":\"BBL Elektronik &amp; Aeromet GmbH\",\"description\":\"\",\"publisher\":{\"@id\":\"https:\\\/\\\/bbl-elektronik.de\\\/#organization\"},\"potentialAction\":[{\"@type\":\"SearchAction\",\"target\":{\"@type\":\"EntryPoint\",\"urlTemplate\":\"https:\\\/\\\/bbl-elektronik.de\\\/?s={search_term_string}\"},\"query-input\":{\"@type\":\"PropertyValueSpecification\",\"valueRequired\":true,\"valueName\":\"search_term_string\"}}],\"inLanguage\":\"en-US\"},{\"@type\":\"Organization\",\"@id\":\"https:\\\/\\\/bbl-elektronik.de\\\/#organization\",\"name\":\"BBL Elektronik & Aeromet GmbH\",\"url\":\"https:\\\/\\\/bbl-elektronik.de\\\/\",\"logo\":{\"@type\":\"ImageObject\",\"inLanguage\":\"en-US\",\"@id\":\"https:\\\/\\\/bbl-elektronik.de\\\/#\\\/schema\\\/logo\\\/image\\\/\",\"url\":\"https:\\\/\\\/bbl-elektronik.de\\\/wp-content\\\/uploads\\\/2022\\\/05\\\/bbl_logo.png\",\"contentUrl\":\"https:\\\/\\\/bbl-elektronik.de\\\/wp-content\\\/uploads\\\/2022\\\/05\\\/bbl_logo.png\",\"width\":900,\"height\":299,\"caption\":\"BBL Elektronik & Aeromet GmbH\"},\"image\":{\"@id\":\"https:\\\/\\\/bbl-elektronik.de\\\/#\\\/schema\\\/logo\\\/image\\\/\"},\"sameAs\":[\"https:\\\/\\\/www.facebook.com\\\/bblAeromet\"]}]}<\/script>\n<!-- \/ Yoast SEO plugin. -->","yoast_head_json":{"title":"AER Statomat - BBL Elektronik &amp; Aeromet GmbH","robots":{"index":"index","follow":"follow","max-snippet":"max-snippet:-1","max-image-preview":"max-image-preview:large","max-video-preview":"max-video-preview:-1"},"canonical":"https:\/\/bbl-elektronik.de\/en\/product\/aer-statomat\/","og_locale":"en_US","og_type":"article","og_title":"AER Statomat - BBL Elektronik &amp; Aeromet GmbH","og_description":"Das Bremsger\u00e4t Statomat ist ein Ger\u00e4t der Leistungselektronik zum schnellen und verschlei\u00dffreien Abbremsen aller Dreh- und Wechselstrommotorenarten.\u00a0Der Bremsverlauf beginnt sanft und wirkt mit sinkender Drehzahl progressiv. Im Stillstand ist das Drehmoment praktisch Null. Bei Schleifringl\u00e4ufermotoren kann durch Zuschalten von L\u00e4uferwiderstand der Bremsmomentverlauf ver\u00e4ndert werden. Der optimale Verlauf muss in diesem Falle empirisch ermittelt werden. Im [&hellip;]","og_url":"https:\/\/bbl-elektronik.de\/en\/product\/aer-statomat\/","og_site_name":"BBL Elektronik &amp; Aeromet GmbH","article_publisher":"https:\/\/www.facebook.com\/bblAeromet","article_modified_time":"2023-07-17T09:11:09+00:00","og_image":[{"width":800,"height":722,"url":"https:\/\/bbl-elektronik.de\/wp-content\/uploads\/2022\/05\/AER-Statomat_breit1506.jpg","type":"image\/jpeg"}],"twitter_card":"summary_large_image","twitter_misc":{"Est. reading time":"5 minutes"},"schema":{"@context":"https:\/\/schema.org","@graph":[{"@type":"WebPage","@id":"https:\/\/bbl-elektronik.de\/produkt\/aer-statomat\/","url":"https:\/\/bbl-elektronik.de\/produkt\/aer-statomat\/","name":"AER Statomat - BBL Elektronik &amp; Aeromet GmbH","isPartOf":{"@id":"https:\/\/bbl-elektronik.de\/#website"},"primaryImageOfPage":{"@id":"https:\/\/bbl-elektronik.de\/produkt\/aer-statomat\/#primaryimage"},"image":{"@id":"https:\/\/bbl-elektronik.de\/produkt\/aer-statomat\/#primaryimage"},"thumbnailUrl":"https:\/\/bbl-elektronik.de\/wp-content\/uploads\/2022\/05\/AER-Statomat_breit1506.jpg","datePublished":"2022-05-17T09:30:08+00:00","dateModified":"2023-07-17T09:11:09+00:00","breadcrumb":{"@id":"https:\/\/bbl-elektronik.de\/produkt\/aer-statomat\/#breadcrumb"},"inLanguage":"en-US","potentialAction":[{"@type":"ReadAction","target":["https:\/\/bbl-elektronik.de\/produkt\/aer-statomat\/"]}]},{"@type":"ImageObject","inLanguage":"en-US","@id":"https:\/\/bbl-elektronik.de\/produkt\/aer-statomat\/#primaryimage","url":"https:\/\/bbl-elektronik.de\/wp-content\/uploads\/2022\/05\/AER-Statomat_breit1506.jpg","contentUrl":"https:\/\/bbl-elektronik.de\/wp-content\/uploads\/2022\/05\/AER-Statomat_breit1506.jpg","width":800,"height":722,"caption":"Produktfoto AER Statomat."},{"@type":"BreadcrumbList","@id":"https:\/\/bbl-elektronik.de\/produkt\/aer-statomat\/#breadcrumb","itemListElement":[{"@type":"ListItem","position":1,"name":"Startseite","item":"https:\/\/bbl-elektronik.de\/"},{"@type":"ListItem","position":2,"name":"Shop","item":"https:\/\/bbl-elektronik.de\/shop\/"},{"@type":"ListItem","position":3,"name":"AER Statomat"}]},{"@type":"WebSite","@id":"https:\/\/bbl-elektronik.de\/#website","url":"https:\/\/bbl-elektronik.de\/","name":"BBL Elektronik &amp; Aeromet GmbH","description":"","publisher":{"@id":"https:\/\/bbl-elektronik.de\/#organization"},"potentialAction":[{"@type":"SearchAction","target":{"@type":"EntryPoint","urlTemplate":"https:\/\/bbl-elektronik.de\/?s={search_term_string}"},"query-input":{"@type":"PropertyValueSpecification","valueRequired":true,"valueName":"search_term_string"}}],"inLanguage":"en-US"},{"@type":"Organization","@id":"https:\/\/bbl-elektronik.de\/#organization","name":"BBL Elektronik & Aeromet GmbH","url":"https:\/\/bbl-elektronik.de\/","logo":{"@type":"ImageObject","inLanguage":"en-US","@id":"https:\/\/bbl-elektronik.de\/#\/schema\/logo\/image\/","url":"https:\/\/bbl-elektronik.de\/wp-content\/uploads\/2022\/05\/bbl_logo.png","contentUrl":"https:\/\/bbl-elektronik.de\/wp-content\/uploads\/2022\/05\/bbl_logo.png","width":900,"height":299,"caption":"BBL Elektronik & Aeromet GmbH"},"image":{"@id":"https:\/\/bbl-elektronik.de\/#\/schema\/logo\/image\/"},"sameAs":["https:\/\/www.facebook.com\/bblAeromet"]}]}},"_links":{"self":[{"href":"https:\/\/bbl-elektronik.de\/en\/wp-json\/wp\/v2\/product\/121","targetHints":{"allow":["GET"]}}],"collection":[{"href":"https:\/\/bbl-elektronik.de\/en\/wp-json\/wp\/v2\/product"}],"about":[{"href":"https:\/\/bbl-elektronik.de\/en\/wp-json\/wp\/v2\/types\/product"}],"wp:featuredmedia":[{"embeddable":true,"href":"https:\/\/bbl-elektronik.de\/en\/wp-json\/wp\/v2\/media\/123"}],"wp:attachment":[{"href":"https:\/\/bbl-elektronik.de\/en\/wp-json\/wp\/v2\/media?parent=121"}],"wp:term":[{"taxonomy":"product_brand","embeddable":true,"href":"https:\/\/bbl-elektronik.de\/en\/wp-json\/wp\/v2\/product_brand?post=121"},{"taxonomy":"product_cat","embeddable":true,"href":"https:\/\/bbl-elektronik.de\/en\/wp-json\/wp\/v2\/product_cat?post=121"},{"taxonomy":"product_tag","embeddable":true,"href":"https:\/\/bbl-elektronik.de\/en\/wp-json\/wp\/v2\/product_tag?post=121"}],"curies":[{"name":"wp","href":"https:\/\/api.w.org\/{rel}","templated":true}]}}