{"id":103,"date":"2022-05-17T08:19:49","date_gmt":"2022-05-17T06:19:49","guid":{"rendered":"http:\/\/bblshop.exabotics.de\/?post_type=product&#038;p=103"},"modified":"2023-07-17T11:09:37","modified_gmt":"2023-07-17T09:09:37","slug":"mhb-ministatomat","status":"publish","type":"product","link":"https:\/\/bbl-elektronik.de\/en\/product\/mhb-ministatomat\/","title":{"rendered":"MHB Ministatomat"},"content":{"rendered":"<div id=\"c653\">\n<p>Sie wurde f\u00fcr Bremsstr\u00f6me bis 40 A mit integriertem Bremssch\u00fctz (Relais) und bis 110 A mit externem Bremssch\u00fctz konzipiert. Da bei dieser Gleichstrombremse ein au\u00dfenliegender profilierter K\u00fchlk\u00f6rper \u00e4hnlich bei dem Standardprogramm angebracht ist, kann auch die sich entwickelnde Verlustw\u00e4rme bei hoher Schalth\u00e4ufigkeit schnell abgef\u00fchrt werden.<\/p>\n<p>Die Bremse verf\u00fcgt \u00fcber 4 Einstellbereiche f\u00fcr Bremszeiten und auch f\u00fcr die grobe Einstellung der Bremsstr\u00f6me. Die Feineinstellung wird jeweils mit einem Potentiometer vorgenommen. Au\u00dferdem besteht die M\u00f6glichkeit, diese Bremse auch mit einer Stillstands\u00fcberwachung zu betreiben, sodass bei Motorstillstand die Gleichspannung selbstt\u00e4tig abgeschaltet wird.<\/p>\n<p>Ein entsprechendes Signal kann dann auch ausgegeben werden. Bei Ausf\u00fchrung mit Stillstandsabschaltung wird das Zeitpoti nur zum Einstellen der Nachbremszeit genutzt.\u00a0Durch die platzsparende Baugr\u00f6\u00dfe von 145 x 130 x 110 kann sie auch bei beengten Platzverh\u00e4ltnissen leicht in bestehende Systeme integriert werden. Zudem sorgt eine sehr stabile Schnappbefestigung f\u00fcr sicheren Halt und schnelle Montage auf 35 mm Hutschienen.<\/p>\n<p>Wahlweise kann die MHB 1125\/INT auch mit externem Bremssch\u00fctz betrieben werden.\u00a0Unter Einsatz eines st\u00e4rkeren Halbleiters k\u00f6nnen dann mit der Bremse Bremsstr\u00f6me bis 110 A erzeugt werden. In dem Falle \u00e4ndert sich der Typ in MHB 1225 f\u00fcr 50 A, MHB 1325 f\u00fcr 70 A und MHB 2125 f\u00fcr 110 A.<\/p>\n<\/div>\n<pre><strong><a href=\"https:\/\/bbl-elektronik.de\/en\/fileadmin\/user_upload\/MHB-Ministatomat.pdf\/\">Datenblatt MHB anklicken<\/a><\/strong><\/pre>\n<div id=\"c656\">\n<h1>Technische Daten<\/h1>\n<div class=\"table-responsive\">\n<table class=\"table\" border=\"0\" cellspacing=\"0\" cellpadding=\"0\">\n<tbody>\n<tr>\n<td>Bremsstrom:<\/td>\n<td>30 bis 100 A, bis 40 A inkl. Bremssch\u00fctz<\/td>\n<td><\/td>\n<\/tr>\n<tr>\n<td>Strombereichseinstellungen:<\/td>\n<td>0 &#8211; 20 %<\/td>\n<td><\/td>\n<\/tr>\n<tr>\n<td><\/td>\n<td>0 &#8211; 50 %<\/td>\n<td>durch DIP-Schalter<\/td>\n<\/tr>\n<tr>\n<td><\/td>\n<td>0 &#8211; 80 %<\/td>\n<td>programierbar<\/td>\n<\/tr>\n<tr>\n<td><\/td>\n<td>0 &#8211; 100 %<\/td>\n<td><\/td>\n<\/tr>\n<tr>\n<td>Absicherung:<\/td>\n<td>siehe Auswahlliste!<\/td>\n<td><\/td>\n<\/tr>\n<tr>\n<td>Betriebsspannung:<\/td>\n<td>400 VAC, 500 VAC, 600 VAC<\/td>\n<td>+10 % \/ -90 %<\/td>\n<\/tr>\n<tr>\n<td>Steuerspannung:<\/td>\n<td>230 VAC<\/td>\n<td>+\/- 20 %<\/td>\n<\/tr>\n<tr>\n<td>Leistungsaufnahme der Steuerspannung:<\/td>\n<td>max. 10 VA<\/td>\n<td><\/td>\n<\/tr>\n<tr>\n<td>zul\u00e4ssige Lagertemperatur:<\/td>\n<td>-25\u00b0 C bis +70\u00b0 C<\/td>\n<td><\/td>\n<\/tr>\n<tr>\n<td>zul\u00e4ssige Betriebstemperatur \/ Umgebungstemp.:<\/td>\n<td>-10\u00b0 C bis +45\u00b0 C<\/td>\n<td><\/td>\n<\/tr>\n<tr>\n<td>Temperaturanstieg bei max. Bremsstrom bis 20 sek. Dauer:<\/td>\n<td>max. 30\u00b0 C; Abk\u00fchlung auf 10 % inner- halb 40 sek.<\/td>\n<td><\/td>\n<\/tr>\n<tr>\n<td>Schutzart:<\/td>\n<td>IP00 Kunststoffgeh\u00e4use<\/td>\n<td><\/td>\n<\/tr>\n<tr>\n<td>Spannungsfestigkeit zw. Netz- und Steuerspannungsklemmen:<\/td>\n<td>&gt; 4 KV (nicht angeschlossen)<\/td>\n<td><\/td>\n<\/tr>\n<tr>\n<td>\u00dcberspannungsfestigkeit f\u00fcr Spannungsspitzen im Mikro- und Millisekundenbereich bei:<\/td>\n<td><\/td>\n<td><\/td>\n<\/tr>\n<tr>\n<td>400 V<\/td>\n<td>3,0 x U N<\/td>\n<td>zus\u00e4tzliche Spitzenspannungs- und TSE- Begrenzung durch int. Varistoren und<\/p>\n<p>RC-Beschaltung (Snubber-Glied)<\/td>\n<\/tr>\n<tr>\n<td>500 V<\/td>\n<td>2,8 x U N<\/td>\n<\/tr>\n<tr>\n<td>600 V<\/td>\n<td>2,6 x U N<\/td>\n<\/tr>\n<tr>\n<td>Ersch\u00fctterungsfestigkeit:<\/td>\n<td>nach DIN ICE 68<\/td>\n<td><\/td>\n<\/tr>\n<tr>\n<td>Funktionssteuerplatte:<\/td>\n<td>Durchkontaktierte Platinen, konventionell best\u00fcckt<\/td>\n<td><\/td>\n<\/tr>\n<tr>\n<td>Zeitbereiche:<\/td>\n<td>0 \u2013 10 sec.<\/td>\n<td>durch DIP-Schalter<\/td>\n<\/tr>\n<tr>\n<td><\/td>\n<td>0 \u2013 15 sec.<\/td>\n<td>programierbar<\/td>\n<\/tr>\n<tr>\n<td><\/td>\n<td>0 \u2013 20 sec.<\/td>\n<td>Zeitgenauigkeit +\/- 10 %<\/td>\n<\/tr>\n<tr>\n<td><\/td>\n<td>0 \u2013 30 sec.<\/td>\n<td>Wiederholgenauigkeit +\/- 0,5 %<\/td>\n<\/tr>\n<\/tbody>\n<\/table>\n<p>&nbsp;<\/p>\n<h1 class=\"csc-firstHeader\">Preise und Informationen Anfordern<\/h1>\n\n<div class=\"wpcf7 no-js\" id=\"wpcf7-f1578-o1\" lang=\"de-DE\" dir=\"ltr\" data-wpcf7-id=\"1578\">\n<div class=\"screen-reader-response\"><p role=\"status\" aria-live=\"polite\" aria-atomic=\"true\"><\/p> <ul><\/ul><\/div>\n<form action=\"\/en\/wp-json\/wp\/v2\/product\/103#wpcf7-f1578-o1\" method=\"post\" class=\"wpcf7-form init\" aria-label=\"Kontaktformular\" novalidate=\"novalidate\" data-status=\"init\" data-trp-original-action=\"\/en\/wp-json\/wp\/v2\/product\/103#wpcf7-f1578-o1\">\n<fieldset class=\"hidden-fields-container\"><input type=\"hidden\" name=\"_wpcf7\" value=\"1578\" \/><input type=\"hidden\" name=\"_wpcf7_version\" value=\"6.1.5\" \/><input type=\"hidden\" name=\"_wpcf7_locale\" value=\"de_DE\" \/><input type=\"hidden\" name=\"_wpcf7_unit_tag\" value=\"wpcf7-f1578-o1\" \/><input type=\"hidden\" name=\"_wpcf7_container_post\" value=\"0\" \/><input type=\"hidden\" name=\"_wpcf7_posted_data_hash\" value=\"\" \/><input type=\"hidden\" name=\"_wpcf7_recaptcha_response\" value=\"\" \/>\n<\/fieldset>\n<p><label> Dein Name<br \/>\n<span class=\"wpcf7-form-control-wrap\" data-name=\"your-name\"><input size=\"40\" maxlength=\"400\" class=\"wpcf7-form-control wpcf7-text wpcf7-validates-as-required\" aria-required=\"true\" aria-invalid=\"false\" value=\"\" type=\"text\" name=\"your-name\" \/><\/span> <\/label>\n<\/p>\n<p><label> Deine E-Mail-Adresse<br \/>\n<span class=\"wpcf7-form-control-wrap\" data-name=\"your-email\"><input size=\"40\" maxlength=\"400\" class=\"wpcf7-form-control wpcf7-email wpcf7-validates-as-required wpcf7-text wpcf7-validates-as-email\" aria-required=\"true\" aria-invalid=\"false\" value=\"\" type=\"email\" name=\"your-email\" \/><\/span> <\/label>\n<\/p>\n<p><label> Produkt<br \/>\n<span class=\"wpcf7-form-control-wrap\" data-name=\"your-subject\"><input size=\"40\" maxlength=\"400\" class=\"wpcf7-form-control wpcf7-text wpcf7-validates-as-required\" aria-required=\"true\" aria-invalid=\"false\" value=\"\" type=\"text\" name=\"your-subject\" \/><\/span> <\/label>\n<\/p>\n<p><label> Deine Nachricht<br \/>\n<span class=\"wpcf7-form-control-wrap\" data-name=\"your-message\"><textarea cols=\"40\" rows=\"10\" maxlength=\"2000\" class=\"wpcf7-form-control wpcf7-textarea wpcf7-validates-as-required\" aria-required=\"true\" aria-invalid=\"false\" name=\"your-message\"><\/textarea><\/span> <\/label>\n<\/p>\n<p><span class=\"wpcf7-form-control-wrap\" data-name=\"acceptance-204\"><span class=\"wpcf7-form-control wpcf7-acceptance\"><span class=\"wpcf7-list-item\"><label><input type=\"checkbox\" name=\"acceptance-204\" value=\"1\" aria-invalid=\"false\" \/><span class=\"wpcf7-list-item-label\">Datenschutz Aktzeptieren<\/span><\/label><\/span><\/span><\/span>\n<\/p>\n<p><input class=\"wpcf7-form-control wpcf7-submit has-spinner\" type=\"submit\" value=\"Senden\" \/>\n<\/p><div class=\"wpcf7-response-output\" aria-hidden=\"true\"><\/div>\n<input type=\"hidden\" name=\"trp-form-language\" value=\"en\"\/><\/form>\n<\/div>\n\n<\/div>\n<\/div>","protected":false},"excerpt":{"rendered":"<p>Sie wurde f\u00fcr Bremsstr\u00f6me bis 40 A mit integriertem Bremssch\u00fctz (Relais) und bis 110 A mit externem Bremssch\u00fctz konzipiert. Da bei dieser Gleichstrombremse ein au\u00dfenliegender profilierter K\u00fchlk\u00f6rper \u00e4hnlich bei dem Standardprogramm angebracht ist, kann auch die sich entwickelnde Verlustw\u00e4rme bei hoher Schalth\u00e4ufigkeit schnell abgef\u00fchrt werden. Die Bremse verf\u00fcgt \u00fcber 4 Einstellbereiche f\u00fcr Bremszeiten und auch [&hellip;]<\/p>\n","protected":false},"featured_media":104,"template":"","meta":[],"product_brand":[],"product_cat":[37],"product_tag":[],"class_list":{"0":"post-103","1":"product","2":"type-product","3":"status-publish","4":"has-post-thumbnail","6":"product_cat-bremsgeraete","8":"first","9":"instock","10":"taxable","11":"shipping-taxable","12":"product-type-simple"},"yoast_head":"<!-- This site is optimized with the Yoast SEO plugin v27.5 - https:\/\/yoast.com\/product\/yoast-seo-wordpress\/ -->\n<title>MHB Ministatomat - BBL Elektronik &amp; Aeromet GmbH<\/title>\n<meta name=\"robots\" content=\"index, follow, max-snippet:-1, max-image-preview:large, max-video-preview:-1\" \/>\n<link rel=\"canonical\" href=\"https:\/\/bbl-elektronik.de\/en\/product\/mhb-ministatomat\/\" \/>\n<meta property=\"og:locale\" content=\"en_US\" \/>\n<meta property=\"og:type\" content=\"article\" \/>\n<meta property=\"og:title\" content=\"MHB Ministatomat - BBL Elektronik &amp; Aeromet GmbH\" \/>\n<meta property=\"og:description\" content=\"Sie wurde f\u00fcr Bremsstr\u00f6me bis 40 A mit integriertem Bremssch\u00fctz (Relais) und bis 110 A mit externem Bremssch\u00fctz konzipiert. Da bei dieser Gleichstrombremse ein au\u00dfenliegender profilierter K\u00fchlk\u00f6rper \u00e4hnlich bei dem Standardprogramm angebracht ist, kann auch die sich entwickelnde Verlustw\u00e4rme bei hoher Schalth\u00e4ufigkeit schnell abgef\u00fchrt werden. Die Bremse verf\u00fcgt \u00fcber 4 Einstellbereiche f\u00fcr Bremszeiten und auch [&hellip;]\" \/>\n<meta property=\"og:url\" content=\"https:\/\/bbl-elektronik.de\/en\/product\/mhb-ministatomat\/\" \/>\n<meta property=\"og:site_name\" content=\"BBL Elektronik &amp; Aeromet GmbH\" \/>\n<meta property=\"article:publisher\" content=\"https:\/\/www.facebook.com\/bblAeromet\" \/>\n<meta property=\"article:modified_time\" content=\"2023-07-17T09:09:37+00:00\" \/>\n<meta property=\"og:image\" content=\"https:\/\/bbl-elektronik.de\/wp-content\/uploads\/2022\/05\/MHB.png\" \/>\n\t<meta property=\"og:image:width\" content=\"349\" \/>\n\t<meta property=\"og:image:height\" content=\"401\" \/>\n\t<meta property=\"og:image:type\" content=\"image\/png\" \/>\n<meta name=\"twitter:card\" content=\"summary_large_image\" \/>\n<meta name=\"twitter:label1\" content=\"Est. reading time\" \/>\n\t<meta name=\"twitter:data1\" content=\"3 minutes\" \/>\n<script type=\"application\/ld+json\" class=\"yoast-schema-graph\">{\"@context\":\"https:\\\/\\\/schema.org\",\"@graph\":[{\"@type\":\"WebPage\",\"@id\":\"https:\\\/\\\/bbl-elektronik.de\\\/produkt\\\/mhb-ministatomat\\\/\",\"url\":\"https:\\\/\\\/bbl-elektronik.de\\\/produkt\\\/mhb-ministatomat\\\/\",\"name\":\"MHB Ministatomat - BBL Elektronik &amp; Aeromet GmbH\",\"isPartOf\":{\"@id\":\"https:\\\/\\\/bbl-elektronik.de\\\/#website\"},\"primaryImageOfPage\":{\"@id\":\"https:\\\/\\\/bbl-elektronik.de\\\/produkt\\\/mhb-ministatomat\\\/#primaryimage\"},\"image\":{\"@id\":\"https:\\\/\\\/bbl-elektronik.de\\\/produkt\\\/mhb-ministatomat\\\/#primaryimage\"},\"thumbnailUrl\":\"https:\\\/\\\/bbl-elektronik.de\\\/wp-content\\\/uploads\\\/2022\\\/05\\\/MHB.png\",\"datePublished\":\"2022-05-17T06:19:49+00:00\",\"dateModified\":\"2023-07-17T09:09:37+00:00\",\"breadcrumb\":{\"@id\":\"https:\\\/\\\/bbl-elektronik.de\\\/produkt\\\/mhb-ministatomat\\\/#breadcrumb\"},\"inLanguage\":\"en-US\",\"potentialAction\":[{\"@type\":\"ReadAction\",\"target\":[\"https:\\\/\\\/bbl-elektronik.de\\\/produkt\\\/mhb-ministatomat\\\/\"]}]},{\"@type\":\"ImageObject\",\"inLanguage\":\"en-US\",\"@id\":\"https:\\\/\\\/bbl-elektronik.de\\\/produkt\\\/mhb-ministatomat\\\/#primaryimage\",\"url\":\"https:\\\/\\\/bbl-elektronik.de\\\/wp-content\\\/uploads\\\/2022\\\/05\\\/MHB.png\",\"contentUrl\":\"https:\\\/\\\/bbl-elektronik.de\\\/wp-content\\\/uploads\\\/2022\\\/05\\\/MHB.png\",\"width\":349,\"height\":401,\"caption\":\"Produktfoto MHB Ministatomat.\"},{\"@type\":\"BreadcrumbList\",\"@id\":\"https:\\\/\\\/bbl-elektronik.de\\\/produkt\\\/mhb-ministatomat\\\/#breadcrumb\",\"itemListElement\":[{\"@type\":\"ListItem\",\"position\":1,\"name\":\"Startseite\",\"item\":\"https:\\\/\\\/bbl-elektronik.de\\\/\"},{\"@type\":\"ListItem\",\"position\":2,\"name\":\"Shop\",\"item\":\"https:\\\/\\\/bbl-elektronik.de\\\/shop\\\/\"},{\"@type\":\"ListItem\",\"position\":3,\"name\":\"MHB Ministatomat\"}]},{\"@type\":\"WebSite\",\"@id\":\"https:\\\/\\\/bbl-elektronik.de\\\/#website\",\"url\":\"https:\\\/\\\/bbl-elektronik.de\\\/\",\"name\":\"BBL Elektronik &amp; Aeromet GmbH\",\"description\":\"\",\"publisher\":{\"@id\":\"https:\\\/\\\/bbl-elektronik.de\\\/#organization\"},\"potentialAction\":[{\"@type\":\"SearchAction\",\"target\":{\"@type\":\"EntryPoint\",\"urlTemplate\":\"https:\\\/\\\/bbl-elektronik.de\\\/?s={search_term_string}\"},\"query-input\":{\"@type\":\"PropertyValueSpecification\",\"valueRequired\":true,\"valueName\":\"search_term_string\"}}],\"inLanguage\":\"en-US\"},{\"@type\":\"Organization\",\"@id\":\"https:\\\/\\\/bbl-elektronik.de\\\/#organization\",\"name\":\"BBL Elektronik & Aeromet GmbH\",\"url\":\"https:\\\/\\\/bbl-elektronik.de\\\/\",\"logo\":{\"@type\":\"ImageObject\",\"inLanguage\":\"en-US\",\"@id\":\"https:\\\/\\\/bbl-elektronik.de\\\/#\\\/schema\\\/logo\\\/image\\\/\",\"url\":\"https:\\\/\\\/bbl-elektronik.de\\\/wp-content\\\/uploads\\\/2022\\\/05\\\/bbl_logo.png\",\"contentUrl\":\"https:\\\/\\\/bbl-elektronik.de\\\/wp-content\\\/uploads\\\/2022\\\/05\\\/bbl_logo.png\",\"width\":900,\"height\":299,\"caption\":\"BBL Elektronik & Aeromet GmbH\"},\"image\":{\"@id\":\"https:\\\/\\\/bbl-elektronik.de\\\/#\\\/schema\\\/logo\\\/image\\\/\"},\"sameAs\":[\"https:\\\/\\\/www.facebook.com\\\/bblAeromet\"]}]}<\/script>\n<!-- \/ Yoast SEO plugin. -->","yoast_head_json":{"title":"MHB Ministatomat - BBL Elektronik &amp; Aeromet GmbH","robots":{"index":"index","follow":"follow","max-snippet":"max-snippet:-1","max-image-preview":"max-image-preview:large","max-video-preview":"max-video-preview:-1"},"canonical":"https:\/\/bbl-elektronik.de\/en\/product\/mhb-ministatomat\/","og_locale":"en_US","og_type":"article","og_title":"MHB Ministatomat - BBL Elektronik &amp; Aeromet GmbH","og_description":"Sie wurde f\u00fcr Bremsstr\u00f6me bis 40 A mit integriertem Bremssch\u00fctz (Relais) und bis 110 A mit externem Bremssch\u00fctz konzipiert. Da bei dieser Gleichstrombremse ein au\u00dfenliegender profilierter K\u00fchlk\u00f6rper \u00e4hnlich bei dem Standardprogramm angebracht ist, kann auch die sich entwickelnde Verlustw\u00e4rme bei hoher Schalth\u00e4ufigkeit schnell abgef\u00fchrt werden. Die Bremse verf\u00fcgt \u00fcber 4 Einstellbereiche f\u00fcr Bremszeiten und auch [&hellip;]","og_url":"https:\/\/bbl-elektronik.de\/en\/product\/mhb-ministatomat\/","og_site_name":"BBL Elektronik &amp; Aeromet GmbH","article_publisher":"https:\/\/www.facebook.com\/bblAeromet","article_modified_time":"2023-07-17T09:09:37+00:00","og_image":[{"width":349,"height":401,"url":"https:\/\/bbl-elektronik.de\/wp-content\/uploads\/2022\/05\/MHB.png","type":"image\/png"}],"twitter_card":"summary_large_image","twitter_misc":{"Est. reading time":"3 minutes"},"schema":{"@context":"https:\/\/schema.org","@graph":[{"@type":"WebPage","@id":"https:\/\/bbl-elektronik.de\/produkt\/mhb-ministatomat\/","url":"https:\/\/bbl-elektronik.de\/produkt\/mhb-ministatomat\/","name":"MHB Ministatomat - BBL Elektronik &amp; Aeromet GmbH","isPartOf":{"@id":"https:\/\/bbl-elektronik.de\/#website"},"primaryImageOfPage":{"@id":"https:\/\/bbl-elektronik.de\/produkt\/mhb-ministatomat\/#primaryimage"},"image":{"@id":"https:\/\/bbl-elektronik.de\/produkt\/mhb-ministatomat\/#primaryimage"},"thumbnailUrl":"https:\/\/bbl-elektronik.de\/wp-content\/uploads\/2022\/05\/MHB.png","datePublished":"2022-05-17T06:19:49+00:00","dateModified":"2023-07-17T09:09:37+00:00","breadcrumb":{"@id":"https:\/\/bbl-elektronik.de\/produkt\/mhb-ministatomat\/#breadcrumb"},"inLanguage":"en-US","potentialAction":[{"@type":"ReadAction","target":["https:\/\/bbl-elektronik.de\/produkt\/mhb-ministatomat\/"]}]},{"@type":"ImageObject","inLanguage":"en-US","@id":"https:\/\/bbl-elektronik.de\/produkt\/mhb-ministatomat\/#primaryimage","url":"https:\/\/bbl-elektronik.de\/wp-content\/uploads\/2022\/05\/MHB.png","contentUrl":"https:\/\/bbl-elektronik.de\/wp-content\/uploads\/2022\/05\/MHB.png","width":349,"height":401,"caption":"Produktfoto MHB Ministatomat."},{"@type":"BreadcrumbList","@id":"https:\/\/bbl-elektronik.de\/produkt\/mhb-ministatomat\/#breadcrumb","itemListElement":[{"@type":"ListItem","position":1,"name":"Startseite","item":"https:\/\/bbl-elektronik.de\/"},{"@type":"ListItem","position":2,"name":"Shop","item":"https:\/\/bbl-elektronik.de\/shop\/"},{"@type":"ListItem","position":3,"name":"MHB Ministatomat"}]},{"@type":"WebSite","@id":"https:\/\/bbl-elektronik.de\/#website","url":"https:\/\/bbl-elektronik.de\/","name":"BBL Elektronik &amp; Aeromet GmbH","description":"","publisher":{"@id":"https:\/\/bbl-elektronik.de\/#organization"},"potentialAction":[{"@type":"SearchAction","target":{"@type":"EntryPoint","urlTemplate":"https:\/\/bbl-elektronik.de\/?s={search_term_string}"},"query-input":{"@type":"PropertyValueSpecification","valueRequired":true,"valueName":"search_term_string"}}],"inLanguage":"en-US"},{"@type":"Organization","@id":"https:\/\/bbl-elektronik.de\/#organization","name":"BBL Elektronik & Aeromet GmbH","url":"https:\/\/bbl-elektronik.de\/","logo":{"@type":"ImageObject","inLanguage":"en-US","@id":"https:\/\/bbl-elektronik.de\/#\/schema\/logo\/image\/","url":"https:\/\/bbl-elektronik.de\/wp-content\/uploads\/2022\/05\/bbl_logo.png","contentUrl":"https:\/\/bbl-elektronik.de\/wp-content\/uploads\/2022\/05\/bbl_logo.png","width":900,"height":299,"caption":"BBL Elektronik & Aeromet GmbH"},"image":{"@id":"https:\/\/bbl-elektronik.de\/#\/schema\/logo\/image\/"},"sameAs":["https:\/\/www.facebook.com\/bblAeromet"]}]}},"_links":{"self":[{"href":"https:\/\/bbl-elektronik.de\/en\/wp-json\/wp\/v2\/product\/103","targetHints":{"allow":["GET"]}}],"collection":[{"href":"https:\/\/bbl-elektronik.de\/en\/wp-json\/wp\/v2\/product"}],"about":[{"href":"https:\/\/bbl-elektronik.de\/en\/wp-json\/wp\/v2\/types\/product"}],"wp:featuredmedia":[{"embeddable":true,"href":"https:\/\/bbl-elektronik.de\/en\/wp-json\/wp\/v2\/media\/104"}],"wp:attachment":[{"href":"https:\/\/bbl-elektronik.de\/en\/wp-json\/wp\/v2\/media?parent=103"}],"wp:term":[{"taxonomy":"product_brand","embeddable":true,"href":"https:\/\/bbl-elektronik.de\/en\/wp-json\/wp\/v2\/product_brand?post=103"},{"taxonomy":"product_cat","embeddable":true,"href":"https:\/\/bbl-elektronik.de\/en\/wp-json\/wp\/v2\/product_cat?post=103"},{"taxonomy":"product_tag","embeddable":true,"href":"https:\/\/bbl-elektronik.de\/en\/wp-json\/wp\/v2\/product_tag?post=103"}],"curies":[{"name":"wp","href":"https:\/\/api.w.org\/{rel}","templated":true}]}}