{"id":1945,"date":"2022-07-07T08:41:18","date_gmt":"2022-07-07T06:41:18","guid":{"rendered":"http:\/\/bblshop.exabotics.de\/?page_id=1945"},"modified":"2022-09-12T08:57:40","modified_gmt":"2022-09-12T06:57:40","slug":"leistungen","status":"publish","type":"page","link":"https:\/\/bbl-elektronik.de\/en\/leistungen\/","title":{"rendered":"Leistungen"},"content":{"rendered":"<div data-colibri-id=\"1945-c1\" class=\"style-381 style-local-1945-c1 position-relative\">\r\n  <!---->\r\n  <div data-colibri-component=\"section\" data-colibri-id=\"1945-c2\" id=\"custom\" class=\"h-section h-section-global-spacing d-flex align-items-lg-center align-items-md-center align-items-center style-388 style-local-1945-c2 position-relative\">\r\n    <!---->\r\n    <!---->\r\n    <div class=\"h-section-grid-container h-section-boxed-container\">\r\n      <!---->\r\n      <div data-colibri-id=\"1945-c3\" class=\"h-row-container gutters-row-lg-2 gutters-row-md-2 gutters-row-0 gutters-row-v-lg-2 gutters-row-v-md-2 gutters-row-v-2 style-399 style-local-1945-c3 position-relative\">\r\n        <!---->\r\n        <div class=\"h-row justify-content-lg-center justify-content-md-center justify-content-center align-items-lg-stretch align-items-md-stretch align-items-stretch gutters-col-lg-2 gutters-col-md-2 gutters-col-0 gutters-col-v-lg-2 gutters-col-v-md-2 gutters-col-v-2\">\r\n          <!---->\r\n          <div class=\"h-column h-column-container d-flex h-col-lg-auto h-col-md-auto h-col-auto style-400-outer style-local-1945-c4-outer\">\r\n            <div data-colibri-id=\"1945-c4\" class=\"d-flex h-flex-basis h-column__inner h-px-lg-2 h-px-md-2 h-px-2 v-inner-lg-2 v-inner-md-2 v-inner-2 style-400 style-local-1945-c4 position-relative\">\r\n              <!---->\r\n              <!---->\r\n              <div class=\"w-100 h-y-container h-column__content h-column__v-align flex-basis-100 align-self-lg-start align-self-md-start align-self-start\">\r\n                <!---->\r\n                <div data-colibri-id=\"1945-c5\" class=\"h-text h-text-component style-401 style-local-1945-c5 position-relative h-element\">\r\n                  <!---->\r\n                  <!---->\r\n                  <div class=\"\">\r\n                    <p>Entdecken Sie unser umfangreiches Leistungsangebot: Wir unterst\u00fctzen Sie gezielt und partnerschaftlich im gesamten Produktionsprozess \u2013 individuell, effizient und mit hoher Qualit\u00e4t.<\/p>\r\n                  <\/div>\r\n                <\/div>\r\n              <\/div>\r\n            <\/div>\r\n          <\/div>\r\n        <\/div>\r\n      <\/div>\r\n      <div data-colibri-id=\"1945-c6\" class=\"h-row-container gutters-row-lg-2 gutters-row-md-2 gutters-row-0 gutters-row-v-lg-2 gutters-row-v-md-2 gutters-row-v-2 style-389 style-local-1945-c6 position-relative\">\r\n        <!---->\r\n        <div class=\"h-row justify-content-lg-center justify-content-md-center justify-content-center align-items-lg-stretch align-items-md-stretch align-items-stretch gutters-col-lg-2 gutters-col-md-2 gutters-col-0 gutters-col-v-lg-2 gutters-col-v-md-2 gutters-col-v-2\">\r\n          <!---->\r\n          <div class=\"h-column h-column-container d-flex h-col-lg-auto h-col-md-auto h-col-auto style-390-outer style-local-1945-c7-outer\">\r\n            <div data-colibri-id=\"1945-c7\" class=\"d-flex h-flex-basis h-column__inner h-px-lg-2 h-px-md-2 h-px-2 v-inner-lg-2 v-inner-md-2 v-inner-2 style-390 style-local-1945-c7 position-relative\">\r\n              <!---->\r\n              <!---->\r\n              <div class=\"w-100 h-y-container h-column__content h-column__v-align flex-basis-100 align-self-lg-start align-self-md-start align-self-start\">\r\n                <!---->\r\n                <div data-colibri-id=\"1945-c8\" class=\"h-global-transition-all h-heading style-392 style-local-1945-c8 position-relative h-element\">\r\n                  <!---->\r\n                  <div class=\"h-heading__outer style-392 style-local-1945-c8\">\r\n                    <!---->\r\n                    <!---->\r\n                    <h1 class=\"\">Schaltschrankbau<\/h1>\r\n                  <\/div>\r\n                <\/div>\r\n                <div data-colibri-id=\"1945-c9\" class=\"d-block style-394 style-local-1945-c9 position-relative h-element\">\r\n                  <!---->\r\n                  <div class=\"h-image__frame-container-outer\">\r\n                    <div class=\"h-image__frame-container\">\r\n                      <!---->\r\n                      <!---->\r\n                      <img loading=\"lazy\" decoding=\"async\" width=\"1280\" height=\"1280\" src=\"http:\/\/bbl-elektronik.de\/wp-content\/uploads\/2022\/07\/cropped-electric-4198293_1920.jpg\" class=\"wp-image-1963 style-394-image style-local-1945-c9-image\" alt=\"\" srcset=\"https:\/\/bbl-elektronik.de\/wp-content\/uploads\/2022\/07\/cropped-electric-4198293_1920.jpg 1280w, https:\/\/bbl-elektronik.de\/wp-content\/uploads\/2022\/07\/cropped-electric-4198293_1920-300x300.jpg 300w, https:\/\/bbl-elektronik.de\/wp-content\/uploads\/2022\/07\/cropped-electric-4198293_1920-1024x1024.jpg 1024w, https:\/\/bbl-elektronik.de\/wp-content\/uploads\/2022\/07\/cropped-electric-4198293_1920-150x150.jpg 150w, https:\/\/bbl-elektronik.de\/wp-content\/uploads\/2022\/07\/cropped-electric-4198293_1920-768x768.jpg 768w, https:\/\/bbl-elektronik.de\/wp-content\/uploads\/2022\/07\/cropped-electric-4198293_1920-12x12.jpg 12w, https:\/\/bbl-elektronik.de\/wp-content\/uploads\/2022\/07\/cropped-electric-4198293_1920-600x600.jpg 600w, https:\/\/bbl-elektronik.de\/wp-content\/uploads\/2022\/07\/cropped-electric-4198293_1920-100x100.jpg 100w\" sizes=\"auto, (max-width: 1280px) 100vw, 1280px\" \/>\r\n                      <div class=\"h-image__frame h-hide-lg h-hide-md h-hide-sm style-394-frameImage style-local-1945-c9-frameImage\"><\/div>\r\n                    <\/div>\r\n                  <\/div>\r\n                <\/div>\r\n                <div data-colibri-id=\"1945-c10\" class=\"h-text h-text-component style-402 style-local-1945-c10 position-relative h-element\">\r\n                  <!---->\r\n                  <!---->\r\n                  <div class=\"\">\r\n                    <p>Hoher Qualit\u00e4tsstandard durch Pr\u00fcffeld und Funktionssimulation, gegebenenfalls auch inklusive Feldbustest, Ger\u00e4tevorparametrierung usw.<\/p>\r\n                    <p>Lieferung nach Spezifikation inklusive Pr\u00fcfprotokollen, St\u00fccklisten usw.<\/p>\r\n                    <p>Der Schaltschrank wird nach Plan gefertigt.<\/p>\r\n                    <p>Dabei bohren und schneiden wir jeden Schrank maschinell milimetergenau und beschriften bei Bedarf s\u00e4mtliche Kabel.<\/p>\r\n                  <\/div>\r\n                <\/div>\r\n              <\/div>\r\n            <\/div>\r\n          <\/div>\r\n          <div class=\"h-column h-column-container d-flex h-col-lg-auto h-col-md-auto h-col-auto style-391-outer style-local-1945-c11-outer\">\r\n            <div data-colibri-id=\"1945-c11\" class=\"d-flex h-flex-basis h-column__inner h-px-lg-2 h-px-md-2 h-px-2 v-inner-lg-2 v-inner-md-2 v-inner-2 style-391 style-local-1945-c11 position-relative\">\r\n              <!---->\r\n              <!---->\r\n              <div class=\"w-100 h-y-container h-column__content h-column__v-align flex-basis-100 align-self-lg-start align-self-md-start align-self-start\">\r\n                <!---->\r\n                <div data-colibri-id=\"1945-c12\" class=\"h-global-transition-all h-heading style-393 style-local-1945-c12 position-relative h-element\">\r\n                  <!---->\r\n                  <div class=\"h-heading__outer style-393 style-local-1945-c12\">\r\n                    <!---->\r\n                    <!---->\r\n                    <h1 class=\"\">Kabelkonfektion<\/h1>\r\n                  <\/div>\r\n                <\/div>\r\n                <div data-colibri-id=\"1945-c13\" class=\"d-block style-395 style-local-1945-c13 position-relative h-element\">\r\n                  <!---->\r\n                  <div class=\"h-image__frame-container-outer\">\r\n                    <div class=\"h-image__frame-container\">\r\n                      <!---->\r\n                      <!---->\r\n                      <img loading=\"lazy\" decoding=\"async\" width=\"1280\" height=\"1280\" src=\"http:\/\/bbl-elektronik.de\/wp-content\/uploads\/2022\/07\/cropped-access-1866817_1920.jpg\" class=\"wp-image-1965 style-395-image style-local-1945-c13-image\" alt=\"\" srcset=\"https:\/\/bbl-elektronik.de\/wp-content\/uploads\/2022\/07\/cropped-access-1866817_1920.jpg 1280w, https:\/\/bbl-elektronik.de\/wp-content\/uploads\/2022\/07\/cropped-access-1866817_1920-300x300.jpg 300w, https:\/\/bbl-elektronik.de\/wp-content\/uploads\/2022\/07\/cropped-access-1866817_1920-1024x1024.jpg 1024w, https:\/\/bbl-elektronik.de\/wp-content\/uploads\/2022\/07\/cropped-access-1866817_1920-150x150.jpg 150w, https:\/\/bbl-elektronik.de\/wp-content\/uploads\/2022\/07\/cropped-access-1866817_1920-768x768.jpg 768w, https:\/\/bbl-elektronik.de\/wp-content\/uploads\/2022\/07\/cropped-access-1866817_1920-12x12.jpg 12w, https:\/\/bbl-elektronik.de\/wp-content\/uploads\/2022\/07\/cropped-access-1866817_1920-600x600.jpg 600w, https:\/\/bbl-elektronik.de\/wp-content\/uploads\/2022\/07\/cropped-access-1866817_1920-100x100.jpg 100w\" sizes=\"auto, (max-width: 1280px) 100vw, 1280px\" \/>\r\n                      <div class=\"h-image__frame h-hide-lg h-hide-md h-hide-sm style-395-frameImage style-local-1945-c13-frameImage\"><\/div>\r\n                    <\/div>\r\n                  <\/div>\r\n                <\/div>\r\n                <div data-colibri-id=\"1945-c14\" class=\"h-text h-text-component style-403 style-local-1945-c14 position-relative h-element\">\r\n                  <!---->\r\n                  <!---->\r\n                  <div class=\"\">\r\n                    <p>Durch unsere internen Fertigungsm\u00f6glichkeiten setzen wir auch Ihre spezifischen W\u00fcnsche um.<\/p>\r\n                    <p>Kabelkonfektion in gewohnter Qualit\u00e4t.<\/p>\r\n                    <p>Durch umfassende Pr\u00fcfungen stellen sicher, dass am Ende wirklich alles passt.<\/p>\r\n                  <\/div>\r\n                <\/div>\r\n              <\/div>\r\n            <\/div>\r\n          <\/div>\r\n        <\/div>\r\n      <\/div>\r\n    <\/div>\r\n  <\/div>\r\n<\/div>","protected":false},"excerpt":{"rendered":"<p>Entdecken Sie unser umfangreiches Leistungsangebot: Wir unterst\u00fctzen Sie gezielt und partnerschaftlich im gesamten Produktionsprozess \u2013 individuell, effizient und mit hoher Qualit\u00e4t. Schaltschrankbau Hoher Qualit\u00e4tsstandard durch Pr\u00fcffeld und Funktionssimulation, gegebenenfalls auch inklusive Feldbustest, Ger\u00e4tevorparametrierung usw. Lieferung nach Spezifikation inklusive Pr\u00fcfprotokollen, St\u00fccklisten usw. Der Schaltschrank wird nach Plan gefertigt. Dabei bohren und schneiden wir jeden Schrank maschinell [&hellip;]<\/p>\n","protected":false},"author":2,"featured_media":0,"parent":0,"menu_order":0,"comment_status":"closed","ping_status":"closed","template":"page-templates\/full-width-page.php","meta":{"footnotes":""},"class_list":["post-1945","page","type-page","status-publish","hentry"],"yoast_head":"<!-- This site is optimized with the Yoast SEO plugin v27.5 - https:\/\/yoast.com\/product\/yoast-seo-wordpress\/ -->\n<title>Leistungen - BBL Elektronik &amp; Aeromet GmbH<\/title>\n<meta name=\"description\" content=\"Ob Schaltschrankbau oder Kabelkonfektion: Wir unterst\u00fctzen Sie im gesamten Produktionsprozess \u2013 individuell, effizient und mit hoher Qualit\u00e4t.\" \/>\n<meta name=\"robots\" content=\"index, follow, max-snippet:-1, max-image-preview:large, max-video-preview:-1\" \/>\n<link rel=\"canonical\" href=\"https:\/\/bbl-elektronik.de\/en\/leistungen\/\" \/>\n<meta property=\"og:locale\" content=\"en_US\" \/>\n<meta property=\"og:type\" content=\"article\" \/>\n<meta property=\"og:title\" content=\"Leistungen - BBL Elektronik &amp; Aeromet GmbH\" \/>\n<meta property=\"og:description\" content=\"Ob Schaltschrankbau oder Kabelkonfektion: Wir unterst\u00fctzen Sie im gesamten Produktionsprozess \u2013 individuell, effizient und mit hoher Qualit\u00e4t.\" \/>\n<meta property=\"og:url\" content=\"https:\/\/bbl-elektronik.de\/en\/leistungen\/\" \/>\n<meta property=\"og:site_name\" content=\"BBL Elektronik &amp; Aeromet GmbH\" \/>\n<meta property=\"article:publisher\" content=\"https:\/\/www.facebook.com\/bblAeromet\" \/>\n<meta property=\"article:modified_time\" content=\"2022-09-12T06:57:40+00:00\" \/>\n<meta property=\"og:image\" content=\"http:\/\/bbl-elektronik.de\/wp-content\/uploads\/2022\/07\/cropped-electric-4198293_1920.jpg\" \/>\n<meta name=\"twitter:card\" content=\"summary_large_image\" \/>\n<meta name=\"twitter:label1\" content=\"Est. reading time\" \/>\n\t<meta name=\"twitter:data1\" content=\"1 minute\" \/>\n<script type=\"application\/ld+json\" class=\"yoast-schema-graph\">{\"@context\":\"https:\\\/\\\/schema.org\",\"@graph\":[{\"@type\":\"WebPage\",\"@id\":\"https:\\\/\\\/bbl-elektronik.de\\\/leistungen\\\/\",\"url\":\"https:\\\/\\\/bbl-elektronik.de\\\/leistungen\\\/\",\"name\":\"Leistungen - BBL Elektronik &amp; Aeromet GmbH\",\"isPartOf\":{\"@id\":\"https:\\\/\\\/bbl-elektronik.de\\\/#website\"},\"primaryImageOfPage\":{\"@id\":\"https:\\\/\\\/bbl-elektronik.de\\\/leistungen\\\/#primaryimage\"},\"image\":{\"@id\":\"https:\\\/\\\/bbl-elektronik.de\\\/leistungen\\\/#primaryimage\"},\"thumbnailUrl\":\"http:\\\/\\\/bbl-elektronik.de\\\/wp-content\\\/uploads\\\/2022\\\/07\\\/cropped-electric-4198293_1920.jpg\",\"datePublished\":\"2022-07-07T06:41:18+00:00\",\"dateModified\":\"2022-09-12T06:57:40+00:00\",\"description\":\"Ob Schaltschrankbau oder Kabelkonfektion: Wir unterst\u00fctzen Sie im gesamten Produktionsprozess \u2013 individuell, effizient und mit hoher Qualit\u00e4t.\",\"breadcrumb\":{\"@id\":\"https:\\\/\\\/bbl-elektronik.de\\\/leistungen\\\/#breadcrumb\"},\"inLanguage\":\"en-US\",\"potentialAction\":[{\"@type\":\"ReadAction\",\"target\":[\"https:\\\/\\\/bbl-elektronik.de\\\/leistungen\\\/\"]}]},{\"@type\":\"ImageObject\",\"inLanguage\":\"en-US\",\"@id\":\"https:\\\/\\\/bbl-elektronik.de\\\/leistungen\\\/#primaryimage\",\"url\":\"http:\\\/\\\/bbl-elektronik.de\\\/wp-content\\\/uploads\\\/2022\\\/07\\\/cropped-electric-4198293_1920.jpg\",\"contentUrl\":\"http:\\\/\\\/bbl-elektronik.de\\\/wp-content\\\/uploads\\\/2022\\\/07\\\/cropped-electric-4198293_1920.jpg\"},{\"@type\":\"BreadcrumbList\",\"@id\":\"https:\\\/\\\/bbl-elektronik.de\\\/leistungen\\\/#breadcrumb\",\"itemListElement\":[{\"@type\":\"ListItem\",\"position\":1,\"name\":\"Startseite\",\"item\":\"https:\\\/\\\/bbl-elektronik.de\\\/\"},{\"@type\":\"ListItem\",\"position\":2,\"name\":\"Leistungen\"}]},{\"@type\":\"WebSite\",\"@id\":\"https:\\\/\\\/bbl-elektronik.de\\\/#website\",\"url\":\"https:\\\/\\\/bbl-elektronik.de\\\/\",\"name\":\"BBL Elektronik &amp; Aeromet GmbH\",\"description\":\"\",\"publisher\":{\"@id\":\"https:\\\/\\\/bbl-elektronik.de\\\/#organization\"},\"potentialAction\":[{\"@type\":\"SearchAction\",\"target\":{\"@type\":\"EntryPoint\",\"urlTemplate\":\"https:\\\/\\\/bbl-elektronik.de\\\/?s={search_term_string}\"},\"query-input\":{\"@type\":\"PropertyValueSpecification\",\"valueRequired\":true,\"valueName\":\"search_term_string\"}}],\"inLanguage\":\"en-US\"},{\"@type\":\"Organization\",\"@id\":\"https:\\\/\\\/bbl-elektronik.de\\\/#organization\",\"name\":\"BBL Elektronik & Aeromet GmbH\",\"url\":\"https:\\\/\\\/bbl-elektronik.de\\\/\",\"logo\":{\"@type\":\"ImageObject\",\"inLanguage\":\"en-US\",\"@id\":\"https:\\\/\\\/bbl-elektronik.de\\\/#\\\/schema\\\/logo\\\/image\\\/\",\"url\":\"https:\\\/\\\/bbl-elektronik.de\\\/wp-content\\\/uploads\\\/2022\\\/05\\\/bbl_logo.png\",\"contentUrl\":\"https:\\\/\\\/bbl-elektronik.de\\\/wp-content\\\/uploads\\\/2022\\\/05\\\/bbl_logo.png\",\"width\":900,\"height\":299,\"caption\":\"BBL Elektronik & Aeromet GmbH\"},\"image\":{\"@id\":\"https:\\\/\\\/bbl-elektronik.de\\\/#\\\/schema\\\/logo\\\/image\\\/\"},\"sameAs\":[\"https:\\\/\\\/www.facebook.com\\\/bblAeromet\"]}]}<\/script>\n<!-- \/ Yoast SEO plugin. -->","yoast_head_json":{"title":"Leistungen - BBL Elektronik &amp; Aeromet GmbH","description":"Ob Schaltschrankbau oder Kabelkonfektion: Wir unterst\u00fctzen Sie im gesamten Produktionsprozess \u2013 individuell, effizient und mit hoher Qualit\u00e4t.","robots":{"index":"index","follow":"follow","max-snippet":"max-snippet:-1","max-image-preview":"max-image-preview:large","max-video-preview":"max-video-preview:-1"},"canonical":"https:\/\/bbl-elektronik.de\/en\/leistungen\/","og_locale":"en_US","og_type":"article","og_title":"Leistungen - BBL Elektronik &amp; Aeromet GmbH","og_description":"Ob Schaltschrankbau oder Kabelkonfektion: Wir unterst\u00fctzen Sie im gesamten Produktionsprozess \u2013 individuell, effizient und mit hoher Qualit\u00e4t.","og_url":"https:\/\/bbl-elektronik.de\/en\/leistungen\/","og_site_name":"BBL Elektronik &amp; Aeromet GmbH","article_publisher":"https:\/\/www.facebook.com\/bblAeromet","article_modified_time":"2022-09-12T06:57:40+00:00","og_image":[{"url":"http:\/\/bbl-elektronik.de\/wp-content\/uploads\/2022\/07\/cropped-electric-4198293_1920.jpg","type":"","width":"","height":""}],"twitter_card":"summary_large_image","twitter_misc":{"Est. reading time":"1 minute"},"schema":{"@context":"https:\/\/schema.org","@graph":[{"@type":"WebPage","@id":"https:\/\/bbl-elektronik.de\/leistungen\/","url":"https:\/\/bbl-elektronik.de\/leistungen\/","name":"Leistungen - BBL Elektronik &amp; Aeromet GmbH","isPartOf":{"@id":"https:\/\/bbl-elektronik.de\/#website"},"primaryImageOfPage":{"@id":"https:\/\/bbl-elektronik.de\/leistungen\/#primaryimage"},"image":{"@id":"https:\/\/bbl-elektronik.de\/leistungen\/#primaryimage"},"thumbnailUrl":"http:\/\/bbl-elektronik.de\/wp-content\/uploads\/2022\/07\/cropped-electric-4198293_1920.jpg","datePublished":"2022-07-07T06:41:18+00:00","dateModified":"2022-09-12T06:57:40+00:00","description":"Ob Schaltschrankbau oder Kabelkonfektion: Wir unterst\u00fctzen Sie im gesamten Produktionsprozess \u2013 individuell, effizient und mit hoher Qualit\u00e4t.","breadcrumb":{"@id":"https:\/\/bbl-elektronik.de\/leistungen\/#breadcrumb"},"inLanguage":"en-US","potentialAction":[{"@type":"ReadAction","target":["https:\/\/bbl-elektronik.de\/leistungen\/"]}]},{"@type":"ImageObject","inLanguage":"en-US","@id":"https:\/\/bbl-elektronik.de\/leistungen\/#primaryimage","url":"http:\/\/bbl-elektronik.de\/wp-content\/uploads\/2022\/07\/cropped-electric-4198293_1920.jpg","contentUrl":"http:\/\/bbl-elektronik.de\/wp-content\/uploads\/2022\/07\/cropped-electric-4198293_1920.jpg"},{"@type":"BreadcrumbList","@id":"https:\/\/bbl-elektronik.de\/leistungen\/#breadcrumb","itemListElement":[{"@type":"ListItem","position":1,"name":"Startseite","item":"https:\/\/bbl-elektronik.de\/"},{"@type":"ListItem","position":2,"name":"Leistungen"}]},{"@type":"WebSite","@id":"https:\/\/bbl-elektronik.de\/#website","url":"https:\/\/bbl-elektronik.de\/","name":"BBL Elektronik &amp; Aeromet GmbH","description":"","publisher":{"@id":"https:\/\/bbl-elektronik.de\/#organization"},"potentialAction":[{"@type":"SearchAction","target":{"@type":"EntryPoint","urlTemplate":"https:\/\/bbl-elektronik.de\/?s={search_term_string}"},"query-input":{"@type":"PropertyValueSpecification","valueRequired":true,"valueName":"search_term_string"}}],"inLanguage":"en-US"},{"@type":"Organization","@id":"https:\/\/bbl-elektronik.de\/#organization","name":"BBL Elektronik & Aeromet GmbH","url":"https:\/\/bbl-elektronik.de\/","logo":{"@type":"ImageObject","inLanguage":"en-US","@id":"https:\/\/bbl-elektronik.de\/#\/schema\/logo\/image\/","url":"https:\/\/bbl-elektronik.de\/wp-content\/uploads\/2022\/05\/bbl_logo.png","contentUrl":"https:\/\/bbl-elektronik.de\/wp-content\/uploads\/2022\/05\/bbl_logo.png","width":900,"height":299,"caption":"BBL Elektronik & Aeromet GmbH"},"image":{"@id":"https:\/\/bbl-elektronik.de\/#\/schema\/logo\/image\/"},"sameAs":["https:\/\/www.facebook.com\/bblAeromet"]}]}},"_links":{"self":[{"href":"https:\/\/bbl-elektronik.de\/en\/wp-json\/wp\/v2\/pages\/1945","targetHints":{"allow":["GET"]}}],"collection":[{"href":"https:\/\/bbl-elektronik.de\/en\/wp-json\/wp\/v2\/pages"}],"about":[{"href":"https:\/\/bbl-elektronik.de\/en\/wp-json\/wp\/v2\/types\/page"}],"author":[{"embeddable":true,"href":"https:\/\/bbl-elektronik.de\/en\/wp-json\/wp\/v2\/users\/2"}],"replies":[{"embeddable":true,"href":"https:\/\/bbl-elektronik.de\/en\/wp-json\/wp\/v2\/comments?post=1945"}],"version-history":[{"count":6,"href":"https:\/\/bbl-elektronik.de\/en\/wp-json\/wp\/v2\/pages\/1945\/revisions"}],"predecessor-version":[{"id":2062,"href":"https:\/\/bbl-elektronik.de\/en\/wp-json\/wp\/v2\/pages\/1945\/revisions\/2062"}],"wp:attachment":[{"href":"https:\/\/bbl-elektronik.de\/en\/wp-json\/wp\/v2\/media?parent=1945"}],"curies":[{"name":"wp","href":"https:\/\/api.w.org\/{rel}","templated":true}]}}