{"id":1769,"date":"2022-06-07T09:13:47","date_gmt":"2022-06-07T07:13:47","guid":{"rendered":"http:\/\/bblshop.exabotics.de\/?page_id=1769"},"modified":"2022-09-14T14:10:53","modified_gmt":"2022-09-14T12:10:53","slug":"agb","status":"publish","type":"page","link":"https:\/\/bbl-elektronik.de\/en\/agb\/","title":{"rendered":"AGB"},"content":{"rendered":"<div data-colibri-id=\"1769-c1\" class=\"style-263 style-local-1769-c1 position-relative\">\n  <!---->\n  <div data-colibri-component=\"section\" data-colibri-id=\"1769-c2\" id=\"custom\" class=\"h-section h-section-global-spacing d-flex align-items-lg-center align-items-md-center align-items-center style-264 style-local-1769-c2 position-relative\">\n    <!---->\n    <!---->\n    <div class=\"h-section-grid-container h-section-boxed-container\">\n      <!---->\n      <div data-colibri-id=\"1769-c3\" class=\"h-row-container gutters-row-lg-2 gutters-row-md-2 gutters-row-0 gutters-row-v-lg-2 gutters-row-v-md-2 gutters-row-v-2 style-267 style-local-1769-c3 position-relative\">\n        <!---->\n        <div class=\"h-row justify-content-lg-center justify-content-md-center justify-content-center align-items-lg-stretch align-items-md-stretch align-items-stretch gutters-col-lg-2 gutters-col-md-2 gutters-col-0 gutters-col-v-lg-2 gutters-col-v-md-2 gutters-col-v-2\">\n          <!---->\n          <div class=\"h-column h-column-container d-flex h-col-lg-auto h-col-md-auto h-col-auto style-268-outer style-local-1769-c4-outer\">\n            <div data-colibri-id=\"1769-c4\" class=\"d-flex h-flex-basis h-column__inner h-px-lg-2 h-px-md-2 h-px-2 v-inner-lg-2 v-inner-md-2 v-inner-2 style-268 style-local-1769-c4 position-relative\">\n              <!---->\n              <!---->\n              <div class=\"w-100 h-y-container h-column__content h-column__v-align flex-basis-100 align-self-lg-start align-self-md-start align-self-start\">\n                <!---->\n                <div data-colibri-id=\"1769-c5\" class=\"h-text h-text-component style-269 style-local-1769-c5 position-relative h-element\">\n                  <!---->\n                  <!---->\n                  <div class=\"\">\n                    <h3>Allgemeine Gesch\u00e4ftsbedingungen<\/h3>\n                    <p>F\u00fcr s\u00e4mtliche Kauf- und Werklieferungsvertr\u00e4ge gelten allein die nachstehenden Bedingungen als vereinbart. Entgegenstehende Einkaufsbedingungen des Bestellers werden durch die Annahme und Ausf\u00fchrung der Bestellung nicht anerkannt.\n                      Wird in besonderen F\u00e4llen von der einen oder anderen Gesch\u00e4ftsbedingung abgewichen, oder kommt eine Bedingung nicht zur Anwendung, so werden dadurch die \u00fcbrigen nicht hinf\u00e4llig.<\/p>\n                    <h3>Angebot und Abschlu\u00df<\/h3>\n                    <p>Unsere Angebote sind freibleibend. Der Abschlu\u00df erfolgt durch unsere schriftliche Auftragsbest\u00e4tigung bzw. durch die Ausf\u00fchrung der Bestellung. Nebenabreden sind nur wirksam, wenn sie von uns schriftlich best\u00e4tigt sind. Einmal erteilte\n                      Bestellungen sind unwiderruflich und unk\u00fcndbar. Bei Nichtabnahme einer bestellten Lieferung sind wir zur Berechnung von Annulierungskosten berechtigt.\n                      <br> Die in unseren Drucksachen enthaltenen Angaben sind nur ma\u00dfgebend, wenn sie ausdr\u00fccklich als verbindlich bezeichnet sind.\n                      <br> \u00c4nderungen der technischen Daten und Konstruktionen, die dem technischen Fortschritt dienen, bleiben vorbehalten.<\/p>\n                    <h3>Preise<\/h3>\n                    <p>gelten ab Werk ausschlie\u00dflich Verpackung und freibleibend bis zum Tage der Lieferung. Die Berechnung erfolgt zu den an diesem Tage geltenden Preisen und Rabatten.<\/p>\n                    <h3>Lieferzeiten<\/h3>\n                    <p>verstehen sich bis zur Auftragsannahme freibleibend &#8211; zwischenzeitlicher Verkauf vorbehalten &#8211; und rechnen ab Datum unserer Auftragsbest\u00e4tigung bzw. der endg\u00fcltigen Angaben \u00fcber die Ausf\u00fchrung. Vereinbarte Lieferfristen, die ohne gegenteilige\n                      Abmachungen ann\u00e4hernd sind (Tage als Arbeitstage verstanden), gelten vorbehaltlich unvorhergesehener Vorg\u00e4nge bei der Herstellung und sonstiger Hindernisse, wie in F\u00e4llen h\u00f6herer Gewalt, bei Transportverz\u00f6gerungen, Betriebsst\u00f6rungen\n                      im eigenen Werk, wie auch in den Werken der Unterlieferanten. Schadenersatzanspr\u00fcche, insbesondere wegen Verzuges f\u00fcr nicht rechtzeitige Lieferung werden abgelehnt.\n                      <br> Lassen von uns nicht verschuldete Hindernisse eine Erf\u00fcllung des Vertrages unzumutbar erscheinen oder verschlechtern sich die Verm\u00f6gensverh\u00e4ltnisse des Bestellers, so sind wir berechtigt, vom Vertrag zur\u00fcckzutreten.\n                      <br> Teillieferungen sind zul\u00e4ssig.<\/p>\n                    <h3>Verpackung<\/h3>\n                    <p>Verpackungen werden zum Selbstkostenpreis berechnet und nicht zur\u00fcckgenommen. Andere Vereinbarungen bed\u00fcrfen unserer ausdr\u00fccklichen schriftlichen Best\u00e4tigung.<\/p>\n                    <h3>Versand<\/h3>\n                    <p>erfolgt auf Rechnung und Gefahr des Empf\u00e4ngers, Frachtkosten zu seinen Lasten. Die Wahl der Versandart bleibt dem Lieferwerk \u00fcberlassen. Versicherung gegen Transportsch\u00e4den f\u00fchren wir nur auf ausdr\u00fccklichen Wunsch des Bestellers\/K\u00e4ufers\n                      und f\u00fcr dessen Rechnung aus.<\/p>\n                    <h3>Gefahr\u00fcbergang<\/h3>\n                    <p>Jede Gefahr geht auf den Besteller \u00fcber, sobald der Liefergegenstand das Werk verlassen hat. Das gilt auch f\u00fcr fracht- und verpackungsfrei erfolgte Lieferungen. Verz\u00f6gert sich die Absendung durch das Verhalten des Bestellers, so geht\n                      die Gefahr mit der Mitteilung der Versandbereitschaft \u00fcber.<\/p>\n                    <h3>Zahlung<\/h3>\n                    <p>Diese hat ohne Abzug bis zum in der Auftragsbest\u00e4tigung\/Rechnung angegebenen Zeitpunkt zu erfolgen. 2 % Skonto bei ausgeglichenem Konto aus fr\u00fcheren Lieferungen und Bezahlung innerhalb von 10 Tagen ab Rechnungsdatum ist gestattet.\n                      <br> An Besteller, mit denen wir nicht in laufender Gesch\u00e4ftsverbindung stehen, erfolgen Lieferungen gegen Vorkasse oder Nachnahme des Rechnungsbetrages.\n                      <br> Reparaturen und andere Serviceleistungen sind sofort rein netto Kasse zahlbar. Bei versp\u00e4teter oder gestundeter Zahlung sind wir zur Geltendmachung bank\u00fcblicher Zinsen und Provisionss\u00e4tze berechtigt.\n                      <br> Wechsel und Schecks gelten erst nach ihrer Einl\u00f6sung als Zahlung, wobei die Annahme dem Lieferer vorbehalten bleibt.\n                      <br> Spesen gehen zu Lasten des Bestellers.\n                      <br> Wenn ein Wechsel oder ein Scheck zu Protest geht oder wenn sonst sich die Kreditw\u00fcrdigkeit des Bestellers wesentlich ver\u00e4ndert, insbesondere ein Haftbefehl ergeht oder die eidesstattliche Versicherung gem. \u00a7\u00a7 807 und 900 ZPO abgegeben\n                      wird, oder ein Vergleichs- oder Konkursverfahren er\u00f6ffnet wird, dann sind s\u00e4mtliche Verpflichtungen sofort f\u00e4llig ohne R\u00fccksicht darauf, ob Wechsel oder Scheck gegeben sind. In diesem Fall sind weiter auf Wunsch des Lieferanten alle\n                      gelieferten Teile dem Lieferanten bis zur H\u00f6he des f\u00e4lligen Saldos sofort auszuh\u00e4ndigen.\n                      <br>Zahlungen werden stets auf die \u00e4lteste Rechnung verrechnet.\n                      <br> Die Zur\u00fccknahme von Zahlungen wegen irgendwelcher von uns nicht anerkannter Gegenanspr\u00fcche des Bestellers ist nicht statthaft, das Gleiche gilt f\u00fcr die Aufrechnung mit von uns nicht anerkannten Gegenanspr\u00fcchen.<\/p>\n                    <h3>Eigentumsvorbehalt<\/h3>\n                    <p>S\u00e4mtliche Lieferungen bleiben bis zur Zahlung unserer s\u00e4mtlichen Forderungen, gleich aus welchem Rechtsgrunde unser Eigentum, auch wenn Zahlungen f\u00fcr besonders bezeichnete Forderungen geleistet werden.\n                      <br> Bei laufender Rechnung gilt das vorbehaltene Eigentum als Sicherung f\u00fcr unsere Saldoforderung.\n                      <br> Bei Verarbeitung mit anderen, nicht uns geh\u00f6renden Waren durch den Besteller\/K\u00e4ufer steht uns das Miteigentum an der neuen Sache im Verh\u00e4ltnis des Wertes der Vorbehaltsware zu den anderen verarbeiteten Waren z. Zt. der Verarbeitung\n                      zu.\n                      <br> Der Besteller\/K\u00e4ufer darf unser Eigentum nur im gew\u00f6hnlichen Gesch\u00e4ftsverkehr zu normalen Gesch\u00e4ftsbedingungen, und solange er nicht im Verzug ist, ver\u00e4u\u00dfern.\n                      <br>Die Forderungen des Bestellers\/K\u00e4ufers aus einer Weiterver\u00e4u\u00dferung der Vorbehaltsware werden bereits jetzt an uns abgetreten und zwar gleich, ob die Vorbehaltsware ohne oder nach Verarbeitung und ob sie an einen oder mehrere Abnehmer\n                      ver\u00e4u\u00dfert wird. Die abgetretenen Forderungen dienen zur Sicherung in H\u00f6he des Wertes der jeweiligen ver\u00e4u\u00dferten Vorbehaltsware und unserer Saldoforderung.\n                      <br> Der Besteller\/K\u00e4ufer ist berechtigt, Forderungen aus der Weiterver\u00e4u\u00dferung bis zu unserem jederzeitigen Widerruf einzuziehen. Er ist dagegen nicht berechtigt, \u00fcber\n                      <br> derartige Forderungen durch Abtretung zu verf\u00fcgen. Auf unser Verlangen ist er verpflichtet, uns die zur Geltendmachung unserer Rechte erforderlichen Ausk\u00fcnfte zu geben und Unterlagen auszuh\u00e4ndigen. Wir d\u00fcrfen die Abtretungen an\n                      uns den Abnehmern f\u00fcr den Besteller\/K\u00e4ufer anzeigen.\n                      <br>Von einer Pf\u00e4ndung oder anderen Beeintr\u00e4chtigung unserer Anspr\u00fcche und Rechte durch Dritte mu\u00df uns der Besteller\/K\u00e4ufer unverz\u00fcglich benachrichtigen.\n                      <br>Bei Zahlungsverzug des Bestellers sind wir zur R\u00fccknahme der gelieferten Ware berechtigt und der Besteller zur Herausgabe derselben verpflichtet. Die Geltendmachung des Eigentumsvorbehaltes sowie die Pf\u00e4ndung des Liefergegenstandes\n                      durch uns gelten nicht als R\u00fccktritt vom Vertrag.<\/p>\n                    <h3>Vorkaufsrecht<\/h3>\n                    <p>Bei Aufgabe des Betriebs, Konkurs-, Vergleichsverfahren und Liquidation wowie Moratorium des K\u00e4ufers haben wir an den vorhandenen Best\u00e4nden unserer Erzeugnisse das Vorkaufsrecht.<\/p>\n                    <h3>Gew\u00e4hrleistung<\/h3>\n                    <p>F\u00fcr M\u00e4ngel der von uns gelieferten Waren &#8211; versteckte wie offenen &#8211; \u00fcbernehmen wir Gew\u00e4hr in der Weise, da\u00df wir alle diejenigen Teile unentgeltlich nachbessern oder nach unserer Wahl ab Werk neu liefern, die bei achtst\u00fcndigem Betrieb\n                      innerhalb von einem Jahr bei doppelschichtigem Betrieb innerhalb von sechs Monaten gerechnet vom Tage der Lieferung ab Werk, nachweisbar infolge eines Material-, Konstruktions- oder Ausf\u00fchrungsfehlers unbrauchbar werden. Zur Reparatur\n                      bestimmte Teile sind uns frei einzusenden, der Versand unsererseits erfolgt unfrei. F\u00fchrt die erste Nachbesserung bzw. Ersatzlieferung nicht zur Beseitigung eines Mangels, ist uns Gelegenheit zu weiterer Nachbesserung zu geben.\n                      <br>Voraussetzung ist die Erf\u00fcllung der dem Besteller\/K\u00e4ufer obliegenden Vertragsverpflichtungen, insbesondere der vereinbarten Zahlungsbedingungen. Die Feststellung der M\u00e4ngel ist uns unverz\u00fcglich schriftlich zu melden. F\u00fcr Ger\u00e4te und\n                      Stromrichter oder Teile, die innerhalb der genannten Frist eine der Gebrauchszeit entsprechende nat\u00fcrliche Abnutzung erfahren, oder bei welchen die Abnutzung durch Verschmutzung, Rostbildung oder durch \u00dcberlastung hervorgerufen ist,\n                      wird keine Haftung \u00fcbernommen.\n                      <br>F\u00fcr die Beurteilung der Funktionsf\u00e4higkeit unserer Erzeugnisse sind die Ergebnisse auf unserem Pr\u00fcfstand ma\u00dfgebend. F\u00fcr St\u00f6rungen, die durch die Einbauverh\u00e4ltnisse oder unsachgem\u00e4\u00dfe Pflege auftreten, \u00fcbernehmen wir keine Haftung.\n                      <br> Vorgenommene Nachbesserungen w\u00e4hrend der Gew\u00e4hrleistungsfrist haben keine Verl\u00e4ngerung derselben zur Folge. Das Recht des Bestellers, Anspr\u00fcche aus M\u00e4ngeln geltend zu machen, verj\u00e4hrt in allen F\u00e4llen vom Zeitpunkt der rechtzeitigen\n                      R\u00fcge an in sechs Monaten.\n                      <br> Weitergehende Anspr\u00fcche irgendwelcher Art, insbesondere auf Schadenersatz &#8211; sei es aus positiver Vertragsverletzung, Verschulden bei Vertragsschlu\u00df, Vers\u00e4umnis etwaiger Nebenpflichten oder unerlaubter Handlung &#8211; ferner auf Wandlung\n                      oder Minderung sind ausgeschlossen.\n                      <br>Mangelhafte Teile, f\u00fcr die Ersatz geleistet ist, werden unser Eigentum. F\u00fcr uns gelieferte fremde Erzeugnisse haften wir nur in dem Umfang, in dem unsere Unterlieferanten Gew\u00e4hr f\u00fcr ihre Fabrikate uns gegen\u00fcber \u00fcbernehmen.\n                      <br> Jegliche Gew\u00e4hrleistung und sonstige Haftung erlischt, sofern der Besteller Nacharbeiten, \u00c4nderungen oder Instandsetzungen vornimmt, ohne uns zuvor Gelegenheit zur Nachbesserung gegeben oder unsere schriftliche Genehmigung eingeholt\n                      zu haben.<\/p>\n                    <h3>Beanstandungen<\/h3>\n                    <p>Beanstandungen wegen Menge und Beschaffenheit der Sendung oder mangelhafte Verpackung k\u00f6nnen nur innerhalb 8 Tagen nach Empfang der Ware ber\u00fccksichtigt werden.<\/p>\n                    <h3>Ersatzlieferung<\/h3>\n                    <p>Ersatzlieferung oder Gutschrift kann erst nach einwandfreier Feststellung der Ersatzpflicht durch genaue Untersuchung im Werk erfolgen. Zu diesem Zweck sind beanstandete Waren, ohne Kosten f\u00fcr uns, einzusenden.\n                      <br> In dringenden Bedarfsf\u00e4llen wird Ersatz gegen Berechnung zum jeweiligen Tagespreis geliefert und nach Feststellung der Ersatzpflicht Gutschrift erteilt.<\/p>\n                    <h3>Urheberrecht<\/h3>\n                    <p>An Abbildungen, Zeichnungen, Mustern oder anderen Unterlagen behalten wir uns das Eigentums- und Urheberrecht vor. Sie d\u00fcrfen ohne unsere Genehmigung Dritten nicht zug\u00e4nglich gemacht werden und sind auf Anforderung sofort zur\u00fcckzugeben.<\/p>\n                    <h3>Erf\u00fcllungsort und Gerichtsstand<\/h3>\n                    <p>Erf\u00fcllungsort ist beiderseits Bad Lauterberg. F\u00fcr alle sich aus dem Vertragsverh\u00e4ltnis ergebenden Rechtsstreitigkeiten ist G\u00f6ttingen Gerichtsstand, sofern der Besteller Kaufmann, eine juristische Person des \u00f6ffentlichen Rechts oder\n                      ein \u00f6ffentlich-rechtliches Sonderverm\u00f6gen ist. Dies gilt auch f\u00fcr Wechsel- und Scheckprozesse. Wir sind auch berechtigt, am Sitz des Bestellers zu klagen.\n                      <br> F\u00fcr Exportlieferungen gilt deutsches Recht und die zum Zeitpunkt der Lieferung geltende Fassung Incoterms.Bad Lauterberg, September 2011<\/p>\n                    <p>\n                      <br>\n                    <\/p>\n                  <\/div>\n                <\/div>\n              <\/div>\n            <\/div>\n          <\/div>\n        <\/div>\n      <\/div>\n      <div data-colibri-id=\"1769-c6\" class=\"h-row-container gutters-row-lg-2 gutters-row-md-2 gutters-row-0 gutters-row-v-lg-2 gutters-row-v-md-2 gutters-row-v-2 style-265 style-local-1769-c6 position-relative\">\n        <!---->\n        <div class=\"h-row justify-content-lg-center justify-content-md-center justify-content-center align-items-lg-stretch align-items-md-stretch align-items-stretch gutters-col-lg-2 gutters-col-md-2 gutters-col-0 gutters-col-v-lg-2 gutters-col-v-md-2 gutters-col-v-2\">\n          <!---->\n          <div class=\"h-column h-column-container d-flex h-col-lg-auto h-col-md-auto h-col-auto style-266-outer style-local-1769-c7-outer\">\n            <div data-colibri-id=\"1769-c7\" class=\"d-flex h-flex-basis h-column__inner h-ui-empty-state-container h-px-lg-2 h-px-md-2 h-px-2 v-inner-lg-2 v-inner-md-2 v-inner-2 style-266 style-local-1769-c7 position-relative\">\n              <!---->\n              <!---->\n              <div class=\"w-100 h-y-container h-column__content h-column__v-align flex-basis-100\">\n                <!---->\n              <\/div>\n            <\/div>\n          <\/div>\n        <\/div>\n      <\/div>\n    <\/div>\n  <\/div>\n<\/div>","protected":false},"excerpt":{"rendered":"<p>Allgemeine Gesch\u00e4ftsbedingungen F\u00fcr s\u00e4mtliche Kauf- und Werklieferungsvertr\u00e4ge gelten allein die nachstehenden Bedingungen als vereinbart. Entgegenstehende Einkaufsbedingungen des Bestellers werden durch die Annahme und Ausf\u00fchrung der Bestellung nicht anerkannt. Wird in besonderen F\u00e4llen von der einen oder anderen Gesch\u00e4ftsbedingung abgewichen, oder kommt eine Bedingung nicht zur Anwendung, so werden dadurch die \u00fcbrigen nicht hinf\u00e4llig. Angebot und [&hellip;]<\/p>\n","protected":false},"author":2,"featured_media":0,"parent":0,"menu_order":0,"comment_status":"closed","ping_status":"closed","template":"page-templates\/full-width-page.php","meta":{"footnotes":""},"class_list":["post-1769","page","type-page","status-publish","hentry"],"yoast_head":"<!-- This site is optimized with the Yoast SEO plugin v27.5 - https:\/\/yoast.com\/product\/yoast-seo-wordpress\/ -->\n<title>AGB - BBL Elektronik &amp; Aeromet GmbH<\/title>\n<meta name=\"description\" content=\"Hier finden Sie die allgemeinen Gesch\u00e4ftsbedinungen der BBL Elektronik &amp; Aeromet GmbH.\" \/>\n<meta name=\"robots\" content=\"noindex, nofollow\" \/>\n<meta property=\"og:locale\" content=\"en_US\" \/>\n<meta property=\"og:type\" content=\"article\" \/>\n<meta property=\"og:title\" content=\"AGB - BBL Elektronik &amp; Aeromet GmbH\" \/>\n<meta property=\"og:description\" content=\"Hier finden Sie die allgemeinen Gesch\u00e4ftsbedinungen der BBL Elektronik &amp; Aeromet GmbH.\" \/>\n<meta property=\"og:url\" content=\"https:\/\/bbl-elektronik.de\/en\/agb\/\" \/>\n<meta property=\"og:site_name\" content=\"BBL Elektronik &amp; Aeromet GmbH\" \/>\n<meta property=\"article:publisher\" content=\"https:\/\/www.facebook.com\/bblAeromet\" \/>\n<meta property=\"article:modified_time\" content=\"2022-09-14T12:10:53+00:00\" \/>\n<meta name=\"twitter:card\" content=\"summary_large_image\" \/>\n<meta name=\"twitter:label1\" content=\"Est. reading time\" \/>\n\t<meta name=\"twitter:data1\" content=\"8 minutes\" \/>\n<script type=\"application\/ld+json\" class=\"yoast-schema-graph\">{\"@context\":\"https:\\\/\\\/schema.org\",\"@graph\":[{\"@type\":\"WebPage\",\"@id\":\"https:\\\/\\\/bbl-elektronik.de\\\/agb\\\/\",\"url\":\"https:\\\/\\\/bbl-elektronik.de\\\/agb\\\/\",\"name\":\"AGB - BBL Elektronik &amp; Aeromet GmbH\",\"isPartOf\":{\"@id\":\"https:\\\/\\\/bbl-elektronik.de\\\/#website\"},\"datePublished\":\"2022-06-07T07:13:47+00:00\",\"dateModified\":\"2022-09-14T12:10:53+00:00\",\"description\":\"Hier finden Sie die allgemeinen Gesch\u00e4ftsbedinungen der BBL Elektronik & Aeromet GmbH.\",\"breadcrumb\":{\"@id\":\"https:\\\/\\\/bbl-elektronik.de\\\/agb\\\/#breadcrumb\"},\"inLanguage\":\"en-US\",\"potentialAction\":[{\"@type\":\"ReadAction\",\"target\":[\"https:\\\/\\\/bbl-elektronik.de\\\/agb\\\/\"]}]},{\"@type\":\"BreadcrumbList\",\"@id\":\"https:\\\/\\\/bbl-elektronik.de\\\/agb\\\/#breadcrumb\",\"itemListElement\":[{\"@type\":\"ListItem\",\"position\":1,\"name\":\"Startseite\",\"item\":\"https:\\\/\\\/bbl-elektronik.de\\\/\"},{\"@type\":\"ListItem\",\"position\":2,\"name\":\"AGB\"}]},{\"@type\":\"WebSite\",\"@id\":\"https:\\\/\\\/bbl-elektronik.de\\\/#website\",\"url\":\"https:\\\/\\\/bbl-elektronik.de\\\/\",\"name\":\"BBL Elektronik &amp; Aeromet GmbH\",\"description\":\"\",\"publisher\":{\"@id\":\"https:\\\/\\\/bbl-elektronik.de\\\/#organization\"},\"potentialAction\":[{\"@type\":\"SearchAction\",\"target\":{\"@type\":\"EntryPoint\",\"urlTemplate\":\"https:\\\/\\\/bbl-elektronik.de\\\/?s={search_term_string}\"},\"query-input\":{\"@type\":\"PropertyValueSpecification\",\"valueRequired\":true,\"valueName\":\"search_term_string\"}}],\"inLanguage\":\"en-US\"},{\"@type\":\"Organization\",\"@id\":\"https:\\\/\\\/bbl-elektronik.de\\\/#organization\",\"name\":\"BBL Elektronik & Aeromet GmbH\",\"url\":\"https:\\\/\\\/bbl-elektronik.de\\\/\",\"logo\":{\"@type\":\"ImageObject\",\"inLanguage\":\"en-US\",\"@id\":\"https:\\\/\\\/bbl-elektronik.de\\\/#\\\/schema\\\/logo\\\/image\\\/\",\"url\":\"https:\\\/\\\/bbl-elektronik.de\\\/wp-content\\\/uploads\\\/2022\\\/05\\\/bbl_logo.png\",\"contentUrl\":\"https:\\\/\\\/bbl-elektronik.de\\\/wp-content\\\/uploads\\\/2022\\\/05\\\/bbl_logo.png\",\"width\":900,\"height\":299,\"caption\":\"BBL Elektronik & Aeromet GmbH\"},\"image\":{\"@id\":\"https:\\\/\\\/bbl-elektronik.de\\\/#\\\/schema\\\/logo\\\/image\\\/\"},\"sameAs\":[\"https:\\\/\\\/www.facebook.com\\\/bblAeromet\"]}]}<\/script>\n<!-- \/ Yoast SEO plugin. -->","yoast_head_json":{"title":"AGB - BBL Elektronik &amp; Aeromet GmbH","description":"Hier finden Sie die allgemeinen Gesch\u00e4ftsbedinungen der BBL Elektronik & Aeromet GmbH.","robots":{"index":"noindex","follow":"nofollow"},"og_locale":"en_US","og_type":"article","og_title":"AGB - BBL Elektronik &amp; Aeromet GmbH","og_description":"Hier finden Sie die allgemeinen Gesch\u00e4ftsbedinungen der BBL Elektronik & Aeromet GmbH.","og_url":"https:\/\/bbl-elektronik.de\/en\/agb\/","og_site_name":"BBL Elektronik &amp; Aeromet GmbH","article_publisher":"https:\/\/www.facebook.com\/bblAeromet","article_modified_time":"2022-09-14T12:10:53+00:00","twitter_card":"summary_large_image","twitter_misc":{"Est. reading time":"8 minutes"},"schema":{"@context":"https:\/\/schema.org","@graph":[{"@type":"WebPage","@id":"https:\/\/bbl-elektronik.de\/agb\/","url":"https:\/\/bbl-elektronik.de\/agb\/","name":"AGB - BBL Elektronik &amp; Aeromet GmbH","isPartOf":{"@id":"https:\/\/bbl-elektronik.de\/#website"},"datePublished":"2022-06-07T07:13:47+00:00","dateModified":"2022-09-14T12:10:53+00:00","description":"Hier finden Sie die allgemeinen Gesch\u00e4ftsbedinungen der BBL Elektronik & Aeromet GmbH.","breadcrumb":{"@id":"https:\/\/bbl-elektronik.de\/agb\/#breadcrumb"},"inLanguage":"en-US","potentialAction":[{"@type":"ReadAction","target":["https:\/\/bbl-elektronik.de\/agb\/"]}]},{"@type":"BreadcrumbList","@id":"https:\/\/bbl-elektronik.de\/agb\/#breadcrumb","itemListElement":[{"@type":"ListItem","position":1,"name":"Startseite","item":"https:\/\/bbl-elektronik.de\/"},{"@type":"ListItem","position":2,"name":"AGB"}]},{"@type":"WebSite","@id":"https:\/\/bbl-elektronik.de\/#website","url":"https:\/\/bbl-elektronik.de\/","name":"BBL Elektronik &amp; Aeromet GmbH","description":"","publisher":{"@id":"https:\/\/bbl-elektronik.de\/#organization"},"potentialAction":[{"@type":"SearchAction","target":{"@type":"EntryPoint","urlTemplate":"https:\/\/bbl-elektronik.de\/?s={search_term_string}"},"query-input":{"@type":"PropertyValueSpecification","valueRequired":true,"valueName":"search_term_string"}}],"inLanguage":"en-US"},{"@type":"Organization","@id":"https:\/\/bbl-elektronik.de\/#organization","name":"BBL Elektronik & Aeromet GmbH","url":"https:\/\/bbl-elektronik.de\/","logo":{"@type":"ImageObject","inLanguage":"en-US","@id":"https:\/\/bbl-elektronik.de\/#\/schema\/logo\/image\/","url":"https:\/\/bbl-elektronik.de\/wp-content\/uploads\/2022\/05\/bbl_logo.png","contentUrl":"https:\/\/bbl-elektronik.de\/wp-content\/uploads\/2022\/05\/bbl_logo.png","width":900,"height":299,"caption":"BBL Elektronik & Aeromet GmbH"},"image":{"@id":"https:\/\/bbl-elektronik.de\/#\/schema\/logo\/image\/"},"sameAs":["https:\/\/www.facebook.com\/bblAeromet"]}]}},"_links":{"self":[{"href":"https:\/\/bbl-elektronik.de\/en\/wp-json\/wp\/v2\/pages\/1769","targetHints":{"allow":["GET"]}}],"collection":[{"href":"https:\/\/bbl-elektronik.de\/en\/wp-json\/wp\/v2\/pages"}],"about":[{"href":"https:\/\/bbl-elektronik.de\/en\/wp-json\/wp\/v2\/types\/page"}],"author":[{"embeddable":true,"href":"https:\/\/bbl-elektronik.de\/en\/wp-json\/wp\/v2\/users\/2"}],"replies":[{"embeddable":true,"href":"https:\/\/bbl-elektronik.de\/en\/wp-json\/wp\/v2\/comments?post=1769"}],"version-history":[{"count":3,"href":"https:\/\/bbl-elektronik.de\/en\/wp-json\/wp\/v2\/pages\/1769\/revisions"}],"predecessor-version":[{"id":2829,"href":"https:\/\/bbl-elektronik.de\/en\/wp-json\/wp\/v2\/pages\/1769\/revisions\/2829"}],"wp:attachment":[{"href":"https:\/\/bbl-elektronik.de\/en\/wp-json\/wp\/v2\/media?parent=1769"}],"curies":[{"name":"wp","href":"https:\/\/api.w.org\/{rel}","templated":true}]}}